{"id":9646,"date":"2023-11-22T11:52:38","date_gmt":"2023-11-22T11:52:38","guid":{"rendered":"https:\/\/soindus.com\/?post_type=product&#038;p=9646"},"modified":"2023-11-27T16:24:16","modified_gmt":"2023-11-27T16:24:16","slug":"mindolife","status":"publish","type":"product","link":"https:\/\/soindus.com\/index.php\/producto\/mindolife\/","title":{"rendered":"MINDOLIFE"},"content":{"rendered":"<section class=\"l-section wpb_row height_custom\"><div class=\"l-section-h i-cf\"><div class=\"g-cols vc_row via_grid cols_1 laptops-cols_inherit tablets-cols_inherit mobiles-cols_1 valign_top type_default stacking_default\"><div class=\"wpb_column vc_column_container\"><div class=\"vc_column-inner\"><div class=\"wpb_text_column\"><div class=\"wpb_wrapper\"><p style=\"text-align: center;\"><strong>\u00bfQu\u00e9 es MindoLife?<\/strong><\/p>\n<p>MindoLife es una soluci\u00f3n IoT (Internet de las Cosas) de inteligencia artificial que podr\u00edas ahorrar entre un 25% y un 50% en la factura de electricidad en todo tipo de infraestructuras y edificaciones y tama\u00f1o de \u00e9stas, con ventajas dif\u00edciles de encontrarlas en el mercado reunidas en un mismo producto:<\/p>\n<ul>\n<li>Soluci\u00f3n completa (software + hardware)<\/li>\n<li>100% inal\u00e1mbrica (no hay cables ni sus costos asociados), y sobre su propia red IoT (no impacta la red Wifi del cliente)<\/li>\n<li>Con inteligencia artificial (evita configuraciones manuales)<\/li>\n<li>Agn\u00f3stica respecto del contexto (puede supervisar cualquier dispositivo, m\u00e1quina, sensor, etc., adem\u00e1s de ahorrar consumo el\u00e9ctrico)<\/li>\n<li>Probablemente la soluci\u00f3n con el precio m\u00e1s bajo del mercado<\/li>\n<\/ul>\n<\/div><\/div><div class=\"w-separator size_medium\"><\/div><div class=\"w-tabs style_default switch_click accordion has_scrolling\" style=\"--sections-title-size:inherit\"><div class=\"w-tabs-sections titles-align_none icon_chevron cpos_right\"><div class=\"w-tabs-section\" id=\"ma4f\"><button class=\"w-tabs-section-header\" aria-controls=\"content-ma4f\" aria-expanded=\"false\"><div class=\"w-tabs-section-title\">Unidad industrial Mindolife<\/div><div class=\"w-tabs-section-control\"><\/div><\/button><div  class=\"w-tabs-section-content\" id=\"content-ma4f\"><div class=\"w-tabs-section-content-h i-cf\"><div class=\"wpb_text_column\"><div class=\"wpb_wrapper\"><p>La unidad base industrial de MindoLife (llamada \u00abGateway\u00bb) es el cerebro que gestiona y controla todos los dispositivos, permitiendo la creaci\u00f3n de la red IoT de seguridad avanzada del sistema al que se conectar\u00e1n los dispositivos.<\/p>\n<p><img decoding=\"async\" class=\"aligncenter size-full wp-image-9642 lazyload\" data-src=\"https:\/\/soindus.com\/wp-content\/uploads\/2023\/11\/desplagable-1-1.png\" alt=\"\" width=\"400\" height=\"250\" src=\"data:image\/svg+xml;base64,PHN2ZyB3aWR0aD0iMSIgaGVpZ2h0PSIxIiB4bWxucz0iaHR0cDovL3d3dy53My5vcmcvMjAwMC9zdmciPjwvc3ZnPg==\" style=\"--smush-placeholder-width: 400px; --smush-placeholder-aspect-ratio: 400\/250;\" \/><\/p>\n<\/div><\/div><\/div><\/div><\/div><div class=\"w-tabs-section\" id=\"ad74\"><button class=\"w-tabs-section-header\" aria-controls=\"content-ad74\" aria-expanded=\"false\"><div class=\"w-tabs-section-title\">Controlador inal\u00e1mbrico industrial<\/div><div class=\"w-tabs-section-control\"><\/div><\/button><div  class=\"w-tabs-section-content\" id=\"content-ad74\"><div class=\"w-tabs-section-content-h i-cf\"><div class=\"wpb_text_column\"><div class=\"wpb_wrapper\"><p>Controlador inal\u00e1mbrico industrial para el control de dispositivos a trav\u00e9s del protocolo Modbus. Habilita el control y la supervisi\u00f3n de todas las funciones disponibles de los dispositivos supervisados. Funciona en 12 Vcc.<\/p>\n<p><img decoding=\"async\" class=\"aligncenter size-full wp-image-9642 lazyload\" data-src=\"https:\/\/soindus.com\/wp-content\/uploads\/2023\/11\/desplegable-2-1.png\" alt=\"\" width=\"400\" height=\"200\" src=\"data:image\/svg+xml;base64,PHN2ZyB3aWR0aD0iMSIgaGVpZ2h0PSIxIiB4bWxucz0iaHR0cDovL3d3dy53My5vcmcvMjAwMC9zdmciPjwvc3ZnPg==\" style=\"--smush-placeholder-width: 400px; --smush-placeholder-aspect-ratio: 400\/200;\" \/><\/p>\n<\/div><\/div><\/div><\/div><\/div><div class=\"w-tabs-section\" id=\"e1bb\"><button class=\"w-tabs-section-header\" aria-controls=\"content-e1bb\" aria-expanded=\"false\"><div class=\"w-tabs-section-title\">Software de la soluci\u00f3n Mindolife<\/div><div class=\"w-tabs-section-control\"><\/div><\/button><div  class=\"w-tabs-section-content\" id=\"content-e1bb\"><div class=\"w-tabs-section-content-h i-cf\"><div class=\"wpb_text_column\"><div class=\"wpb_wrapper\"><p>El software de la soluci\u00f3n MindoLife viene con una interfaz de usuario sumamente intuitiva y f\u00e1cil de aprender y usar. Desde esta interfaz, disponible tambi\u00e9n para tel\u00e9fonos m\u00f3viles inteligentes iOS y Android, los usuarios pueden gestionar edificios y otras infraestructuras a su cargo, con el nivel de detalle y el grado de automatizaci\u00f3n que necesiten.<\/p>\n<p><img decoding=\"async\" class=\"aligncenter size-full wp-image-9643 lazyload\" data-src=\"https:\/\/soindus.com\/wp-content\/uploads\/2023\/11\/desplegable-3.png\" alt=\"\" width=\"700\" height=\"450\" src=\"data:image\/svg+xml;base64,PHN2ZyB3aWR0aD0iMSIgaGVpZ2h0PSIxIiB4bWxucz0iaHR0cDovL3d3dy53My5vcmcvMjAwMC9zdmciPjwvc3ZnPg==\" style=\"--smush-placeholder-width: 700px; --smush-placeholder-aspect-ratio: 700\/450;\" \/><\/p>\n<\/div><\/div><\/div><\/div><\/div><\/div><\/div><\/div><\/div><\/div><\/div><\/section>\n","protected":false},"excerpt":{"rendered":"\u00bfQu\u00e9 es MindoLife? MindoLife es una soluci\u00f3n IoT (Internet de las Cosas) de inteligencia artificial que podr\u00edas ahorrar entre un 25% y un 50% en la factura de electricidad en todo tipo de infraestructuras y edificaciones y tama\u00f1o de \u00e9stas, con ventajas dif\u00edciles de encontrarlas en el mercado reunidas en un mismo producto: Soluci\u00f3n completa...","protected":false},"featured_media":9647,"template":"","meta":{"_acf_changed":false},"product_brand":[],"product_cat":[15],"product_tag":[],"class_list":{"0":"post-9646","1":"product","2":"type-product","3":"status-publish","4":"has-post-thumbnail","6":"product_cat-productos","8":"first","9":"instock","10":"taxable","11":"shipping-taxable","12":"product-type-simple"},"acf":[],"_links":{"self":[{"href":"https:\/\/soindus.com\/index.php\/wp-json\/wp\/v2\/product\/9646","targetHints":{"allow":["GET"]}}],"collection":[{"href":"https:\/\/soindus.com\/index.php\/wp-json\/wp\/v2\/product"}],"about":[{"href":"https:\/\/soindus.com\/index.php\/wp-json\/wp\/v2\/types\/product"}],"wp:featuredmedia":[{"embeddable":true,"href":"https:\/\/soindus.com\/index.php\/wp-json\/wp\/v2\/media\/9647"}],"wp:attachment":[{"href":"https:\/\/soindus.com\/index.php\/wp-json\/wp\/v2\/media?parent=9646"}],"wp:term":[{"taxonomy":"product_brand","embeddable":true,"href":"https:\/\/soindus.com\/index.php\/wp-json\/wp\/v2\/product_brand?post=9646"},{"taxonomy":"product_cat","embeddable":true,"href":"https:\/\/soindus.com\/index.php\/wp-json\/wp\/v2\/product_cat?post=9646"},{"taxonomy":"product_tag","embeddable":true,"href":"https:\/\/soindus.com\/index.php\/wp-json\/wp\/v2\/product_tag?post=9646"}],"curies":[{"name":"wp","href":"https:\/\/api.w.org\/{rel}","templated":true}]}}