{"id":9639,"date":"2023-11-15T18:42:20","date_gmt":"2023-11-15T18:42:20","guid":{"rendered":"https:\/\/soindus.com\/?post_type=product&#038;p=9639"},"modified":"2023-11-15T20:07:08","modified_gmt":"2023-11-15T20:07:08","slug":"flujo-caja","status":"publish","type":"product","link":"https:\/\/soindus.com\/index.php\/producto\/flujo-caja\/","title":{"rendered":"Flujo de Caja"},"content":{"rendered":"<section class=\"l-section wpb_row height_custom\"><div class=\"l-section-h i-cf\"><div class=\"g-cols vc_row via_grid cols_1 laptops-cols_inherit tablets-cols_inherit mobiles-cols_1 valign_top type_default stacking_default\"><div class=\"wpb_column vc_column_container\"><div class=\"vc_column-inner\"><div class=\"wpb_text_column\"><div class=\"wpb_wrapper\"><p style=\"text-align: center;\"><strong>\u00bfQu\u00e9 es el Flujo de Caja?<\/strong><\/p>\n<p style=\"text-align: justify;\">El flujo de caja es un informe financiero en el que se registra el dinero que entra y sale de tu negocio en un periodo de tiempo. El efectivo, fluye en ambas direcciones, por una parte, proviene de los clientes que compran sus productos o servicios y por otro lado, el efectivo sale de tu negocio en forma de pagos de gastos, como arriendo, pagos mensuales de pr\u00e9stamos, impuestos y otros gastos.<br \/>\nEsta informaci\u00f3n est\u00e1 contenida en SAP principalmente en la contabilidad y permite obtener dichos saldos desde las cuentas monetarias para revisar las entradas y salidas de los bancos o cajas (dinero en efectivo), as\u00ed como de las cuentas que representan dinero y que se entiende son de r\u00e1pida liquidaci\u00f3n, como pueden ser dep\u00f3sitos a plazos u otros instrumentos de inversi\u00f3n.<\/p>\n<\/div><\/div><div class=\"w-separator size_medium\"><\/div><div class=\"w-tabs style_default switch_click accordion has_scrolling\" style=\"--sections-title-size:inherit\"><div class=\"w-tabs-sections titles-align_none icon_chevron cpos_right\"><div class=\"w-tabs-section\" id=\"c8df\"><button class=\"w-tabs-section-header\" aria-controls=\"content-c8df\" aria-expanded=\"false\"><div class=\"w-tabs-section-title\">Beneficios esperados<\/div><div class=\"w-tabs-section-control\"><\/div><\/button><div  class=\"w-tabs-section-content\" id=\"content-c8df\"><div class=\"w-tabs-section-content-h i-cf\"><div class=\"wpb_text_column\"><div class=\"wpb_wrapper\"><ul>\n<li>Cuadratura del efectivo.<\/li>\n<li>Visi\u00f3n de corto y largo plazo de los compromisos de cobro y pago<\/li>\n<li>Provisi\u00f3n de fondos o inversiones de manera estad\u00edstica.<\/li>\n<li>Informaci\u00f3n alimentada de manera online.<\/li>\n<li>Una sola plataforma de consulta.<\/li>\n<\/ul>\n<\/div><\/div><\/div><\/div><\/div><div class=\"w-tabs-section\" id=\"se81\"><button class=\"w-tabs-section-header\" aria-controls=\"content-se81\" aria-expanded=\"false\"><div class=\"w-tabs-section-title\">Reportes SAP<\/div><div class=\"w-tabs-section-control\"><\/div><\/button><div  class=\"w-tabs-section-content\" id=\"content-se81\"><div class=\"w-tabs-section-content-h i-cf\"><div class=\"wpb_text_column\"><div class=\"wpb_wrapper\"><ul>\n<li>Dashboard Integrado.<\/li>\n<li>Una sola vista de consulta.<\/li>\n<li>Pesta\u00f1as intercambiables<\/li>\n<li>Resumen de operaciones\n<ul>\n<li>Disponible en la caja y bancos<\/li>\n<li>Resumen de Ingresos y Egresos<\/li>\n<li>Flujo Proyectado Global<\/li>\n<li>L\u00edneas de cr\u00e9dito disponible<\/li>\n<li>Total tarjetas de cr\u00e9dito<\/li>\n<li>Cr\u00e9ditos con Bancos<\/li>\n<\/ul>\n<\/li>\n<\/ul>\n<p><img decoding=\"async\" class=\"aligncenter size-full wp-image-9642 lazyload\" data-src=\"https:\/\/soindus.com\/wp-content\/uploads\/2023\/11\/Reportes-SAP.jpg\" alt=\"\" width=\"700\" height=\"450\" src=\"data:image\/svg+xml;base64,PHN2ZyB3aWR0aD0iMSIgaGVpZ2h0PSIxIiB4bWxucz0iaHR0cDovL3d3dy53My5vcmcvMjAwMC9zdmciPjwvc3ZnPg==\" style=\"--smush-placeholder-width: 700px; --smush-placeholder-aspect-ratio: 700\/450;\" \/><\/p>\n<\/div><\/div><\/div><\/div><\/div><div class=\"w-tabs-section\" id=\"f1ba\"><button class=\"w-tabs-section-header\" aria-controls=\"content-f1ba\" aria-expanded=\"false\"><div class=\"w-tabs-section-title\">Resumen Flujo por conceptos Agrupados<\/div><div class=\"w-tabs-section-control\"><\/div><\/button><div  class=\"w-tabs-section-content\" id=\"content-f1ba\"><div class=\"w-tabs-section-content-h i-cf\"><div class=\"wpb_text_column\"><div class=\"wpb_wrapper\"><ul>\n<li>Una sola vista de consulta.<\/li>\n<li>Resumen de operaciones\n<ul>\n<li>Conceptos parametrizables<\/li>\n<li>Resumen de Ingresos y Egresos<\/li>\n<li>Flujo Proyectado Global (mes, semana o d\u00eda)<\/li>\n<li>Flujos por monedas<\/li>\n<li>Guarda hist\u00f3rico<\/li>\n<\/ul>\n<\/li>\n<\/ul>\n<p><img decoding=\"async\" class=\"aligncenter size-full wp-image-9643 lazyload\" data-src=\"https:\/\/soindus.com\/wp-content\/uploads\/2023\/11\/Resumen-Flujo-por-conceptos-Agrupados.jpg\" alt=\"\" width=\"700\" height=\"450\" src=\"data:image\/svg+xml;base64,PHN2ZyB3aWR0aD0iMSIgaGVpZ2h0PSIxIiB4bWxucz0iaHR0cDovL3d3dy53My5vcmcvMjAwMC9zdmciPjwvc3ZnPg==\" style=\"--smush-placeholder-width: 700px; --smush-placeholder-aspect-ratio: 700\/450;\" \/><\/p>\n<\/div><\/div><\/div><\/div><\/div><div class=\"w-tabs-section\" id=\"s4e8\"><button class=\"w-tabs-section-header\" aria-controls=\"content-s4e8\" aria-expanded=\"false\"><div class=\"w-tabs-section-title\">Resumen Flujo por conceptos Individuales<\/div><div class=\"w-tabs-section-control\"><\/div><\/button><div  class=\"w-tabs-section-content\" id=\"content-s4e8\"><div class=\"w-tabs-section-content-h i-cf\"><div class=\"wpb_text_column\"><div class=\"wpb_wrapper\"><ul>\n<li>Una sola vista de consulta.<\/li>\n<li>Resumen de operaciones\n<ul>\n<li>Detalle de Ingresos y Egresos<\/li>\n<li>Flujo Proyectado Global (mes, semana o d\u00eda)<\/li>\n<li>Flujos por monedas<\/li>\n<li>Guarda Hist\u00f3rico<\/li>\n<li>Navegable hasta el origen.<\/li>\n<li>Trazabilidad<\/li>\n<li>Operaciones estad\u00edsticas<\/li>\n<\/ul>\n<\/li>\n<\/ul>\n<p><img decoding=\"async\" class=\"aligncenter size-full wp-image-9644 lazyload\" data-src=\"https:\/\/soindus.com\/wp-content\/uploads\/2023\/11\/Resumen-Flujo-por-conceptos-Individuales.jpg\" alt=\"\" width=\"700\" height=\"450\" src=\"data:image\/svg+xml;base64,PHN2ZyB3aWR0aD0iMSIgaGVpZ2h0PSIxIiB4bWxucz0iaHR0cDovL3d3dy53My5vcmcvMjAwMC9zdmciPjwvc3ZnPg==\" style=\"--smush-placeholder-width: 700px; --smush-placeholder-aspect-ratio: 700\/450;\" \/><\/p>\n<\/div><\/div><\/div><\/div><\/div><\/div><\/div><\/div><\/div><\/div><\/div><\/section>\n","protected":false},"excerpt":{"rendered":"\u00bfQu\u00e9 es el Flujo de Caja? El flujo de caja es un informe financiero en el que se registra el dinero que entra y sale de tu negocio en un periodo de tiempo. El efectivo, fluye en ambas direcciones, por una parte, proviene de los clientes que compran sus productos o servicios y por otro...","protected":false},"featured_media":9643,"template":"","meta":{"_acf_changed":false},"product_brand":[],"product_cat":[15],"product_tag":[],"class_list":{"0":"post-9639","1":"product","2":"type-product","3":"status-publish","4":"has-post-thumbnail","6":"product_cat-productos","8":"first","9":"instock","10":"taxable","11":"shipping-taxable","12":"product-type-simple"},"acf":[],"_links":{"self":[{"href":"https:\/\/soindus.com\/index.php\/wp-json\/wp\/v2\/product\/9639","targetHints":{"allow":["GET"]}}],"collection":[{"href":"https:\/\/soindus.com\/index.php\/wp-json\/wp\/v2\/product"}],"about":[{"href":"https:\/\/soindus.com\/index.php\/wp-json\/wp\/v2\/types\/product"}],"wp:featuredmedia":[{"embeddable":true,"href":"https:\/\/soindus.com\/index.php\/wp-json\/wp\/v2\/media\/9643"}],"wp:attachment":[{"href":"https:\/\/soindus.com\/index.php\/wp-json\/wp\/v2\/media?parent=9639"}],"wp:term":[{"taxonomy":"product_brand","embeddable":true,"href":"https:\/\/soindus.com\/index.php\/wp-json\/wp\/v2\/product_brand?post=9639"},{"taxonomy":"product_cat","embeddable":true,"href":"https:\/\/soindus.com\/index.php\/wp-json\/wp\/v2\/product_cat?post=9639"},{"taxonomy":"product_tag","embeddable":true,"href":"https:\/\/soindus.com\/index.php\/wp-json\/wp\/v2\/product_tag?post=9639"}],"curies":[{"name":"wp","href":"https:\/\/api.w.org\/{rel}","templated":true}]}}