{"id":9621,"date":"2023-10-16T19:15:49","date_gmt":"2023-10-16T19:15:49","guid":{"rendered":"https:\/\/soindus.com\/?post_type=product&#038;p=9621"},"modified":"2023-11-28T19:32:52","modified_gmt":"2023-11-28T19:32:52","slug":"lenovo-all-in-one-3-r7-5825u-16g-512g-ssd-23-8-fhd-w11p","status":"publish","type":"product","link":"https:\/\/soindus.com\/index.php\/producto\/lenovo-all-in-one-3-r7-5825u-16g-512g-ssd-23-8-fhd-w11p\/","title":{"rendered":"LENOVO ALL IN ONE 3 R7 5825U 16G 512G SSD 23.8 FHD W11P"},"content":{"rendered":"<table>\n<tbody>\n<tr>\n<th colspan=\"2\"><span id=\"ctl00_PlaceHolderMain_pdBottomControl_pdExtSpecControl_ctl00_subHeadingLabel\">Almacenamiento<\/span><\/th>\n<\/tr>\n<tr>\n<td class=\"attribute\">Tipo de Unidad \u00d3ptica:<\/td>\n<td>Grabadora DVD<a id=\"ctl00_PlaceHolderMain_pdBottomControl_pdExtSpecControl_ctl00_dataRepeater_ctl00_attrValueLink\" target=\"_blank\" rel=\"noopener\"><\/a><\/td>\n<\/tr>\n<tr>\n<td class=\"attribute\">Compatibilidad con medio \u00f3ptico:<\/td>\n<td>DVD\u00b1R\/\u00b1RW<a id=\"ctl00_PlaceHolderMain_pdBottomControl_pdExtSpecControl_ctl00_dataRepeater_ctl01_attrValueLink\" target=\"_blank\" rel=\"noopener\"><\/a><\/td>\n<\/tr>\n<tr>\n<td class=\"attribute\">Interfaz de Unidad de Estado S\u00f3lido:<\/td>\n<td>PCI Express NVMe 4.0 x4<a id=\"ctl00_PlaceHolderMain_pdBottomControl_pdExtSpecControl_ctl00_dataRepeater_ctl02_attrValueLink\" target=\"_blank\" rel=\"noopener\"><\/a><\/td>\n<\/tr>\n<tr>\n<td class=\"attribute\">Capacidad Total de la Unidad de Estado S\u00f3lido (SSD):<\/td>\n<td>512GB<a id=\"ctl00_PlaceHolderMain_pdBottomControl_pdExtSpecControl_ctl00_dataRepeater_ctl03_attrValueLink\" target=\"_blank\" rel=\"noopener\"><\/a><\/td>\n<\/tr>\n<tr>\n<td class=\"attribute\">Factor de forma de SSD:<\/td>\n<td>M.2<a id=\"ctl00_PlaceHolderMain_pdBottomControl_pdExtSpecControl_ctl00_dataRepeater_ctl04_attrValueLink\" target=\"_blank\" rel=\"noopener\"><\/a><\/td>\n<\/tr>\n<\/tbody>\n<\/table>\n<table>\n<tbody>\n<tr>\n<th colspan=\"2\"><span id=\"ctl00_PlaceHolderMain_pdBottomControl_pdExtSpecControl_ctl01_subHeadingLabel\">Basic<\/span><\/th>\n<\/tr>\n<tr>\n<td class=\"attribute\">Tipo de Producto:<\/td>\n<td>Computador Todo en Uno<a id=\"ctl00_PlaceHolderMain_pdBottomControl_pdExtSpecControl_ctl01_dataRepeater_ctl00_attrValueLink\" target=\"_blank\" rel=\"noopener\"><\/a><\/td>\n<\/tr>\n<tr>\n<td class=\"attribute\">Resoluci\u00f3n de la Pantalla:<\/td>\n<td>1920 x 1080<a id=\"ctl00_PlaceHolderMain_pdBottomControl_pdExtSpecControl_ctl01_dataRepeater_ctl01_attrValueLink\" target=\"_blank\" rel=\"noopener\"><\/a><\/td>\n<\/tr>\n<tr>\n<td class=\"attribute\">Memoria Est\u00e1ndar:<\/td>\n<td>16GB<a id=\"ctl00_PlaceHolderMain_pdBottomControl_pdExtSpecControl_ctl01_dataRepeater_ctl02_attrValueLink\" target=\"_blank\" rel=\"noopener\"><\/a><\/td>\n<\/tr>\n<tr>\n<td class=\"attribute\">Sistema Operativo:<\/td>\n<td>Windows 11 Pro<a id=\"ctl00_PlaceHolderMain_pdBottomControl_pdExtSpecControl_ctl01_dataRepeater_ctl03_attrValueLink\" target=\"_blank\" rel=\"noopener\"><\/a><\/td>\n<\/tr>\n<tr>\n<td class=\"attribute\">Chipset:<\/td>\n<td>AMD<a id=\"ctl00_PlaceHolderMain_pdBottomControl_pdExtSpecControl_ctl01_dataRepeater_ctl04_attrValueLink\" target=\"_blank\" rel=\"noopener\"><\/a><\/td>\n<\/tr>\n<tr>\n<td class=\"attribute\">Formato:<\/td>\n<td>De Escritorio<a id=\"ctl00_PlaceHolderMain_pdBottomControl_pdExtSpecControl_ctl01_dataRepeater_ctl05_attrValueLink\" target=\"_blank\" rel=\"noopener\"><\/a><\/td>\n<\/tr>\n<tr>\n<td class=\"attribute\">Velocidad de Procesador:<\/td>\n<td>2GHz<a id=\"ctl00_PlaceHolderMain_pdBottomControl_pdExtSpecControl_ctl01_dataRepeater_ctl06_attrValueLink\" target=\"_blank\" rel=\"noopener\"><\/a><\/td>\n<\/tr>\n<tr>\n<td class=\"attribute\">Tipo de Procesador:<\/td>\n<td>Ryzen 7<a id=\"ctl00_PlaceHolderMain_pdBottomControl_pdExtSpecControl_ctl01_dataRepeater_ctl07_attrValueLink\" target=\"_blank\" rel=\"noopener\"><\/a><\/td>\n<\/tr>\n<tr>\n<td class=\"attribute\">Tama\u00f1o de Pantalla:<\/td>\n<td>60.5cm (23.8&#8243;)<a id=\"ctl00_PlaceHolderMain_pdBottomControl_pdExtSpecControl_ctl01_dataRepeater_ctl08_attrValueLink\" target=\"_blank\" rel=\"noopener\"><\/a><\/td>\n<\/tr>\n<tr>\n<td class=\"attribute\">Nombre de Marca:<\/td>\n<td>Lenovo<a id=\"ctl00_PlaceHolderMain_pdBottomControl_pdExtSpecControl_ctl01_dataRepeater_ctl09_attrValueLink\" target=\"_blank\" rel=\"noopener\"><\/a><\/td>\n<\/tr>\n<tr>\n<td class=\"attribute\">Modelo de Procesador:<\/td>\n<td>5825U<a id=\"ctl00_PlaceHolderMain_pdBottomControl_pdExtSpecControl_ctl01_dataRepeater_ctl10_attrValueLink\" target=\"_blank\" rel=\"noopener\"><\/a><\/td>\n<\/tr>\n<tr>\n<td class=\"attribute\">N\u00facleo del Procesador:<\/td>\n<td>Octa-Core (8 n\u00facleos)<a id=\"ctl00_PlaceHolderMain_pdBottomControl_pdExtSpecControl_ctl01_dataRepeater_ctl11_attrValueLink\" target=\"_blank\" rel=\"noopener\"><\/a><\/td>\n<\/tr>\n<tr>\n<td class=\"attribute\">Respetuoso del medio ambiente:<\/td>\n<td>S\u00ed<a id=\"ctl00_PlaceHolderMain_pdBottomControl_pdExtSpecControl_ctl01_dataRepeater_ctl12_attrValueLink\" target=\"_blank\" rel=\"noopener\"><\/a><\/td>\n<\/tr>\n<tr>\n<td class=\"attribute\">Pantalla T\u00e1ctil:<\/td>\n<td>No<a id=\"ctl00_PlaceHolderMain_pdBottomControl_pdExtSpecControl_ctl01_dataRepeater_ctl13_attrValueLink\" target=\"_blank\" rel=\"noopener\"><\/a><\/td>\n<\/tr>\n<tr>\n<td class=\"attribute\">Fabricante de Procesador:<\/td>\n<td>AMD<a id=\"ctl00_PlaceHolderMain_pdBottomControl_pdExtSpecControl_ctl01_dataRepeater_ctl14_attrValueLink\" target=\"_blank\" rel=\"noopener\"><\/a><\/td>\n<\/tr>\n<tr>\n<td class=\"attribute\">Fabricante de Controlador Gr\u00e1fico:<\/td>\n<td>AMD<a id=\"ctl00_PlaceHolderMain_pdBottomControl_pdExtSpecControl_ctl01_dataRepeater_ctl15_attrValueLink\" target=\"_blank\" rel=\"noopener\"><\/a><\/td>\n<\/tr>\n<tr>\n<td class=\"attribute\">Modelo de Controlador de Gr\u00e1ficos:<\/td>\n<td>Radeon Graphics<a id=\"ctl00_PlaceHolderMain_pdBottomControl_pdExtSpecControl_ctl01_dataRepeater_ctl16_attrValueLink\" target=\"_blank\" rel=\"noopener\"><\/a><\/td>\n<\/tr>\n<tr>\n<td class=\"attribute\">Tipo de Unidad \u00d3ptica:<\/td>\n<td>Grabadora DVD<a id=\"ctl00_PlaceHolderMain_pdBottomControl_pdExtSpecControl_ctl01_dataRepeater_ctl17_attrValueLink\" target=\"_blank\" rel=\"noopener\"><\/a><\/td>\n<\/tr>\n<tr>\n<td class=\"attribute\">Tecnolog\u00eda de Memoria de Gr\u00e1ficos:<\/td>\n<td>DDR4 SDRAM<a id=\"ctl00_PlaceHolderMain_pdBottomControl_pdExtSpecControl_ctl01_dataRepeater_ctl18_attrValueLink\" target=\"_blank\" rel=\"noopener\"><\/a><\/td>\n<\/tr>\n<tr>\n<td class=\"attribute\">Accesibilidad de Memoria Gr\u00e1fica:<\/td>\n<td>Compartido<a id=\"ctl00_PlaceHolderMain_pdBottomControl_pdExtSpecControl_ctl01_dataRepeater_ctl19_attrValueLink\" target=\"_blank\" rel=\"noopener\"><\/a><\/td>\n<\/tr>\n<tr>\n<td class=\"attribute\">Est\u00e1dar LAN sin Cable:<\/td>\n<td>IEEE 802.11ax<a id=\"ctl00_PlaceHolderMain_pdBottomControl_pdExtSpecControl_ctl01_dataRepeater_ctl20_attrValueLink\" target=\"_blank\" rel=\"noopener\"><\/a><\/td>\n<\/tr>\n<tr>\n<td class=\"attribute\">C\u00e1mara Web:<\/td>\n<td>S\u00ed<a id=\"ctl00_PlaceHolderMain_pdBottomControl_pdExtSpecControl_ctl01_dataRepeater_ctl21_attrValueLink\" target=\"_blank\" rel=\"noopener\"><\/a><\/td>\n<\/tr>\n<tr>\n<td class=\"attribute\">Potencia m\u00e1xima de alimentaci\u00f3n:<\/td>\n<td>90W<a id=\"ctl00_PlaceHolderMain_pdBottomControl_pdExtSpecControl_ctl01_dataRepeater_ctl22_attrValueLink\" target=\"_blank\" rel=\"noopener\"><\/a><\/td>\n<\/tr>\n<tr>\n<td class=\"attribute\">Familia de producto:<\/td>\n<td>IdeaCentre 3 24ALC6<a id=\"ctl00_PlaceHolderMain_pdBottomControl_pdExtSpecControl_ctl01_dataRepeater_ctl23_attrValueLink\" target=\"_blank\" rel=\"noopener\"><\/a><\/td>\n<\/tr>\n<tr>\n<td class=\"attribute\">N\u00famero total de puertos USB:<\/td>\n<td>4<a id=\"ctl00_PlaceHolderMain_pdBottomControl_pdExtSpecControl_ctl01_dataRepeater_ctl24_attrValueLink\" target=\"_blank\" rel=\"noopener\"><\/a><\/td>\n<\/tr>\n<tr>\n<td class=\"attribute\">Capacidad Total de la Unidad de Estado S\u00f3lido (SSD):<\/td>\n<td>512GB<a id=\"ctl00_PlaceHolderMain_pdBottomControl_pdExtSpecControl_ctl01_dataRepeater_ctl25_attrValueLink\" target=\"_blank\" rel=\"noopener\"><\/a><\/td>\n<\/tr>\n<tr>\n<td class=\"attribute\">Plataforma del sistema operativo:<\/td>\n<td>Windows<a id=\"ctl00_PlaceHolderMain_pdBottomControl_pdExtSpecControl_ctl01_dataRepeater_ctl26_attrValueLink\" target=\"_blank\" rel=\"noopener\"><\/a><\/td>\n<\/tr>\n<tr>\n<td class=\"attribute\">Localizaci\u00f3n de Teclado:<\/td>\n<td>Espa\u00f1ol<a id=\"ctl00_PlaceHolderMain_pdBottomControl_pdExtSpecControl_ctl01_dataRepeater_ctl27_attrValueLink\" target=\"_blank\" rel=\"noopener\"><\/a><\/td>\n<\/tr>\n<tr>\n<td class=\"attribute\">Idioma del Sistema Operativo:<\/td>\n<td>Espa\u00f1ol<a id=\"ctl00_PlaceHolderMain_pdBottomControl_pdExtSpecControl_ctl01_dataRepeater_ctl28_attrValueLink\" target=\"_blank\" rel=\"noopener\"><\/a><\/td>\n<\/tr>\n<tr>\n<td class=\"attribute\">Energy Star:<\/td>\n<td>S\u00ed<a id=\"ctl00_PlaceHolderMain_pdBottomControl_pdExtSpecControl_ctl01_dataRepeater_ctl29_attrValueLink\" target=\"_blank\" rel=\"noopener\"><\/a><\/td>\n<\/tr>\n<tr>\n<td class=\"attribute\">Duraci\u00f3n de la garant\u00eda limitada:<\/td>\n<td>1A\u00f1o(s)<a id=\"ctl00_PlaceHolderMain_pdBottomControl_pdExtSpecControl_ctl01_dataRepeater_ctl30_attrValueLink\" target=\"_blank\" rel=\"noopener\"><\/a><\/td>\n<\/tr>\n<tr>\n<td class=\"attribute\">Color del producto:<\/td>\n<td>Negro<a id=\"ctl00_PlaceHolderMain_pdBottomControl_pdExtSpecControl_ctl01_dataRepeater_ctl31_attrValueLink\" target=\"_blank\" rel=\"noopener\"><\/a><\/td>\n<\/tr>\n<\/tbody>\n<\/table>\n<table>\n<tbody>\n<tr>\n<th colspan=\"2\"><span id=\"ctl00_PlaceHolderMain_pdBottomControl_pdExtSpecControl_ctl02_subHeadingLabel\">Caracter\u00edsticas F\u00edsicas<\/span><\/th>\n<\/tr>\n<tr>\n<td class=\"attribute\">Peso (Aproximado):<\/td>\n<td>6.81kg<a id=\"ctl00_PlaceHolderMain_pdBottomControl_pdExtSpecControl_ctl02_dataRepeater_ctl00_attrValueLink\" target=\"_blank\" rel=\"noopener\"><\/a><\/td>\n<\/tr>\n<tr>\n<td class=\"attribute\">Formato:<\/td>\n<td>De Escritorio<a id=\"ctl00_PlaceHolderMain_pdBottomControl_pdExtSpecControl_ctl02_dataRepeater_ctl01_attrValueLink\" target=\"_blank\" rel=\"noopener\"><\/a><\/td>\n<\/tr>\n<tr>\n<td class=\"attribute\">Altura:<\/td>\n<td>433.6mm<a id=\"ctl00_PlaceHolderMain_pdBottomControl_pdExtSpecControl_ctl02_dataRepeater_ctl02_attrValueLink\" target=\"_blank\" rel=\"noopener\"><\/a><\/td>\n<\/tr>\n<tr>\n<td class=\"attribute\">Anchura:<\/td>\n<td>541mm<a id=\"ctl00_PlaceHolderMain_pdBottomControl_pdExtSpecControl_ctl02_dataRepeater_ctl03_attrValueLink\" target=\"_blank\" rel=\"noopener\"><\/a><\/td>\n<\/tr>\n<tr>\n<td class=\"attribute\">Profundidad:<\/td>\n<td>185.4mm<a id=\"ctl00_PlaceHolderMain_pdBottomControl_pdExtSpecControl_ctl02_dataRepeater_ctl04_attrValueLink\" target=\"_blank\" rel=\"noopener\"><\/a><\/td>\n<\/tr>\n<tr>\n<td class=\"attribute\">Color del producto:<\/td>\n<td>Negro<a id=\"ctl00_PlaceHolderMain_pdBottomControl_pdExtSpecControl_ctl02_dataRepeater_ctl05_attrValueLink\" target=\"_blank\" rel=\"noopener\"><\/a><\/td>\n<\/tr>\n<\/tbody>\n<\/table>\n<table>\n<tbody>\n<tr>\n<th colspan=\"2\"><span id=\"ctl00_PlaceHolderMain_pdBottomControl_pdExtSpecControl_ctl03_subHeadingLabel\">Chipset<\/span><\/th>\n<\/tr>\n<tr>\n<td class=\"attribute\">Fabricante de Chipset:<\/td>\n<td>AMD<a id=\"ctl00_PlaceHolderMain_pdBottomControl_pdExtSpecControl_ctl03_dataRepeater_ctl00_attrValueLink\" target=\"_blank\" rel=\"noopener\"><\/a><\/td>\n<\/tr>\n<\/tbody>\n<\/table>\n<table>\n<tbody>\n<tr>\n<th colspan=\"2\"><span id=\"ctl00_PlaceHolderMain_pdBottomControl_pdExtSpecControl_ctl04_subHeadingLabel\">Descripci\u00f3n de la Alimentaci\u00f3n<\/span><\/th>\n<\/tr>\n<tr>\n<td class=\"attribute\">Potencia m\u00e1xima de alimentaci\u00f3n:<\/td>\n<td>90W<a id=\"ctl00_PlaceHolderMain_pdBottomControl_pdExtSpecControl_ctl04_dataRepeater_ctl00_attrValueLink\" target=\"_blank\" rel=\"noopener\"><\/a><\/td>\n<\/tr>\n<\/tbody>\n<\/table>\n<table>\n<tbody>\n<tr>\n<th colspan=\"2\"><span id=\"ctl00_PlaceHolderMain_pdBottomControl_pdExtSpecControl_ctl05_subHeadingLabel\">Dispositivos Incorporados<\/span><\/th>\n<\/tr>\n<tr>\n<td class=\"attribute\">C\u00e1mara Web:<\/td>\n<td>S\u00ed<a id=\"ctl00_PlaceHolderMain_pdBottomControl_pdExtSpecControl_ctl05_dataRepeater_ctl00_attrValueLink\" target=\"_blank\" rel=\"noopener\"><\/a><\/td>\n<\/tr>\n<\/tbody>\n<\/table>\n<table>\n<tbody>\n<tr>\n<th colspan=\"2\"><span id=\"ctl00_PlaceHolderMain_pdBottomControl_pdExtSpecControl_ctl06_subHeadingLabel\">Dispositivos de Entrada<\/span><\/th>\n<\/tr>\n<tr>\n<td class=\"attribute\">Localizaci\u00f3n de Teclado:<\/td>\n<td>Espa\u00f1ol<a id=\"ctl00_PlaceHolderMain_pdBottomControl_pdExtSpecControl_ctl06_dataRepeater_ctl00_attrValueLink\" target=\"_blank\" rel=\"noopener\"><\/a><\/td>\n<\/tr>\n<\/tbody>\n<\/table>\n<table>\n<tbody>\n<tr>\n<th colspan=\"2\"><span id=\"ctl00_PlaceHolderMain_pdBottomControl_pdExtSpecControl_ctl07_subHeadingLabel\">Informaci\u00f3n General<\/span><\/th>\n<\/tr>\n<tr>\n<td class=\"attribute\">Tipo de Producto:<\/td>\n<td>Computador Todo en Uno<a id=\"ctl00_PlaceHolderMain_pdBottomControl_pdExtSpecControl_ctl07_dataRepeater_ctl00_attrValueLink\" target=\"_blank\" rel=\"noopener\"><\/a><\/td>\n<\/tr>\n<tr>\n<td class=\"attribute\">C\u00f3digo de Fabricante:<\/td>\n<td>F0G100V2CL<a id=\"ctl00_PlaceHolderMain_pdBottomControl_pdExtSpecControl_ctl07_dataRepeater_ctl01_attrValueLink\" target=\"_blank\" rel=\"noopener\"><\/a><\/td>\n<\/tr>\n<tr>\n<td class=\"attribute\">Direcci\u00f3n Web de Fabricante:<\/td>\n<td><a id=\"ctl00_PlaceHolderMain_pdBottomControl_pdExtSpecControl_ctl07_dataRepeater_ctl02_attrValueLink\" href=\"http:\/\/www.lenovo.com\/\" target=\"_blank\" rel=\"noopener\">http:\/\/www.lenovo.com<\/a><\/td>\n<\/tr>\n<tr>\n<td class=\"attribute\">Fabricante:<\/td>\n<td>Lenovo Group Limited<a id=\"ctl00_PlaceHolderMain_pdBottomControl_pdExtSpecControl_ctl07_dataRepeater_ctl03_attrValueLink\" target=\"_blank\" rel=\"noopener\"><\/a><\/td>\n<\/tr>\n<tr>\n<td class=\"attribute\">Modelo de Producto:<\/td>\n<td>F0G100V2CL<a id=\"ctl00_PlaceHolderMain_pdBottomControl_pdExtSpecControl_ctl07_dataRepeater_ctl04_attrValueLink\" target=\"_blank\" rel=\"noopener\"><\/a><\/td>\n<\/tr>\n<tr>\n<td class=\"attribute\">Nombre de Producto:<\/td>\n<td>Computador Todo en Uno IdeaCentre F0G100V2CL<a id=\"ctl00_PlaceHolderMain_pdBottomControl_pdExtSpecControl_ctl07_dataRepeater_ctl05_attrValueLink\" target=\"_blank\" rel=\"noopener\"><\/a><\/td>\n<\/tr>\n<tr>\n<td class=\"attribute\">L\u00ednea de Producto:<\/td>\n<td>IdeaCentre<a id=\"ctl00_PlaceHolderMain_pdBottomControl_pdExtSpecControl_ctl07_dataRepeater_ctl06_attrValueLink\" target=\"_blank\" rel=\"noopener\"><\/a><\/td>\n<\/tr>\n<tr>\n<td class=\"attribute\">Gama de Producto:<\/td>\n<td>3 24ALC6<a id=\"ctl00_PlaceHolderMain_pdBottomControl_pdExtSpecControl_ctl07_dataRepeater_ctl07_attrValueLink\" target=\"_blank\" rel=\"noopener\"><\/a><\/td>\n<\/tr>\n<tr>\n<td class=\"attribute\">Nombre de Marca:<\/td>\n<td>Lenovo<a id=\"ctl00_PlaceHolderMain_pdBottomControl_pdExtSpecControl_ctl07_dataRepeater_ctl08_attrValueLink\" target=\"_blank\" rel=\"noopener\"><\/a><\/td>\n<\/tr>\n<\/tbody>\n<\/table>\n<table>\n<tbody>\n<tr>\n<th colspan=\"2\"><span id=\"ctl00_PlaceHolderMain_pdBottomControl_pdExtSpecControl_ctl08_subHeadingLabel\">Interfaces\/Puertos<\/span><\/th>\n<\/tr>\n<tr>\n<td class=\"attribute\">N\u00famero total de puertos USB:<\/td>\n<td>4<a id=\"ctl00_PlaceHolderMain_pdBottomControl_pdExtSpecControl_ctl08_dataRepeater_ctl00_attrValueLink\" target=\"_blank\" rel=\"noopener\"><\/a><\/td>\n<\/tr>\n<tr>\n<td class=\"attribute\">N\u00famero de puertos Ethernet:<\/td>\n<td>1<a id=\"ctl00_PlaceHolderMain_pdBottomControl_pdExtSpecControl_ctl08_dataRepeater_ctl01_attrValueLink\" target=\"_blank\" rel=\"noopener\"><\/a><\/td>\n<\/tr>\n<tr>\n<td class=\"attribute\">HDMI (trasero):<\/td>\n<td>S\u00ed<a id=\"ctl00_PlaceHolderMain_pdBottomControl_pdExtSpecControl_ctl08_dataRepeater_ctl02_attrValueLink\" target=\"_blank\" rel=\"noopener\"><\/a><\/td>\n<\/tr>\n<tr>\n<td class=\"attribute\">N\u00famero de puertos USB 2.0 (traseros):<\/td>\n<td>2<a id=\"ctl00_PlaceHolderMain_pdBottomControl_pdExtSpecControl_ctl08_dataRepeater_ctl03_attrValueLink\" target=\"_blank\" rel=\"noopener\"><\/a><\/td>\n<\/tr>\n<\/tbody>\n<\/table>\n<table>\n<tbody>\n<tr>\n<th colspan=\"2\"><span id=\"ctl00_PlaceHolderMain_pdBottomControl_pdExtSpecControl_ctl09_subHeadingLabel\">Memoria<\/span><\/th>\n<\/tr>\n<tr>\n<td class=\"attribute\">Memoria m\u00e1xima admitida:<\/td>\n<td>16GB<a id=\"ctl00_PlaceHolderMain_pdBottomControl_pdExtSpecControl_ctl09_dataRepeater_ctl00_attrValueLink\" target=\"_blank\" rel=\"noopener\"><\/a><\/td>\n<\/tr>\n<tr>\n<td class=\"attribute\">Memoria Est\u00e1ndar:<\/td>\n<td>16GB<a id=\"ctl00_PlaceHolderMain_pdBottomControl_pdExtSpecControl_ctl09_dataRepeater_ctl01_attrValueLink\" target=\"_blank\" rel=\"noopener\"><\/a><\/td>\n<\/tr>\n<tr>\n<td class=\"attribute\">Tecnolog\u00eda de la Memoria:<\/td>\n<td>DDR4 SDRAM<a id=\"ctl00_PlaceHolderMain_pdBottomControl_pdExtSpecControl_ctl09_dataRepeater_ctl02_attrValueLink\" target=\"_blank\" rel=\"noopener\"><\/a><\/td>\n<\/tr>\n<tr>\n<td class=\"attribute\">N\u00famero de Ranuras de Memoria (Total):<\/td>\n<td>2.0<a id=\"ctl00_PlaceHolderMain_pdBottomControl_pdExtSpecControl_ctl09_dataRepeater_ctl03_attrValueLink\" target=\"_blank\" rel=\"noopener\"><\/a><\/td>\n<\/tr>\n<tr>\n<td class=\"attribute\">N\u00famero de ranuras de memoria ocupadas:<\/td>\n<td>2.0<a id=\"ctl00_PlaceHolderMain_pdBottomControl_pdExtSpecControl_ctl09_dataRepeater_ctl04_attrValueLink\" target=\"_blank\" rel=\"noopener\"><\/a><\/td>\n<\/tr>\n<tr>\n<td class=\"attribute\">Configuraci\u00f3n de memoria:<\/td>\n<td>2 x 8GB<a id=\"ctl00_PlaceHolderMain_pdBottomControl_pdExtSpecControl_ctl09_dataRepeater_ctl05_attrValueLink\" target=\"_blank\" rel=\"noopener\"><\/a><\/td>\n<\/tr>\n<\/tbody>\n<\/table>\n<table>\n<tbody>\n<tr>\n<th colspan=\"2\"><span id=\"ctl00_PlaceHolderMain_pdBottomControl_pdExtSpecControl_ctl10_subHeadingLabel\">Pantalla y gr\u00e1ficos<\/span><\/th>\n<\/tr>\n<tr>\n<td class=\"attribute\">Resoluci\u00f3n de la Pantalla:<\/td>\n<td>1920 x 1080<a id=\"ctl00_PlaceHolderMain_pdBottomControl_pdExtSpecControl_ctl10_dataRepeater_ctl00_attrValueLink\" target=\"_blank\" rel=\"noopener\"><\/a><\/td>\n<\/tr>\n<tr>\n<td class=\"attribute\">Tama\u00f1o de Pantalla:<\/td>\n<td>60.5cm (23.8&#8243;)<a id=\"ctl00_PlaceHolderMain_pdBottomControl_pdExtSpecControl_ctl10_dataRepeater_ctl01_attrValueLink\" target=\"_blank\" rel=\"noopener\"><\/a><\/td>\n<\/tr>\n<tr>\n<td class=\"attribute\">Modo de Pantalla:<\/td>\n<td>Full HD<a id=\"ctl00_PlaceHolderMain_pdBottomControl_pdExtSpecControl_ctl10_dataRepeater_ctl02_attrValueLink\" target=\"_blank\" rel=\"noopener\"><\/a><\/td>\n<\/tr>\n<tr>\n<td class=\"attribute\">Pantalla T\u00e1ctil:<\/td>\n<td>No<a id=\"ctl00_PlaceHolderMain_pdBottomControl_pdExtSpecControl_ctl10_dataRepeater_ctl03_attrValueLink\" target=\"_blank\" rel=\"noopener\"><\/a><\/td>\n<\/tr>\n<tr>\n<td class=\"attribute\">Fabricante de Controlador Gr\u00e1fico:<\/td>\n<td>AMD<a id=\"ctl00_PlaceHolderMain_pdBottomControl_pdExtSpecControl_ctl10_dataRepeater_ctl04_attrValueLink\" target=\"_blank\" rel=\"noopener\"><\/a><\/td>\n<\/tr>\n<tr>\n<td class=\"attribute\">Modelo de Controlador de Gr\u00e1ficos:<\/td>\n<td>Radeon Graphics<a id=\"ctl00_PlaceHolderMain_pdBottomControl_pdExtSpecControl_ctl10_dataRepeater_ctl05_attrValueLink\" target=\"_blank\" rel=\"noopener\"><\/a><\/td>\n<\/tr>\n<tr>\n<td class=\"attribute\">Tecnolog\u00eda de Memoria de Gr\u00e1ficos:<\/td>\n<td>DDR4 SDRAM<a id=\"ctl00_PlaceHolderMain_pdBottomControl_pdExtSpecControl_ctl10_dataRepeater_ctl06_attrValueLink\" target=\"_blank\" rel=\"noopener\"><\/a><\/td>\n<\/tr>\n<tr>\n<td class=\"attribute\">Accesibilidad de Memoria Gr\u00e1fica:<\/td>\n<td>Compartido<a id=\"ctl00_PlaceHolderMain_pdBottomControl_pdExtSpecControl_ctl10_dataRepeater_ctl07_attrValueLink\" target=\"_blank\" rel=\"noopener\"><\/a><\/td>\n<\/tr>\n<\/tbody>\n<\/table>\n<table>\n<tbody>\n<tr>\n<th colspan=\"2\"><span id=\"ctl00_PlaceHolderMain_pdBottomControl_pdExtSpecControl_ctl11_subHeadingLabel\">Procesador<\/span><\/th>\n<\/tr>\n<tr>\n<td class=\"attribute\">Velocidad de Procesador:<\/td>\n<td>2GHz<a id=\"ctl00_PlaceHolderMain_pdBottomControl_pdExtSpecControl_ctl11_dataRepeater_ctl00_attrValueLink\" target=\"_blank\" rel=\"noopener\"><\/a><\/td>\n<\/tr>\n<tr>\n<td class=\"attribute\">Tipo de Procesador:<\/td>\n<td>Ryzen 7<a id=\"ctl00_PlaceHolderMain_pdBottomControl_pdExtSpecControl_ctl11_dataRepeater_ctl01_attrValueLink\" target=\"_blank\" rel=\"noopener\"><\/a><\/td>\n<\/tr>\n<tr>\n<td class=\"attribute\">Modelo de Procesador:<\/td>\n<td>5825U<a id=\"ctl00_PlaceHolderMain_pdBottomControl_pdExtSpecControl_ctl11_dataRepeater_ctl02_attrValueLink\" target=\"_blank\" rel=\"noopener\"><\/a><\/td>\n<\/tr>\n<tr>\n<td class=\"attribute\">N\u00facleo del Procesador:<\/td>\n<td>Octa-Core (8 n\u00facleos)<a id=\"ctl00_PlaceHolderMain_pdBottomControl_pdExtSpecControl_ctl11_dataRepeater_ctl03_attrValueLink\" target=\"_blank\" rel=\"noopener\"><\/a><\/td>\n<\/tr>\n<tr>\n<td class=\"attribute\">Fabricante de Procesador:<\/td>\n<td>AMD<a id=\"ctl00_PlaceHolderMain_pdBottomControl_pdExtSpecControl_ctl11_dataRepeater_ctl04_attrValueLink\" target=\"_blank\" rel=\"noopener\"><\/a><\/td>\n<\/tr>\n<tr>\n<td class=\"attribute\">Velocidad Turbo M\u00e1xima:<\/td>\n<td>4.50GHz<a id=\"ctl00_PlaceHolderMain_pdBottomControl_pdExtSpecControl_ctl11_dataRepeater_ctl05_attrValueLink\" target=\"_blank\" rel=\"noopener\"><\/a><\/td>\n<\/tr>\n<\/tbody>\n<\/table>\n<table>\n<tbody>\n<tr>\n<th colspan=\"2\"><span id=\"ctl00_PlaceHolderMain_pdBottomControl_pdExtSpecControl_ctl12_subHeadingLabel\">Redes y Comunicaciones<\/span><\/th>\n<\/tr>\n<tr>\n<td class=\"attribute\">Bluetooth:<\/td>\n<td>S\u00ed<a id=\"ctl00_PlaceHolderMain_pdBottomControl_pdExtSpecControl_ctl12_dataRepeater_ctl00_attrValueLink\" target=\"_blank\" rel=\"noopener\"><\/a><\/td>\n<\/tr>\n<tr>\n<td class=\"attribute\">LAN inal\u00e1mbrica:<\/td>\n<td>S\u00ed<a id=\"ctl00_PlaceHolderMain_pdBottomControl_pdExtSpecControl_ctl12_dataRepeater_ctl01_attrValueLink\" target=\"_blank\" rel=\"noopener\"><\/a><\/td>\n<\/tr>\n<tr>\n<td class=\"attribute\">Est\u00e1dar LAN sin Cable:<\/td>\n<td>IEEE 802.11ax<a id=\"ctl00_PlaceHolderMain_pdBottomControl_pdExtSpecControl_ctl12_dataRepeater_ctl02_attrValueLink\" target=\"_blank\" rel=\"noopener\"><\/a><\/td>\n<\/tr>\n<tr>\n<td class=\"attribute\">Tecnolog\u00eda Ethernet:<\/td>\n<td>Gigabit Ethernet<a id=\"ctl00_PlaceHolderMain_pdBottomControl_pdExtSpecControl_ctl12_dataRepeater_ctl03_attrValueLink\" target=\"_blank\" rel=\"noopener\"><\/a><\/td>\n<\/tr>\n<\/tbody>\n<\/table>\n<table>\n<tbody>\n<tr>\n<th colspan=\"2\"><span id=\"ctl00_PlaceHolderMain_pdBottomControl_pdExtSpecControl_ctl13_subHeadingLabel\">Sistema Operativo<\/span><\/th>\n<\/tr>\n<tr>\n<td class=\"attribute\">Sistema Operativo:<\/td>\n<td>Windows 11 Pro<a id=\"ctl00_PlaceHolderMain_pdBottomControl_pdExtSpecControl_ctl13_dataRepeater_ctl00_attrValueLink\" target=\"_blank\" rel=\"noopener\"><\/a><\/td>\n<\/tr>\n<tr>\n<td class=\"attribute\">Plataforma del sistema operativo:<\/td>\n<td>Windows<a id=\"ctl00_PlaceHolderMain_pdBottomControl_pdExtSpecControl_ctl13_dataRepeater_ctl01_attrValueLink\" target=\"_blank\" rel=\"noopener\"><\/a><\/td>\n<\/tr>\n<tr>\n<td class=\"attribute\">Idioma del Sistema Operativo:<\/td>\n<td>Espa\u00f1ol<a id=\"ctl00_PlaceHolderMain_pdBottomControl_pdExtSpecControl_ctl13_dataRepeater_ctl02_attrValueLink\" target=\"_blank\" rel=\"noopener\"><\/a><\/td>\n<\/tr>\n<\/tbody>\n<\/table>\n<table>\n<tbody>\n<tr>\n<th colspan=\"2\"><span id=\"ctl00_PlaceHolderMain_pdBottomControl_pdExtSpecControl_ctl14_subHeadingLabel\">Varios<\/span><\/th>\n<\/tr>\n<tr>\n<td class=\"attribute\">Contenido de la Caja:<\/td>\n<td>\n<ul>\n<li>IdeaCentre AIO 3 24ALC6 F0G100V2CL<\/li>\n<li>Teclado<\/li>\n<li>Mouse<\/li>\n<li>AIO Stand<\/li>\n<li>Adaptador de alimentaci\u00f3n<\/li>\n<\/ul>\n<p>&nbsp;<\/td>\n<\/tr>\n<tr>\n<td class=\"attribute\">Respetuoso del medio ambiente:<\/td>\n<td>S\u00ed<a id=\"ctl00_PlaceHolderMain_pdBottomControl_pdExtSpecControl_ctl14_dataRepeater_ctl01_attrValueLink\" target=\"_blank\" rel=\"noopener\"><\/a><\/td>\n<\/tr>\n<tr>\n<td class=\"attribute\">Certificaci\u00f3n medioambiental:<\/td>\n<td>ErP Lot 3<a id=\"ctl00_PlaceHolderMain_pdBottomControl_pdExtSpecControl_ctl14_dataRepeater_ctl02_attrValueLink\" target=\"_blank\" rel=\"noopener\"><\/a><\/td>\n<\/tr>\n<tr>\n<td class=\"attribute\"><\/td>\n<td>ENERGY STAR 8.0<a id=\"ctl00_PlaceHolderMain_pdBottomControl_pdExtSpecControl_ctl14_dataRepeater_ctl03_attrValueLink\" target=\"_blank\" rel=\"noopener\"><\/a><\/td>\n<\/tr>\n<tr>\n<td class=\"attribute\"><\/td>\n<td>RoHS<a id=\"ctl00_PlaceHolderMain_pdBottomControl_pdExtSpecControl_ctl14_dataRepeater_ctl04_attrValueLink\" target=\"_blank\" rel=\"noopener\"><\/a><\/td>\n<\/tr>\n<tr>\n<td class=\"attribute\">Energy Star:<\/td>\n<td>S<\/td>\n<\/tr>\n<\/tbody>\n<\/table>\n","protected":false},"excerpt":{"rendered":"<p>Almacenamiento Tipo de Unidad \u00d3ptica: Grabadora DVD Compatibilidad con medio \u00f3ptico: DVD\u00b1R\/\u00b1RW Interfaz de Unidad de Estado S\u00f3lido: PCI Express NVMe 4.0 x4 Capacidad Total de la Unidad de Estado S\u00f3lido (SSD): 512GB Factor de forma de SSD: M.2 Basic Tipo de Producto: Computador Todo en Uno Resoluci\u00f3n de la Pantalla: 1920 x 1080 Memoria&#8230;<\/p>\n","protected":false},"featured_media":9624,"template":"","meta":{"_acf_changed":false},"product_brand":[],"product_cat":[75],"product_tag":[],"class_list":{"0":"post-9621","1":"product","2":"type-product","3":"status-publish","4":"has-post-thumbnail","6":"product_cat-computadores-servidores-y-notebooks","8":"first","9":"instock","10":"purchasable","11":"product-type-simple"},"acf":[],"_links":{"self":[{"href":"https:\/\/soindus.com\/index.php\/wp-json\/wp\/v2\/product\/9621","targetHints":{"allow":["GET"]}}],"collection":[{"href":"https:\/\/soindus.com\/index.php\/wp-json\/wp\/v2\/product"}],"about":[{"href":"https:\/\/soindus.com\/index.php\/wp-json\/wp\/v2\/types\/product"}],"wp:featuredmedia":[{"embeddable":true,"href":"https:\/\/soindus.com\/index.php\/wp-json\/wp\/v2\/media\/9624"}],"wp:attachment":[{"href":"https:\/\/soindus.com\/index.php\/wp-json\/wp\/v2\/media?parent=9621"}],"wp:term":[{"taxonomy":"product_brand","embeddable":true,"href":"https:\/\/soindus.com\/index.php\/wp-json\/wp\/v2\/product_brand?post=9621"},{"taxonomy":"product_cat","embeddable":true,"href":"https:\/\/soindus.com\/index.php\/wp-json\/wp\/v2\/product_cat?post=9621"},{"taxonomy":"product_tag","embeddable":true,"href":"https:\/\/soindus.com\/index.php\/wp-json\/wp\/v2\/product_tag?post=9621"}],"curies":[{"name":"wp","href":"https:\/\/api.w.org\/{rel}","templated":true}]}}