{"id":9620,"date":"2023-10-04T21:19:18","date_gmt":"2023-10-04T21:19:18","guid":{"rendered":"https:\/\/soindus.com\/?post_type=product&#038;p=9620"},"modified":"2023-11-06T21:47:05","modified_gmt":"2023-11-06T21:47:05","slug":"latitude-5440-13th-generation-intel-core-i5-1335u-12-mb-cache-10-cores-up-to-4-6-ghz-16-gb-2-x-8-gb-ddr4-3200-mt-s-512-gb-m-2-pcie-nvme-ssd-class-35-windows-11-pro-english-spanish","status":"publish","type":"product","link":"https:\/\/soindus.com\/index.php\/producto\/latitude-5440-13th-generation-intel-core-i5-1335u-12-mb-cache-10-cores-up-to-4-6-ghz-16-gb-2-x-8-gb-ddr4-3200-mt-s-512-gb-m-2-pcie-nvme-ssd-class-35-windows-11-pro-english-spanish\/","title":{"rendered":"Latitude 5440 13th Generation Intel\u00ae Core# i5-1335U, 12 MB cache, 10 cores, up to 4.6 GHz 16 GB, 2 x 8 GB, DDR4, 3200 MT\/s 512 GB, M.2, PCIe NVMe, SSD, Class 35 Windows 11 Pro, English, Spanish, Frenc"},"content":{"rendered":"<table>\n<tbody>\n<tr>\n<th colspan=\"2\"><span id=\"ctl00_PlaceHolderMain_pdBottomControl_pdExtSpecControl_ctl00_subHeadingLabel\">Almacenamiento<\/span><\/th>\n<\/tr>\n<tr>\n<td class=\"attribute\">Tipo de Controlador:<\/td>\n<td>SSD<a id=\"ctl00_PlaceHolderMain_pdBottomControl_pdExtSpecControl_ctl00_dataRepeater_ctl00_attrValueLink\" target=\"_blank\" rel=\"noopener\"><\/a><\/td>\n<\/tr>\n<tr>\n<td class=\"attribute\">Capacidad Total de la Unidad de Estado S\u00f3lido (SSD):<\/td>\n<td>512GB<a id=\"ctl00_PlaceHolderMain_pdBottomControl_pdExtSpecControl_ctl00_dataRepeater_ctl01_attrValueLink\" target=\"_blank\" rel=\"noopener\"><\/a><\/td>\n<\/tr>\n<tr>\n<td class=\"attribute\">Factor de forma de SSD:<\/td>\n<td>M.2<a id=\"ctl00_PlaceHolderMain_pdBottomControl_pdExtSpecControl_ctl00_dataRepeater_ctl02_attrValueLink\" target=\"_blank\" rel=\"noopener\"><\/a><\/td>\n<\/tr>\n<\/tbody>\n<\/table>\n<table>\n<tbody>\n<tr>\n<th colspan=\"2\"><span id=\"ctl00_PlaceHolderMain_pdBottomControl_pdExtSpecControl_ctl01_subHeadingLabel\">Basic<\/span><\/th>\n<\/tr>\n<tr>\n<td class=\"attribute\">Tipo de Producto:<\/td>\n<td>Port\u00e1til<a id=\"ctl00_PlaceHolderMain_pdBottomControl_pdExtSpecControl_ctl01_dataRepeater_ctl00_attrValueLink\" target=\"_blank\" rel=\"noopener\"><\/a><\/td>\n<\/tr>\n<tr>\n<td class=\"attribute\">N\u00famero de Celdas:<\/td>\n<td>3-Celdas<a id=\"ctl00_PlaceHolderMain_pdBottomControl_pdExtSpecControl_ctl01_dataRepeater_ctl01_attrValueLink\" target=\"_blank\" rel=\"noopener\"><\/a><\/td>\n<\/tr>\n<tr>\n<td class=\"attribute\">Resoluci\u00f3n de la Pantalla:<\/td>\n<td>1920 x 1080<a id=\"ctl00_PlaceHolderMain_pdBottomControl_pdExtSpecControl_ctl01_dataRepeater_ctl02_attrValueLink\" target=\"_blank\" rel=\"noopener\"><\/a><\/td>\n<\/tr>\n<tr>\n<td class=\"attribute\">Peso (Aproximado):<\/td>\n<td>1.36kg<a id=\"ctl00_PlaceHolderMain_pdBottomControl_pdExtSpecControl_ctl01_dataRepeater_ctl03_attrValueLink\" target=\"_blank\" rel=\"noopener\"><\/a><\/td>\n<\/tr>\n<tr>\n<td class=\"attribute\">Sistema Operativo:<\/td>\n<td>Windows 11 Pro<a id=\"ctl00_PlaceHolderMain_pdBottomControl_pdExtSpecControl_ctl01_dataRepeater_ctl04_attrValueLink\" target=\"_blank\" rel=\"noopener\"><\/a><\/td>\n<\/tr>\n<tr>\n<td class=\"attribute\">Chipset:<\/td>\n<td>Intel<a id=\"ctl00_PlaceHolderMain_pdBottomControl_pdExtSpecControl_ctl01_dataRepeater_ctl05_attrValueLink\" target=\"_blank\" rel=\"noopener\"><\/a><\/td>\n<\/tr>\n<tr>\n<td class=\"attribute\">Tipo de Controlador:<\/td>\n<td>SSD<a id=\"ctl00_PlaceHolderMain_pdBottomControl_pdExtSpecControl_ctl01_dataRepeater_ctl06_attrValueLink\" target=\"_blank\" rel=\"noopener\"><\/a><\/td>\n<\/tr>\n<tr>\n<td class=\"attribute\">Tipo de Procesador:<\/td>\n<td>Core i5<a id=\"ctl00_PlaceHolderMain_pdBottomControl_pdExtSpecControl_ctl01_dataRepeater_ctl07_attrValueLink\" target=\"_blank\" rel=\"noopener\"><\/a><\/td>\n<\/tr>\n<tr>\n<td class=\"attribute\">Tama\u00f1o de Pantalla:<\/td>\n<td>35.6cm (14&#8243;)<a id=\"ctl00_PlaceHolderMain_pdBottomControl_pdExtSpecControl_ctl01_dataRepeater_ctl08_attrValueLink\" target=\"_blank\" rel=\"noopener\"><\/a><\/td>\n<\/tr>\n<tr>\n<td class=\"attribute\">Nombre de Marca:<\/td>\n<td>Dell<a id=\"ctl00_PlaceHolderMain_pdBottomControl_pdExtSpecControl_ctl01_dataRepeater_ctl09_attrValueLink\" target=\"_blank\" rel=\"noopener\"><\/a><\/td>\n<\/tr>\n<tr>\n<td class=\"attribute\">Modo de Pantalla:<\/td>\n<td>Full HD<a id=\"ctl00_PlaceHolderMain_pdBottomControl_pdExtSpecControl_ctl01_dataRepeater_ctl10_attrValueLink\" target=\"_blank\" rel=\"noopener\"><\/a><\/td>\n<\/tr>\n<tr>\n<td class=\"attribute\">Modelo de Procesador:<\/td>\n<td>i5-1335U<a id=\"ctl00_PlaceHolderMain_pdBottomControl_pdExtSpecControl_ctl01_dataRepeater_ctl11_attrValueLink\" target=\"_blank\" rel=\"noopener\"><\/a><\/td>\n<\/tr>\n<tr>\n<td class=\"attribute\">N\u00facleo del Procesador:<\/td>\n<td>Deca-core (10 Core)<a id=\"ctl00_PlaceHolderMain_pdBottomControl_pdExtSpecControl_ctl01_dataRepeater_ctl12_attrValueLink\" target=\"_blank\" rel=\"noopener\"><\/a><\/td>\n<\/tr>\n<tr>\n<td class=\"attribute\">Pantalla T\u00e1ctil:<\/td>\n<td>No<a id=\"ctl00_PlaceHolderMain_pdBottomControl_pdExtSpecControl_ctl01_dataRepeater_ctl13_attrValueLink\" target=\"_blank\" rel=\"noopener\"><\/a><\/td>\n<\/tr>\n<tr>\n<td class=\"attribute\">Fabricante de Procesador:<\/td>\n<td>Intel<a id=\"ctl00_PlaceHolderMain_pdBottomControl_pdExtSpecControl_ctl01_dataRepeater_ctl14_attrValueLink\" target=\"_blank\" rel=\"noopener\"><\/a><\/td>\n<\/tr>\n<tr>\n<td class=\"attribute\">Fabricante de Controlador Gr\u00e1fico:<\/td>\n<td>Intel<a id=\"ctl00_PlaceHolderMain_pdBottomControl_pdExtSpecControl_ctl01_dataRepeater_ctl15_attrValueLink\" target=\"_blank\" rel=\"noopener\"><\/a><\/td>\n<\/tr>\n<tr>\n<td class=\"attribute\">Bluetooth:<\/td>\n<td>S\u00ed<a id=\"ctl00_PlaceHolderMain_pdBottomControl_pdExtSpecControl_ctl01_dataRepeater_ctl16_attrValueLink\" target=\"_blank\" rel=\"noopener\"><\/a><\/td>\n<\/tr>\n<tr>\n<td class=\"attribute\">Accesibilidad de Memoria Gr\u00e1fica:<\/td>\n<td>Compartido<a id=\"ctl00_PlaceHolderMain_pdBottomControl_pdExtSpecControl_ctl01_dataRepeater_ctl17_attrValueLink\" target=\"_blank\" rel=\"noopener\"><\/a><\/td>\n<\/tr>\n<tr>\n<td class=\"attribute\">Compatibilidad con WWAN:<\/td>\n<td>S\u00ed<a id=\"ctl00_PlaceHolderMain_pdBottomControl_pdExtSpecControl_ctl01_dataRepeater_ctl18_attrValueLink\" target=\"_blank\" rel=\"noopener\"><\/a><\/td>\n<\/tr>\n<tr>\n<td class=\"attribute\">Est\u00e1dar LAN sin Cable:<\/td>\n<td>IEEE 802.11ax<a id=\"ctl00_PlaceHolderMain_pdBottomControl_pdExtSpecControl_ctl01_dataRepeater_ctl19_attrValueLink\" target=\"_blank\" rel=\"noopener\"><\/a><\/td>\n<\/tr>\n<tr>\n<td class=\"attribute\">HDMI:<\/td>\n<td>S\u00ed<a id=\"ctl00_PlaceHolderMain_pdBottomControl_pdExtSpecControl_ctl01_dataRepeater_ctl20_attrValueLink\" target=\"_blank\" rel=\"noopener\"><\/a><\/td>\n<\/tr>\n<tr>\n<td class=\"attribute\">Potencia m\u00e1xima de alimentaci\u00f3n:<\/td>\n<td>65W<a id=\"ctl00_PlaceHolderMain_pdBottomControl_pdExtSpecControl_ctl01_dataRepeater_ctl21_attrValueLink\" target=\"_blank\" rel=\"noopener\"><\/a><\/td>\n<\/tr>\n<tr>\n<td class=\"attribute\">Familia de producto:<\/td>\n<td>Latitude<a id=\"ctl00_PlaceHolderMain_pdBottomControl_pdExtSpecControl_ctl01_dataRepeater_ctl22_attrValueLink\" target=\"_blank\" rel=\"noopener\"><\/a><\/td>\n<\/tr>\n<tr>\n<td class=\"attribute\">N\u00famero total de puertos USB:<\/td>\n<td>2<a id=\"ctl00_PlaceHolderMain_pdBottomControl_pdExtSpecControl_ctl01_dataRepeater_ctl23_attrValueLink\" target=\"_blank\" rel=\"noopener\"><\/a><\/td>\n<\/tr>\n<tr>\n<td class=\"attribute\">Teclado retroiluminado:<\/td>\n<td>S\u00ed<a id=\"ctl00_PlaceHolderMain_pdBottomControl_pdExtSpecControl_ctl01_dataRepeater_ctl24_attrValueLink\" target=\"_blank\" rel=\"noopener\"><\/a><\/td>\n<\/tr>\n<tr>\n<td class=\"attribute\">Capacidad Total de la Unidad de Estado S\u00f3lido (SSD):<\/td>\n<td>512GB<a id=\"ctl00_PlaceHolderMain_pdBottomControl_pdExtSpecControl_ctl01_dataRepeater_ctl25_attrValueLink\" target=\"_blank\" rel=\"noopener\"><\/a><\/td>\n<\/tr>\n<tr>\n<td class=\"attribute\">Plataforma del sistema operativo:<\/td>\n<td>Windows<a id=\"ctl00_PlaceHolderMain_pdBottomControl_pdExtSpecControl_ctl01_dataRepeater_ctl26_attrValueLink\" target=\"_blank\" rel=\"noopener\"><\/a><\/td>\n<\/tr>\n<tr>\n<td class=\"attribute\">Localizaci\u00f3n de Teclado:<\/td>\n<td>Espa\u00f1ol<a id=\"ctl00_PlaceHolderMain_pdBottomControl_pdExtSpecControl_ctl01_dataRepeater_ctl27_attrValueLink\" target=\"_blank\" rel=\"noopener\"><\/a><\/td>\n<\/tr>\n<tr>\n<td class=\"attribute\">Idioma del Sistema Operativo:<\/td>\n<td>Ingl\u00e9s\/Espa\u00f1ol\/Franc\u00e9s\/Portugu\u00e9s Brasile\u00f1o<a id=\"ctl00_PlaceHolderMain_pdBottomControl_pdExtSpecControl_ctl01_dataRepeater_ctl28_attrValueLink\" target=\"_blank\" rel=\"noopener\"><\/a><\/td>\n<\/tr>\n<tr>\n<td class=\"attribute\">Generaci\u00f3n del procesor:<\/td>\n<td>13a Gen<a id=\"ctl00_PlaceHolderMain_pdBottomControl_pdExtSpecControl_ctl01_dataRepeater_ctl29_attrValueLink\" target=\"_blank\" rel=\"noopener\"><\/a><\/td>\n<\/tr>\n<tr>\n<td class=\"attribute\">Duraci\u00f3n de la garant\u00eda limitada:<\/td>\n<td>3A\u00f1o(s)<a id=\"ctl00_PlaceHolderMain_pdBottomControl_pdExtSpecControl_ctl01_dataRepeater_ctl30_attrValueLink\" target=\"_blank\" rel=\"noopener\"><\/a><\/td>\n<\/tr>\n<tr>\n<td class=\"attribute\">Color del producto:<\/td>\n<td>Gris tit\u00e1n<a id=\"ctl00_PlaceHolderMain_pdBottomControl_pdExtSpecControl_ctl01_dataRepeater_ctl31_attrValueLink\" target=\"_blank\" rel=\"noopener\"><\/a><\/td>\n<\/tr>\n<tr>\n<td class=\"attribute\">Memoria Total del Sistema Instalada:<\/td>\n<td>16GB<a id=\"ctl00_PlaceHolderMain_pdBottomControl_pdExtSpecControl_ctl01_dataRepeater_ctl32_attrValueLink\" target=\"_blank\" rel=\"noopener\"><\/a><\/td>\n<\/tr>\n<\/tbody>\n<\/table>\n<table>\n<tbody>\n<tr>\n<th colspan=\"2\"><span id=\"ctl00_PlaceHolderMain_pdBottomControl_pdExtSpecControl_ctl02_subHeadingLabel\">Caracter\u00edsticas F\u00edsicas<\/span><\/th>\n<\/tr>\n<tr>\n<td class=\"attribute\">Peso (Aproximado):<\/td>\n<td>1.36kg<a id=\"ctl00_PlaceHolderMain_pdBottomControl_pdExtSpecControl_ctl02_dataRepeater_ctl00_attrValueLink\" target=\"_blank\" rel=\"noopener\"><\/a><\/td>\n<\/tr>\n<tr>\n<td class=\"attribute\">Altura:<\/td>\n<td>19.10mm<a id=\"ctl00_PlaceHolderMain_pdBottomControl_pdExtSpecControl_ctl02_dataRepeater_ctl01_attrValueLink\" target=\"_blank\" rel=\"noopener\"><\/a><\/td>\n<\/tr>\n<tr>\n<td class=\"attribute\">Anchura:<\/td>\n<td>321.4mm<a id=\"ctl00_PlaceHolderMain_pdBottomControl_pdExtSpecControl_ctl02_dataRepeater_ctl02_attrValueLink\" target=\"_blank\" rel=\"noopener\"><\/a><\/td>\n<\/tr>\n<tr>\n<td class=\"attribute\">Profundidad:<\/td>\n<td>212mm<a id=\"ctl00_PlaceHolderMain_pdBottomControl_pdExtSpecControl_ctl02_dataRepeater_ctl03_attrValueLink\" target=\"_blank\" rel=\"noopener\"><\/a><\/td>\n<\/tr>\n<tr>\n<td class=\"attribute\">Color del producto:<\/td>\n<td>Gris tit\u00e1n<a id=\"ctl00_PlaceHolderMain_pdBottomControl_pdExtSpecControl_ctl02_dataRepeater_ctl04_attrValueLink\" target=\"_blank\" rel=\"noopener\"><\/a><\/td>\n<\/tr>\n<\/tbody>\n<\/table>\n<table>\n<tbody>\n<tr>\n<th colspan=\"2\"><span id=\"ctl00_PlaceHolderMain_pdBottomControl_pdExtSpecControl_ctl03_subHeadingLabel\">Chipset<\/span><\/th>\n<\/tr>\n<tr>\n<td class=\"attribute\">Fabricante de Chipset:<\/td>\n<td>Intel<a id=\"ctl00_PlaceHolderMain_pdBottomControl_pdExtSpecControl_ctl03_dataRepeater_ctl00_attrValueLink\" target=\"_blank\" rel=\"noopener\"><\/a><\/td>\n<\/tr>\n<\/tbody>\n<\/table>\n<table>\n<tbody>\n<tr>\n<th colspan=\"2\"><span id=\"ctl00_PlaceHolderMain_pdBottomControl_pdExtSpecControl_ctl04_subHeadingLabel\">Descripci\u00f3n de la Alimentaci\u00f3n<\/span><\/th>\n<\/tr>\n<tr>\n<td class=\"attribute\">Potencia m\u00e1xima de alimentaci\u00f3n:<\/td>\n<td>65W<a id=\"ctl00_PlaceHolderMain_pdBottomControl_pdExtSpecControl_ctl04_dataRepeater_ctl00_attrValueLink\" target=\"_blank\" rel=\"noopener\"><\/a><\/td>\n<\/tr>\n<tr>\n<td class=\"attribute\">Tipo de enchufe de alimentaci\u00f3n:<\/td>\n<td>Tipo C<a id=\"ctl00_PlaceHolderMain_pdBottomControl_pdExtSpecControl_ctl04_dataRepeater_ctl01_attrValueLink\" target=\"_blank\" rel=\"noopener\"><\/a><\/td>\n<\/tr>\n<\/tbody>\n<\/table>\n<table>\n<tbody>\n<tr>\n<th colspan=\"2\"><span id=\"ctl00_PlaceHolderMain_pdBottomControl_pdExtSpecControl_ctl05_subHeadingLabel\">Dispositivos Incorporados<\/span><\/th>\n<\/tr>\n<tr>\n<td class=\"attribute\">C\u00e1mara Frontal\/C\u00e1mara Web:<\/td>\n<td>S\u00ed<a id=\"ctl00_PlaceHolderMain_pdBottomControl_pdExtSpecControl_ctl05_dataRepeater_ctl00_attrValueLink\" target=\"_blank\" rel=\"noopener\"><\/a><\/td>\n<\/tr>\n<\/tbody>\n<\/table>\n<table>\n<tbody>\n<tr>\n<th colspan=\"2\"><span id=\"ctl00_PlaceHolderMain_pdBottomControl_pdExtSpecControl_ctl06_subHeadingLabel\">Dispositivos de Entrada<\/span><\/th>\n<\/tr>\n<tr>\n<td class=\"attribute\">Teclado retroiluminado:<\/td>\n<td>S\u00ed<a id=\"ctl00_PlaceHolderMain_pdBottomControl_pdExtSpecControl_ctl06_dataRepeater_ctl00_attrValueLink\" target=\"_blank\" rel=\"noopener\"><\/a><\/td>\n<\/tr>\n<tr>\n<td class=\"attribute\">Localizaci\u00f3n de Teclado:<\/td>\n<td>Espa\u00f1ol<a id=\"ctl00_PlaceHolderMain_pdBottomControl_pdExtSpecControl_ctl06_dataRepeater_ctl01_attrValueLink\" target=\"_blank\" rel=\"noopener\"><\/a><\/td>\n<\/tr>\n<\/tbody>\n<\/table>\n<table>\n<tbody>\n<tr>\n<th colspan=\"2\"><span id=\"ctl00_PlaceHolderMain_pdBottomControl_pdExtSpecControl_ctl07_subHeadingLabel\">Informaci\u00f3n General<\/span><\/th>\n<\/tr>\n<tr>\n<td class=\"attribute\">Tipo de Producto:<\/td>\n<td>Port\u00e1til<a id=\"ctl00_PlaceHolderMain_pdBottomControl_pdExtSpecControl_ctl07_dataRepeater_ctl00_attrValueLink\" target=\"_blank\" rel=\"noopener\"><\/a><\/td>\n<\/tr>\n<tr>\n<td class=\"attribute\">C\u00f3digo de Fabricante:<\/td>\n<td>W4RJ5<a id=\"ctl00_PlaceHolderMain_pdBottomControl_pdExtSpecControl_ctl07_dataRepeater_ctl01_attrValueLink\" target=\"_blank\" rel=\"noopener\"><\/a><\/td>\n<\/tr>\n<tr>\n<td class=\"attribute\">Direcci\u00f3n Web de Fabricante:<\/td>\n<td><a id=\"ctl00_PlaceHolderMain_pdBottomControl_pdExtSpecControl_ctl07_dataRepeater_ctl02_attrValueLink\" href=\"http:\/\/www.delltechnologies.com\/\" target=\"_blank\" rel=\"noopener\">http:\/\/www.delltechnologies.com<\/a><\/td>\n<\/tr>\n<tr>\n<td class=\"attribute\">Fabricante:<\/td>\n<td>Dell Technologies<a id=\"ctl00_PlaceHolderMain_pdBottomControl_pdExtSpecControl_ctl07_dataRepeater_ctl03_attrValueLink\" target=\"_blank\" rel=\"noopener\"><\/a><\/td>\n<\/tr>\n<tr>\n<td class=\"attribute\">Modelo de Producto:<\/td>\n<td>5440<a id=\"ctl00_PlaceHolderMain_pdBottomControl_pdExtSpecControl_ctl07_dataRepeater_ctl04_attrValueLink\" target=\"_blank\" rel=\"noopener\"><\/a><\/td>\n<\/tr>\n<tr>\n<td class=\"attribute\">Nombre de Producto:<\/td>\n<td>Port\u00e1til Latitude 5440<a id=\"ctl00_PlaceHolderMain_pdBottomControl_pdExtSpecControl_ctl07_dataRepeater_ctl05_attrValueLink\" target=\"_blank\" rel=\"noopener\"><\/a><\/td>\n<\/tr>\n<tr>\n<td class=\"attribute\">L\u00ednea de Producto:<\/td>\n<td>Latitude<a id=\"ctl00_PlaceHolderMain_pdBottomControl_pdExtSpecControl_ctl07_dataRepeater_ctl06_attrValueLink\" target=\"_blank\" rel=\"noopener\"><\/a><\/td>\n<\/tr>\n<tr>\n<td class=\"attribute\">Nombre de Marca:<\/td>\n<td>Dell<a id=\"ctl00_PlaceHolderMain_pdBottomControl_pdExtSpecControl_ctl07_dataRepeater_ctl07_attrValueLink\" target=\"_blank\" rel=\"noopener\"><\/a><\/td>\n<\/tr>\n<\/tbody>\n<\/table>\n<table>\n<tbody>\n<tr>\n<th colspan=\"2\"><span id=\"ctl00_PlaceHolderMain_pdBottomControl_pdExtSpecControl_ctl08_subHeadingLabel\">Informaci\u00f3n de Bater\u00edas<\/span><\/th>\n<\/tr>\n<tr>\n<td class=\"attribute\">N\u00famero de Celdas:<\/td>\n<td>3-Celdas<a id=\"ctl00_PlaceHolderMain_pdBottomControl_pdExtSpecControl_ctl08_dataRepeater_ctl00_attrValueLink\" target=\"_blank\" rel=\"noopener\"><\/a><\/td>\n<\/tr>\n<\/tbody>\n<\/table>\n<table>\n<tbody>\n<tr>\n<th colspan=\"2\"><span id=\"ctl00_PlaceHolderMain_pdBottomControl_pdExtSpecControl_ctl09_subHeadingLabel\">Interfaces\/Puertos<\/span><\/th>\n<\/tr>\n<tr>\n<td class=\"attribute\">HDMI:<\/td>\n<td>S\u00ed<a id=\"ctl00_PlaceHolderMain_pdBottomControl_pdExtSpecControl_ctl09_dataRepeater_ctl00_attrValueLink\" target=\"_blank\" rel=\"noopener\"><\/a><\/td>\n<\/tr>\n<tr>\n<td class=\"attribute\">Red (RJ-45):<\/td>\n<td>S\u00ed<a id=\"ctl00_PlaceHolderMain_pdBottomControl_pdExtSpecControl_ctl09_dataRepeater_ctl01_attrValueLink\" target=\"_blank\" rel=\"noopener\"><\/a><\/td>\n<\/tr>\n<tr>\n<td class=\"attribute\">N\u00famero de salidas HDMI:<\/td>\n<td>2<a id=\"ctl00_PlaceHolderMain_pdBottomControl_pdExtSpecControl_ctl09_dataRepeater_ctl02_attrValueLink\" target=\"_blank\" rel=\"noopener\"><\/a><\/td>\n<\/tr>\n<tr>\n<td class=\"attribute\">N\u00famero total de puertos USB:<\/td>\n<td>2<a id=\"ctl00_PlaceHolderMain_pdBottomControl_pdExtSpecControl_ctl09_dataRepeater_ctl03_attrValueLink\" target=\"_blank\" rel=\"noopener\"><\/a><\/td>\n<\/tr>\n<tr>\n<td class=\"attribute\">N\u00famero de puertos Ethernet:<\/td>\n<td>1<a id=\"ctl00_PlaceHolderMain_pdBottomControl_pdExtSpecControl_ctl09_dataRepeater_ctl04_attrValueLink\" target=\"_blank\" rel=\"noopener\"><\/a><\/td>\n<\/tr>\n<\/tbody>\n<\/table>\n<table>\n<tbody>\n<tr>\n<th colspan=\"2\"><span id=\"ctl00_PlaceHolderMain_pdBottomControl_pdExtSpecControl_ctl10_subHeadingLabel\">Memoria<\/span><\/th>\n<\/tr>\n<tr>\n<td class=\"attribute\">N\u00famero de ranuras de memoria ocupadas:<\/td>\n<td>2<a id=\"ctl00_PlaceHolderMain_pdBottomControl_pdExtSpecControl_ctl10_dataRepeater_ctl00_attrValueLink\" target=\"_blank\" rel=\"noopener\"><\/a><\/td>\n<\/tr>\n<tr>\n<td class=\"attribute\">Memoria Total del Sistema Instalada:<\/td>\n<td>16GB<a id=\"ctl00_PlaceHolderMain_pdBottomControl_pdExtSpecControl_ctl10_dataRepeater_ctl01_attrValueLink\" target=\"_blank\" rel=\"noopener\"><\/a><\/td>\n<\/tr>\n<tr>\n<td class=\"attribute\">Tecnolog\u00eda de memoria del sistema:<\/td>\n<td>DDR4 SDRAM<a id=\"ctl00_PlaceHolderMain_pdBottomControl_pdExtSpecControl_ctl10_dataRepeater_ctl02_attrValueLink\" target=\"_blank\" rel=\"noopener\"><\/a><\/td>\n<\/tr>\n<tr>\n<td class=\"attribute\">Configuraci\u00f3n de memoria de ranura instalada:<\/td>\n<td>2 x 8GB<a id=\"ctl00_PlaceHolderMain_pdBottomControl_pdExtSpecControl_ctl10_dataRepeater_ctl03_attrValueLink\" target=\"_blank\" rel=\"noopener\"><\/a><\/td>\n<\/tr>\n<\/tbody>\n<\/table>\n<table>\n<tbody>\n<tr>\n<th colspan=\"2\"><span id=\"ctl00_PlaceHolderMain_pdBottomControl_pdExtSpecControl_ctl11_subHeadingLabel\">Pantalla y gr\u00e1ficos<\/span><\/th>\n<\/tr>\n<tr>\n<td class=\"attribute\">Resoluci\u00f3n de la Pantalla:<\/td>\n<td>1920 x 1080<a id=\"ctl00_PlaceHolderMain_pdBottomControl_pdExtSpecControl_ctl11_dataRepeater_ctl00_attrValueLink\" target=\"_blank\" rel=\"noopener\"><\/a><\/td>\n<\/tr>\n<tr>\n<td class=\"attribute\">Tama\u00f1o de Pantalla:<\/td>\n<td>35.6cm (14&#8243;)<a id=\"ctl00_PlaceHolderMain_pdBottomControl_pdExtSpecControl_ctl11_dataRepeater_ctl01_attrValueLink\" target=\"_blank\" rel=\"noopener\"><\/a><\/td>\n<\/tr>\n<tr>\n<td class=\"attribute\">Modo de Pantalla:<\/td>\n<td>Full HD<a id=\"ctl00_PlaceHolderMain_pdBottomControl_pdExtSpecControl_ctl11_dataRepeater_ctl02_attrValueLink\" target=\"_blank\" rel=\"noopener\"><\/a><\/td>\n<\/tr>\n<tr>\n<td class=\"attribute\">Pantalla T\u00e1ctil:<\/td>\n<td>No<a id=\"ctl00_PlaceHolderMain_pdBottomControl_pdExtSpecControl_ctl11_dataRepeater_ctl03_attrValueLink\" target=\"_blank\" rel=\"noopener\"><\/a><\/td>\n<\/tr>\n<tr>\n<td class=\"attribute\">\u00cdndice de refresco est\u00e1ndar:<\/td>\n<td>60Hz<a id=\"ctl00_PlaceHolderMain_pdBottomControl_pdExtSpecControl_ctl11_dataRepeater_ctl04_attrValueLink\" target=\"_blank\" rel=\"noopener\"><\/a><\/td>\n<\/tr>\n<tr>\n<td class=\"attribute\">Fabricante de Controlador Gr\u00e1fico:<\/td>\n<td>Intel<a id=\"ctl00_PlaceHolderMain_pdBottomControl_pdExtSpecControl_ctl11_dataRepeater_ctl05_attrValueLink\" target=\"_blank\" rel=\"noopener\"><\/a><\/td>\n<\/tr>\n<tr>\n<td class=\"attribute\">Tecnolog\u00eda de Memoria de Gr\u00e1ficos:<\/td>\n<td>DDR4 SDRAM<a id=\"ctl00_PlaceHolderMain_pdBottomControl_pdExtSpecControl_ctl11_dataRepeater_ctl06_attrValueLink\" target=\"_blank\" rel=\"noopener\"><\/a><\/td>\n<\/tr>\n<tr>\n<td class=\"attribute\">Accesibilidad de Memoria Gr\u00e1fica:<\/td>\n<td>Compartido<a id=\"ctl00_PlaceHolderMain_pdBottomControl_pdExtSpecControl_ctl11_dataRepeater_ctl07_attrValueLink\" target=\"_blank\" rel=\"noopener\"><\/a><\/td>\n<\/tr>\n<tr>\n<td class=\"attribute\">Tecnolog\u00eda de Pantalla:<\/td>\n<td>Tecnolog\u00eda conmutaci\u00f3n en el mismo plano (In-plane Switching, IPS)<a id=\"ctl00_PlaceHolderMain_pdBottomControl_pdExtSpecControl_ctl11_dataRepeater_ctl08_attrValueLink\" target=\"_blank\" rel=\"noopener\"><\/a><\/td>\n<\/tr>\n<\/tbody>\n<\/table>\n<table>\n<tbody>\n<tr>\n<th colspan=\"2\"><span id=\"ctl00_PlaceHolderMain_pdBottomControl_pdExtSpecControl_ctl12_subHeadingLabel\">Procesador<\/span><\/th>\n<\/tr>\n<tr>\n<td class=\"attribute\">Tipo de Procesador:<\/td>\n<td>Core i5<a id=\"ctl00_PlaceHolderMain_pdBottomControl_pdExtSpecControl_ctl12_dataRepeater_ctl00_attrValueLink\" target=\"_blank\" rel=\"noopener\"><\/a><\/td>\n<\/tr>\n<tr>\n<td class=\"attribute\">Modelo de Procesador:<\/td>\n<td>i5-1335U<a id=\"ctl00_PlaceHolderMain_pdBottomControl_pdExtSpecControl_ctl12_dataRepeater_ctl01_attrValueLink\" target=\"_blank\" rel=\"noopener\"><\/a><\/td>\n<\/tr>\n<tr>\n<td class=\"attribute\">N\u00facleo del Procesador:<\/td>\n<td>Deca-core (10 Core)<a id=\"ctl00_PlaceHolderMain_pdBottomControl_pdExtSpecControl_ctl12_dataRepeater_ctl02_attrValueLink\" target=\"_blank\" rel=\"noopener\"><\/a><\/td>\n<\/tr>\n<tr>\n<td class=\"attribute\">Fabricante de Procesador:<\/td>\n<td>Intel<a id=\"ctl00_PlaceHolderMain_pdBottomControl_pdExtSpecControl_ctl12_dataRepeater_ctl03_attrValueLink\" target=\"_blank\" rel=\"noopener\"><\/a><\/td>\n<\/tr>\n<tr>\n<td class=\"attribute\">Velocidad Turbo M\u00e1xima:<\/td>\n<td>4.60GHz<a id=\"ctl00_PlaceHolderMain_pdBottomControl_pdExtSpecControl_ctl12_dataRepeater_ctl04_attrValueLink\" target=\"_blank\" rel=\"noopener\"><\/a><\/td>\n<\/tr>\n<tr>\n<td class=\"attribute\">Generaci\u00f3n del procesor:<\/td>\n<td>13a Gen<a id=\"ctl00_PlaceHolderMain_pdBottomControl_pdExtSpecControl_ctl12_dataRepeater_ctl05_attrValueLink\" target=\"_blank\" rel=\"noopener\"><\/a><\/td>\n<\/tr>\n<\/tbody>\n<\/table>\n<table>\n<tbody>\n<tr>\n<th colspan=\"2\"><span id=\"ctl00_PlaceHolderMain_pdBottomControl_pdExtSpecControl_ctl13_subHeadingLabel\">Redes y Comunicaciones<\/span><\/th>\n<\/tr>\n<tr>\n<td class=\"attribute\">Bluetooth:<\/td>\n<td>S\u00ed<a id=\"ctl00_PlaceHolderMain_pdBottomControl_pdExtSpecControl_ctl13_dataRepeater_ctl00_attrValueLink\" target=\"_blank\" rel=\"noopener\"><\/a><\/td>\n<\/tr>\n<tr>\n<td class=\"attribute\">LAN inal\u00e1mbrica:<\/td>\n<td>S\u00ed<a id=\"ctl00_PlaceHolderMain_pdBottomControl_pdExtSpecControl_ctl13_dataRepeater_ctl01_attrValueLink\" target=\"_blank\" rel=\"noopener\"><\/a><\/td>\n<\/tr>\n<tr>\n<td class=\"attribute\">Compatibilidad con WWAN:<\/td>\n<td>S\u00ed<a id=\"ctl00_PlaceHolderMain_pdBottomControl_pdExtSpecControl_ctl13_dataRepeater_ctl02_attrValueLink\" target=\"_blank\" rel=\"noopener\"><\/a><\/td>\n<\/tr>\n<tr>\n<td class=\"attribute\">Est\u00e1dar LAN sin Cable:<\/td>\n<td>IEEE 802.11ax<a id=\"ctl00_PlaceHolderMain_pdBottomControl_pdExtSpecControl_ctl13_dataRepeater_ctl03_attrValueLink\" target=\"_blank\" rel=\"noopener\"><\/a><\/td>\n<\/tr>\n<tr>\n<td class=\"attribute\">Tecnolog\u00eda Ethernet:<\/td>\n<td>Ethernet<a id=\"ctl00_PlaceHolderMain_pdBottomControl_pdExtSpecControl_ctl13_dataRepeater_ctl04_attrValueLink\" target=\"_blank\" rel=\"noopener\"><\/a><\/td>\n<\/tr>\n<\/tbody>\n<\/table>\n<table>\n<tbody>\n<tr>\n<th colspan=\"2\"><span id=\"ctl00_PlaceHolderMain_pdBottomControl_pdExtSpecControl_ctl14_subHeadingLabel\">Sistema Operativo<\/span><\/th>\n<\/tr>\n<tr>\n<td class=\"attribute\">Sistema Operativo:<\/td>\n<td>Windows 11 Pro<a id=\"ctl00_PlaceHolderMain_pdBottomControl_pdExtSpecControl_ctl14_dataRepeater_ctl00_attrValueLink\" target=\"_blank\" rel=\"noopener\"><\/a><\/td>\n<\/tr>\n<tr>\n<td class=\"attribute\">Plataforma del sistema operativo:<\/td>\n<td>Windows<a id=\"ctl00_PlaceHolderMain_pdBottomControl_pdExtSpecControl_ctl14_dataRepeater_ctl01_attrValueLink\" target=\"_blank\" rel=\"noopener\"><\/a><\/td>\n<\/tr>\n<tr>\n<td class=\"attribute\">Idioma del Sistema Operativo:<\/td>\n<td>Ingl\u00e9s\/Espa\u00f1ol\/Franc\u00e9s\/Portugu\u00e9s Brasile\u00f1o<\/td>\n<\/tr>\n<\/tbody>\n<\/table>\n","protected":false},"excerpt":{"rendered":"<p>Almacenamiento Tipo de Controlador: SSD Capacidad Total de la Unidad de Estado S\u00f3lido (SSD): 512GB Factor de forma de SSD: M.2 Basic Tipo de Producto: Port\u00e1til N\u00famero de Celdas: 3-Celdas Resoluci\u00f3n de la Pantalla: 1920 x 1080 Peso (Aproximado): 1.36kg Sistema Operativo: Windows 11 Pro Chipset: Intel Tipo de Controlador: SSD Tipo de Procesador: Core&#8230;<\/p>\n","protected":false},"featured_media":9454,"template":"","meta":{"_acf_changed":false},"product_brand":[],"product_cat":[75,82],"product_tag":[],"class_list":{"0":"post-9620","1":"product","2":"type-product","3":"status-publish","4":"has-post-thumbnail","6":"product_cat-computadores-servidores-y-notebooks","7":"product_cat-tienda","9":"first","10":"instock","11":"purchasable","12":"product-type-simple"},"acf":[],"_links":{"self":[{"href":"https:\/\/soindus.com\/index.php\/wp-json\/wp\/v2\/product\/9620","targetHints":{"allow":["GET"]}}],"collection":[{"href":"https:\/\/soindus.com\/index.php\/wp-json\/wp\/v2\/product"}],"about":[{"href":"https:\/\/soindus.com\/index.php\/wp-json\/wp\/v2\/types\/product"}],"wp:featuredmedia":[{"embeddable":true,"href":"https:\/\/soindus.com\/index.php\/wp-json\/wp\/v2\/media\/9454"}],"wp:attachment":[{"href":"https:\/\/soindus.com\/index.php\/wp-json\/wp\/v2\/media?parent=9620"}],"wp:term":[{"taxonomy":"product_brand","embeddable":true,"href":"https:\/\/soindus.com\/index.php\/wp-json\/wp\/v2\/product_brand?post=9620"},{"taxonomy":"product_cat","embeddable":true,"href":"https:\/\/soindus.com\/index.php\/wp-json\/wp\/v2\/product_cat?post=9620"},{"taxonomy":"product_tag","embeddable":true,"href":"https:\/\/soindus.com\/index.php\/wp-json\/wp\/v2\/product_tag?post=9620"}],"curies":[{"name":"wp","href":"https:\/\/api.w.org\/{rel}","templated":true}]}}