{"id":9615,"date":"2023-09-06T21:09:20","date_gmt":"2023-09-06T21:09:20","guid":{"rendered":"https:\/\/soindus.com\/?post_type=product&#038;p=9615"},"modified":"2023-11-06T22:09:49","modified_gmt":"2023-11-06T22:09:49","slug":"asus-desktop-model-d700sc-310100001r-intel-i3-10100-ram-8gb-256gb-win10p-de-asus","status":"publish","type":"product","link":"https:\/\/soindus.com\/index.php\/producto\/asus-desktop-model-d700sc-310100001r-intel-i3-10100-ram-8gb-256gb-win10p-de-asus\/","title":{"rendered":"ASUS DESKTOP MODEL D700SC-310100001R INTEL I3-10100 RAM 8GB 256GB WIN10P de Asus"},"content":{"rendered":"<table>\n<tbody>\n<tr>\n<th colspan=\"2\"><span id=\"ctl00_PlaceHolderMain_pdBottomControl_pdExtSpecControl_ctl00_subHeadingLabel\">Almacenamiento<\/span><\/th>\n<\/tr>\n<tr>\n<td class=\"attribute\">Interfaz de Unidad de Estado S\u00f3lido:<\/td>\n<td>PCI Express NVMe 3.0<a id=\"ctl00_PlaceHolderMain_pdBottomControl_pdExtSpecControl_ctl00_dataRepeater_ctl00_attrValueLink\" tabindex=\"0\" target=\"_blank\" rel=\"noopener\"><\/a><\/td>\n<\/tr>\n<tr>\n<td class=\"attribute\">Capacidad Total de la Unidad de Estado S\u00f3lido (SSD):<\/td>\n<td>256GB<a id=\"ctl00_PlaceHolderMain_pdBottomControl_pdExtSpecControl_ctl00_dataRepeater_ctl01_attrValueLink\" tabindex=\"0\" target=\"_blank\" rel=\"noopener\"><\/a><\/td>\n<\/tr>\n<tr>\n<td class=\"attribute\">Factor de forma de SSD:<\/td>\n<td>M.2<a id=\"ctl00_PlaceHolderMain_pdBottomControl_pdExtSpecControl_ctl00_dataRepeater_ctl02_attrValueLink\" tabindex=\"0\" target=\"_blank\" rel=\"noopener\"><\/a><\/td>\n<\/tr>\n<\/tbody>\n<\/table>\n<table>\n<tbody>\n<tr>\n<th colspan=\"2\"><span id=\"ctl00_PlaceHolderMain_pdBottomControl_pdExtSpecControl_ctl01_subHeadingLabel\">Basic<\/span><\/th>\n<\/tr>\n<tr>\n<td class=\"attribute\">Tipo de Producto:<\/td>\n<td>Computadora de escritorio<a id=\"ctl00_PlaceHolderMain_pdBottomControl_pdExtSpecControl_ctl01_dataRepeater_ctl00_attrValueLink\" tabindex=\"0\" target=\"_blank\" rel=\"noopener\"><\/a><\/td>\n<\/tr>\n<tr>\n<td class=\"attribute\">Memoria Est\u00e1ndar:<\/td>\n<td>8GB<a id=\"ctl00_PlaceHolderMain_pdBottomControl_pdExtSpecControl_ctl01_dataRepeater_ctl01_attrValueLink\" tabindex=\"0\" target=\"_blank\" rel=\"noopener\"><\/a><\/td>\n<\/tr>\n<tr>\n<td class=\"attribute\">Sistema Operativo:<\/td>\n<td>Windows 10 Pro<a id=\"ctl00_PlaceHolderMain_pdBottomControl_pdExtSpecControl_ctl01_dataRepeater_ctl02_attrValueLink\" tabindex=\"0\" target=\"_blank\" rel=\"noopener\"><\/a><\/td>\n<\/tr>\n<tr>\n<td class=\"attribute\">Chipset:<\/td>\n<td>Intel B560<a id=\"ctl00_PlaceHolderMain_pdBottomControl_pdExtSpecControl_ctl01_dataRepeater_ctl03_attrValueLink\" tabindex=\"0\" target=\"_blank\" rel=\"noopener\"><\/a><\/td>\n<\/tr>\n<tr>\n<td class=\"attribute\">Formato:<\/td>\n<td>Formato PequeDo<a id=\"ctl00_PlaceHolderMain_pdBottomControl_pdExtSpecControl_ctl01_dataRepeater_ctl04_attrValueLink\" tabindex=\"0\" target=\"_blank\" rel=\"noopener\"><\/a><\/td>\n<\/tr>\n<tr>\n<td class=\"attribute\">Velocidad de Procesador:<\/td>\n<td>3.60GHz<a id=\"ctl00_PlaceHolderMain_pdBottomControl_pdExtSpecControl_ctl01_dataRepeater_ctl05_attrValueLink\" tabindex=\"0\" target=\"_blank\" rel=\"noopener\"><\/a><\/td>\n<\/tr>\n<tr>\n<td class=\"attribute\">Tipo de Procesador:<\/td>\n<td>Core i3<a id=\"ctl00_PlaceHolderMain_pdBottomControl_pdExtSpecControl_ctl01_dataRepeater_ctl06_attrValueLink\" tabindex=\"0\" target=\"_blank\" rel=\"noopener\"><\/a><\/td>\n<\/tr>\n<tr>\n<td class=\"attribute\">Nombre de Marca:<\/td>\n<td>Asus<a id=\"ctl00_PlaceHolderMain_pdBottomControl_pdExtSpecControl_ctl01_dataRepeater_ctl07_attrValueLink\" tabindex=\"0\" target=\"_blank\" rel=\"noopener\"><\/a><\/td>\n<\/tr>\n<tr>\n<td class=\"attribute\">Modelo de Procesador:<\/td>\n<td>i3-10100<a id=\"ctl00_PlaceHolderMain_pdBottomControl_pdExtSpecControl_ctl01_dataRepeater_ctl08_attrValueLink\" tabindex=\"0\" target=\"_blank\" rel=\"noopener\"><\/a><\/td>\n<\/tr>\n<tr>\n<td class=\"attribute\">N\u00facleo del Procesador:<\/td>\n<td>Quad-core (4 Core)<a id=\"ctl00_PlaceHolderMain_pdBottomControl_pdExtSpecControl_ctl01_dataRepeater_ctl09_attrValueLink\" tabindex=\"0\" target=\"_blank\" rel=\"noopener\"><\/a><\/td>\n<\/tr>\n<tr>\n<td class=\"attribute\">Respetuoso del medio ambiente:<\/td>\n<td>S\u00ed<a id=\"ctl00_PlaceHolderMain_pdBottomControl_pdExtSpecControl_ctl01_dataRepeater_ctl10_attrValueLink\" tabindex=\"0\" target=\"_blank\" rel=\"noopener\"><\/a><\/td>\n<\/tr>\n<tr>\n<td class=\"attribute\">Fabricante de Procesador:<\/td>\n<td>Intel<a id=\"ctl00_PlaceHolderMain_pdBottomControl_pdExtSpecControl_ctl01_dataRepeater_ctl11_attrValueLink\" tabindex=\"0\" target=\"_blank\" rel=\"noopener\"><\/a><\/td>\n<\/tr>\n<tr>\n<td class=\"attribute\">Fabricante de Controlador Gr\u00e1fico:<\/td>\n<td>Intel<a id=\"ctl00_PlaceHolderMain_pdBottomControl_pdExtSpecControl_ctl01_dataRepeater_ctl12_attrValueLink\" tabindex=\"0\" target=\"_blank\" rel=\"noopener\"><\/a><\/td>\n<\/tr>\n<tr>\n<td class=\"attribute\">Modelo de Controlador de Gr\u00e1ficos:<\/td>\n<td>UHD Graphics 610<a id=\"ctl00_PlaceHolderMain_pdBottomControl_pdExtSpecControl_ctl01_dataRepeater_ctl13_attrValueLink\" tabindex=\"0\" target=\"_blank\" rel=\"noopener\"><\/a><\/td>\n<\/tr>\n<tr>\n<td class=\"attribute\">Tecnolog\u00eda de Memoria de Gr\u00e1ficos:<\/td>\n<td>DDR4 SDRAM<a id=\"ctl00_PlaceHolderMain_pdBottomControl_pdExtSpecControl_ctl01_dataRepeater_ctl14_attrValueLink\" tabindex=\"0\" target=\"_blank\" rel=\"noopener\"><\/a><\/td>\n<\/tr>\n<tr>\n<td class=\"attribute\">Accesibilidad de Memoria Gr\u00e1fica:<\/td>\n<td>Compartido<a id=\"ctl00_PlaceHolderMain_pdBottomControl_pdExtSpecControl_ctl01_dataRepeater_ctl15_attrValueLink\" tabindex=\"0\" target=\"_blank\" rel=\"noopener\"><\/a><\/td>\n<\/tr>\n<tr>\n<td class=\"attribute\">Familia de producto:<\/td>\n<td>ExpertCenter D7<a id=\"ctl00_PlaceHolderMain_pdBottomControl_pdExtSpecControl_ctl01_dataRepeater_ctl16_attrValueLink\" tabindex=\"0\" target=\"_blank\" rel=\"noopener\"><\/a><\/td>\n<\/tr>\n<tr>\n<td class=\"attribute\">N\u00famero total de puertos USB:<\/td>\n<td>11<a id=\"ctl00_PlaceHolderMain_pdBottomControl_pdExtSpecControl_ctl01_dataRepeater_ctl17_attrValueLink\" tabindex=\"0\" target=\"_blank\" rel=\"noopener\"><\/a><\/td>\n<\/tr>\n<tr>\n<td class=\"attribute\">Capacidad Total de la Unidad de Estado S\u00f3lido (SSD):<\/td>\n<td>256GB<a id=\"ctl00_PlaceHolderMain_pdBottomControl_pdExtSpecControl_ctl01_dataRepeater_ctl18_attrValueLink\" tabindex=\"0\" target=\"_blank\" rel=\"noopener\"><\/a><\/td>\n<\/tr>\n<tr>\n<td class=\"attribute\">Plataforma del sistema operativo:<\/td>\n<td>Windows<a id=\"ctl00_PlaceHolderMain_pdBottomControl_pdExtSpecControl_ctl01_dataRepeater_ctl19_attrValueLink\" tabindex=\"0\" target=\"_blank\" rel=\"noopener\"><\/a><\/td>\n<\/tr>\n<tr>\n<td class=\"attribute\">Energy Star:<\/td>\n<td>S\u00ed<a id=\"ctl00_PlaceHolderMain_pdBottomControl_pdExtSpecControl_ctl01_dataRepeater_ctl20_attrValueLink\" tabindex=\"0\" target=\"_blank\" rel=\"noopener\"><\/a><\/td>\n<\/tr>\n<tr>\n<td class=\"attribute\">Color del producto:<\/td>\n<td>Negro<a id=\"ctl00_PlaceHolderMain_pdBottomControl_pdExtSpecControl_ctl01_dataRepeater_ctl21_attrValueLink\" tabindex=\"0\" target=\"_blank\" rel=\"noopener\"><\/a><\/td>\n<\/tr>\n<\/tbody>\n<\/table>\n<table>\n<tbody>\n<tr>\n<th colspan=\"2\"><span id=\"ctl00_PlaceHolderMain_pdBottomControl_pdExtSpecControl_ctl02_subHeadingLabel\">Caracter\u00edsticas F\u00edsicas<\/span><\/th>\n<\/tr>\n<tr>\n<td class=\"attribute\">Peso (Aproximado):<\/td>\n<td>5kg<a id=\"ctl00_PlaceHolderMain_pdBottomControl_pdExtSpecControl_ctl02_dataRepeater_ctl00_attrValueLink\" tabindex=\"0\" target=\"_blank\" rel=\"noopener\"><\/a><\/td>\n<\/tr>\n<tr>\n<td class=\"attribute\">Formato:<\/td>\n<td>Formato PequeDo<a id=\"ctl00_PlaceHolderMain_pdBottomControl_pdExtSpecControl_ctl02_dataRepeater_ctl01_attrValueLink\" tabindex=\"0\" target=\"_blank\" rel=\"noopener\"><\/a><\/td>\n<\/tr>\n<tr>\n<td class=\"attribute\">Altura:<\/td>\n<td>339.6mm<a id=\"ctl00_PlaceHolderMain_pdBottomControl_pdExtSpecControl_ctl02_dataRepeater_ctl02_attrValueLink\" tabindex=\"0\" target=\"_blank\" rel=\"noopener\"><\/a><\/td>\n<\/tr>\n<tr>\n<td class=\"attribute\">Anchura:<\/td>\n<td>94.5mm<a id=\"ctl00_PlaceHolderMain_pdBottomControl_pdExtSpecControl_ctl02_dataRepeater_ctl03_attrValueLink\" tabindex=\"0\" target=\"_blank\" rel=\"noopener\"><\/a><\/td>\n<\/tr>\n<tr>\n<td class=\"attribute\">Profundidad:<\/td>\n<td>292.6mm<a id=\"ctl00_PlaceHolderMain_pdBottomControl_pdExtSpecControl_ctl02_dataRepeater_ctl04_attrValueLink\" tabindex=\"0\" target=\"_blank\" rel=\"noopener\"><\/a><\/td>\n<\/tr>\n<tr>\n<td class=\"attribute\">Color del producto:<\/td>\n<td>Negro<a id=\"ctl00_PlaceHolderMain_pdBottomControl_pdExtSpecControl_ctl02_dataRepeater_ctl05_attrValueLink\" tabindex=\"0\" target=\"_blank\" rel=\"noopener\"><\/a><\/td>\n<\/tr>\n<\/tbody>\n<\/table>\n<table>\n<tbody>\n<tr>\n<th colspan=\"2\"><span id=\"ctl00_PlaceHolderMain_pdBottomControl_pdExtSpecControl_ctl03_subHeadingLabel\">Chipset<\/span><\/th>\n<\/tr>\n<tr>\n<td class=\"attribute\">Fabricante de Chipset:<\/td>\n<td>Intel<a id=\"ctl00_PlaceHolderMain_pdBottomControl_pdExtSpecControl_ctl03_dataRepeater_ctl00_attrValueLink\" tabindex=\"0\" target=\"_blank\" rel=\"noopener\"><\/a><\/td>\n<\/tr>\n<tr>\n<td class=\"attribute\">Modelo de Chipset:<\/td>\n<td>B560<a id=\"ctl00_PlaceHolderMain_pdBottomControl_pdExtSpecControl_ctl03_dataRepeater_ctl01_attrValueLink\" tabindex=\"0\" target=\"_blank\" rel=\"noopener\"><\/a><\/td>\n<\/tr>\n<\/tbody>\n<\/table>\n<table>\n<tbody>\n<tr>\n<th colspan=\"2\"><\/th>\n<\/tr>\n<\/tbody>\n<\/table>\n<table>\n<tbody>\n<tr>\n<th colspan=\"2\"><span id=\"ctl00_PlaceHolderMain_pdBottomControl_pdExtSpecControl_ctl05_subHeadingLabel\">Informaci\u00f3n General<\/span><\/th>\n<\/tr>\n<tr>\n<td class=\"attribute\">Tipo de Producto:<\/td>\n<td>Computadora de escritorio<a id=\"ctl00_PlaceHolderMain_pdBottomControl_pdExtSpecControl_ctl05_dataRepeater_ctl00_attrValueLink\" tabindex=\"0\" target=\"_blank\" rel=\"noopener\"><\/a><\/td>\n<\/tr>\n<tr>\n<td class=\"attribute\">C\u00f3digo de Fabricante:<\/td>\n<td>90PF02W1-M006P0<a id=\"ctl00_PlaceHolderMain_pdBottomControl_pdExtSpecControl_ctl05_dataRepeater_ctl01_attrValueLink\" tabindex=\"0\" target=\"_blank\" rel=\"noopener\"><\/a><\/td>\n<\/tr>\n<tr>\n<td class=\"attribute\">Direcci\u00f3n Web de Fabricante:<\/td>\n<td><a id=\"ctl00_PlaceHolderMain_pdBottomControl_pdExtSpecControl_ctl05_dataRepeater_ctl02_attrValueLink\" tabindex=\"0\" href=\"http:\/\/www.asus.com\/\" target=\"_blank\" rel=\"noopener\">http:\/\/www.asus.com<\/a><\/td>\n<\/tr>\n<tr>\n<td class=\"attribute\">Fabricante:<\/td>\n<td>ASUS Computer International<a id=\"ctl00_PlaceHolderMain_pdBottomControl_pdExtSpecControl_ctl05_dataRepeater_ctl03_attrValueLink\" tabindex=\"0\" target=\"_blank\" rel=\"noopener\"><\/a><\/td>\n<\/tr>\n<tr>\n<td class=\"attribute\">Modelo de Producto:<\/td>\n<td>D700SC-310100001R<a id=\"ctl00_PlaceHolderMain_pdBottomControl_pdExtSpecControl_ctl05_dataRepeater_ctl04_attrValueLink\" tabindex=\"0\" target=\"_blank\" rel=\"noopener\"><\/a><\/td>\n<\/tr>\n<tr>\n<td class=\"attribute\">Nombre de Producto:<\/td>\n<td>Computadora de escritorio ExpertCenter D7 D700SC-310100001R<a id=\"ctl00_PlaceHolderMain_pdBottomControl_pdExtSpecControl_ctl05_dataRepeater_ctl05_attrValueLink\" tabindex=\"0\" target=\"_blank\" rel=\"noopener\"><\/a><\/td>\n<\/tr>\n<tr>\n<td class=\"attribute\">L\u00ednea de Producto:<\/td>\n<td>ExpertCenter<a id=\"ctl00_PlaceHolderMain_pdBottomControl_pdExtSpecControl_ctl05_dataRepeater_ctl06_attrValueLink\" tabindex=\"0\" target=\"_blank\" rel=\"noopener\"><\/a><\/td>\n<\/tr>\n<tr>\n<td class=\"attribute\">Gama de Producto:<\/td>\n<td>D7<a id=\"ctl00_PlaceHolderMain_pdBottomControl_pdExtSpecControl_ctl05_dataRepeater_ctl07_attrValueLink\" tabindex=\"0\" target=\"_blank\" rel=\"noopener\"><\/a><\/td>\n<\/tr>\n<tr>\n<td class=\"attribute\">Nombre de Marca:<\/td>\n<td>Asus<a id=\"ctl00_PlaceHolderMain_pdBottomControl_pdExtSpecControl_ctl05_dataRepeater_ctl08_attrValueLink\" tabindex=\"0\" target=\"_blank\" rel=\"noopener\"><\/a><\/td>\n<\/tr>\n<\/tbody>\n<\/table>\n<table>\n<tbody>\n<tr>\n<th colspan=\"2\"><span id=\"ctl00_PlaceHolderMain_pdBottomControl_pdExtSpecControl_ctl06_subHeadingLabel\">Interfaces\/Puertos<\/span><\/th>\n<\/tr>\n<tr>\n<td class=\"attribute\">N\u00famero total de puertos USB:<\/td>\n<td>11<a id=\"ctl00_PlaceHolderMain_pdBottomControl_pdExtSpecControl_ctl06_dataRepeater_ctl00_attrValueLink\" tabindex=\"0\" target=\"_blank\" rel=\"noopener\"><\/a><\/td>\n<\/tr>\n<tr>\n<td class=\"attribute\">N\u00famero de puertos Ethernet:<\/td>\n<td>1<a id=\"ctl00_PlaceHolderMain_pdBottomControl_pdExtSpecControl_ctl06_dataRepeater_ctl01_attrValueLink\" tabindex=\"0\" target=\"_blank\" rel=\"noopener\"><\/a><\/td>\n<\/tr>\n<tr>\n<td class=\"attribute\">HDMI (trasero):<\/td>\n<td>S\u00ed<a id=\"ctl00_PlaceHolderMain_pdBottomControl_pdExtSpecControl_ctl06_dataRepeater_ctl02_attrValueLink\" tabindex=\"0\" target=\"_blank\" rel=\"noopener\"><\/a><\/td>\n<\/tr>\n<tr>\n<td class=\"attribute\">N\u00famero de puertos USB 2.0 (delanteros):<\/td>\n<td>2<a id=\"ctl00_PlaceHolderMain_pdBottomControl_pdExtSpecControl_ctl06_dataRepeater_ctl03_attrValueLink\" tabindex=\"0\" target=\"_blank\" rel=\"noopener\"><\/a><\/td>\n<\/tr>\n<tr>\n<td class=\"attribute\">N\u00famero de puertos USB 2.0 (traseros):<\/td>\n<td>4<a id=\"ctl00_PlaceHolderMain_pdBottomControl_pdExtSpecControl_ctl06_dataRepeater_ctl04_attrValueLink\" tabindex=\"0\" target=\"_blank\" rel=\"noopener\"><\/a><\/td>\n<\/tr>\n<tr>\n<td class=\"attribute\">USB Tipo-C (delantero):<\/td>\n<td>S\u00ed<a id=\"ctl00_PlaceHolderMain_pdBottomControl_pdExtSpecControl_ctl06_dataRepeater_ctl05_attrValueLink\" tabindex=\"0\" target=\"_blank\" rel=\"noopener\"><\/a><\/td>\n<\/tr>\n<tr>\n<td class=\"attribute\">VGA (trasero):<\/td>\n<td>S\u00ed<a id=\"ctl00_PlaceHolderMain_pdBottomControl_pdExtSpecControl_ctl06_dataRepeater_ctl06_attrValueLink\" tabindex=\"0\" target=\"_blank\" rel=\"noopener\"><\/a><\/td>\n<\/tr>\n<tr>\n<td class=\"attribute\">N\u00famero de salidas DisplayPort (traseras):<\/td>\n<td>1<a id=\"ctl00_PlaceHolderMain_pdBottomControl_pdExtSpecControl_ctl06_dataRepeater_ctl07_attrValueLink\" tabindex=\"0\" target=\"_blank\" rel=\"noopener\"><\/a><\/td>\n<\/tr>\n<tr>\n<td class=\"attribute\">DisplayPort (trasero):<\/td>\n<td>S\u00ed<a id=\"ctl00_PlaceHolderMain_pdBottomControl_pdExtSpecControl_ctl06_dataRepeater_ctl08_attrValueLink\" tabindex=\"0\" target=\"_blank\" rel=\"noopener\"><\/a><\/td>\n<\/tr>\n<\/tbody>\n<\/table>\n<table>\n<tbody>\n<tr>\n<th colspan=\"2\"><span id=\"ctl00_PlaceHolderMain_pdBottomControl_pdExtSpecControl_ctl07_subHeadingLabel\">Memoria<\/span><\/th>\n<\/tr>\n<tr>\n<td class=\"attribute\">Memoria m\u00e1xima admitida:<\/td>\n<td>128GB<a id=\"ctl00_PlaceHolderMain_pdBottomControl_pdExtSpecControl_ctl07_dataRepeater_ctl00_attrValueLink\" tabindex=\"0\" target=\"_blank\" rel=\"noopener\"><\/a><\/td>\n<\/tr>\n<tr>\n<td class=\"attribute\">Memoria Est\u00e1ndar:<\/td>\n<td>8GB<a id=\"ctl00_PlaceHolderMain_pdBottomControl_pdExtSpecControl_ctl07_dataRepeater_ctl01_attrValueLink\" tabindex=\"0\" target=\"_blank\" rel=\"noopener\"><\/a><\/td>\n<\/tr>\n<tr>\n<td class=\"attribute\">Tecnolog\u00eda de la Memoria:<\/td>\n<td>DDR4 SDRAM<a id=\"ctl00_PlaceHolderMain_pdBottomControl_pdExtSpecControl_ctl07_dataRepeater_ctl02_attrValueLink\" tabindex=\"0\" target=\"_blank\" rel=\"noopener\"><\/a><\/td>\n<\/tr>\n<tr>\n<td class=\"attribute\">N\u00famero de Ranuras de Memoria (Total):<\/td>\n<td>4.0<a id=\"ctl00_PlaceHolderMain_pdBottomControl_pdExtSpecControl_ctl07_dataRepeater_ctl03_attrValueLink\" tabindex=\"0\" target=\"_blank\" rel=\"noopener\"><\/a><\/td>\n<\/tr>\n<\/tbody>\n<\/table>\n<table>\n<tbody>\n<tr>\n<th colspan=\"2\"><span id=\"ctl00_PlaceHolderMain_pdBottomControl_pdExtSpecControl_ctl08_subHeadingLabel\">Pantalla y gr\u00e1ficos<\/span><\/th>\n<\/tr>\n<tr>\n<td class=\"attribute\">Fabricante de Controlador Gr\u00e1fico:<\/td>\n<td>Intel<a id=\"ctl00_PlaceHolderMain_pdBottomControl_pdExtSpecControl_ctl08_dataRepeater_ctl00_attrValueLink\" tabindex=\"0\" target=\"_blank\" rel=\"noopener\"><\/a><\/td>\n<\/tr>\n<tr>\n<td class=\"attribute\">Modelo de Controlador de Gr\u00e1ficos:<\/td>\n<td>UHD Graphics 610<a id=\"ctl00_PlaceHolderMain_pdBottomControl_pdExtSpecControl_ctl08_dataRepeater_ctl01_attrValueLink\" tabindex=\"0\" target=\"_blank\" rel=\"noopener\"><\/a><\/td>\n<\/tr>\n<tr>\n<td class=\"attribute\">Tecnolog\u00eda de Memoria de Gr\u00e1ficos:<\/td>\n<td>DDR4 SDRAM<a id=\"ctl00_PlaceHolderMain_pdBottomControl_pdExtSpecControl_ctl08_dataRepeater_ctl02_attrValueLink\" tabindex=\"0\" target=\"_blank\" rel=\"noopener\"><\/a><\/td>\n<\/tr>\n<tr>\n<td class=\"attribute\">Accesibilidad de Memoria Gr\u00e1fica:<\/td>\n<td>Compartido<a id=\"ctl00_PlaceHolderMain_pdBottomControl_pdExtSpecControl_ctl08_dataRepeater_ctl03_attrValueLink\" tabindex=\"0\" target=\"_blank\" rel=\"noopener\"><\/a><\/td>\n<\/tr>\n<\/tbody>\n<\/table>\n<table>\n<tbody>\n<tr>\n<th colspan=\"2\"><span id=\"ctl00_PlaceHolderMain_pdBottomControl_pdExtSpecControl_ctl09_subHeadingLabel\">Procesador<\/span><\/th>\n<\/tr>\n<tr>\n<td class=\"attribute\">Velocidad de Procesador:<\/td>\n<td>3.60GHz<a id=\"ctl00_PlaceHolderMain_pdBottomControl_pdExtSpecControl_ctl09_dataRepeater_ctl00_attrValueLink\" tabindex=\"0\" target=\"_blank\" rel=\"noopener\"><\/a><\/td>\n<\/tr>\n<tr>\n<td class=\"attribute\">Tipo de Procesador:<\/td>\n<td>Core i3<a id=\"ctl00_PlaceHolderMain_pdBottomControl_pdExtSpecControl_ctl09_dataRepeater_ctl01_attrValueLink\" tabindex=\"0\" target=\"_blank\" rel=\"noopener\"><\/a><\/td>\n<\/tr>\n<tr>\n<td class=\"attribute\">Modelo de Procesador:<\/td>\n<td>i3-10100<a id=\"ctl00_PlaceHolderMain_pdBottomControl_pdExtSpecControl_ctl09_dataRepeater_ctl02_attrValueLink\" tabindex=\"0\" target=\"_blank\" rel=\"noopener\"><\/a><\/td>\n<\/tr>\n<tr>\n<td class=\"attribute\">N\u00facleo del Procesador:<\/td>\n<td>Quad-core (4 Core)<a id=\"ctl00_PlaceHolderMain_pdBottomControl_pdExtSpecControl_ctl09_dataRepeater_ctl03_attrValueLink\" tabindex=\"0\" target=\"_blank\" rel=\"noopener\"><\/a><\/td>\n<\/tr>\n<tr>\n<td class=\"attribute\">Fabricante de Procesador:<\/td>\n<td>Intel<a id=\"ctl00_PlaceHolderMain_pdBottomControl_pdExtSpecControl_ctl09_dataRepeater_ctl04_attrValueLink\" tabindex=\"0\" target=\"_blank\" rel=\"noopener\"><\/a><\/td>\n<\/tr>\n<tr>\n<td class=\"attribute\">Velocidad Turbo M\u00e1xima:<\/td>\n<td>4.30GHz<a id=\"ctl00_PlaceHolderMain_pdBottomControl_pdExtSpecControl_ctl09_dataRepeater_ctl05_attrValueLink\" tabindex=\"0\" target=\"_blank\" rel=\"noopener\"><\/a><\/td>\n<\/tr>\n<tr>\n<td class=\"attribute\">Generaci\u00f3n del procesor:<\/td>\n<td>10a Gen<a id=\"ctl00_PlaceHolderMain_pdBottomControl_pdExtSpecControl_ctl09_dataRepeater_ctl06_attrValueLink\" tabindex=\"0\" target=\"_blank\" rel=\"noopener\"><\/a><\/td>\n<\/tr>\n<\/tbody>\n<\/table>\n<table>\n<tbody>\n<tr>\n<th colspan=\"2\"><span id=\"ctl00_PlaceHolderMain_pdBottomControl_pdExtSpecControl_ctl10_subHeadingLabel\">Redes y Comunicaciones<\/span><\/th>\n<\/tr>\n<tr>\n<td class=\"attribute\">Tecnolog\u00eda Ethernet:<\/td>\n<td>Gigabit Ethernet<a id=\"ctl00_PlaceHolderMain_pdBottomControl_pdExtSpecControl_ctl10_dataRepeater_ctl00_attrValueLink\" tabindex=\"0\" target=\"_blank\" rel=\"noopener\"><\/a><\/td>\n<\/tr>\n<\/tbody>\n<\/table>\n<table>\n<tbody>\n<tr>\n<th colspan=\"2\"><span id=\"ctl00_PlaceHolderMain_pdBottomControl_pdExtSpecControl_ctl11_subHeadingLabel\">Sistema Operativo<\/span><\/th>\n<\/tr>\n<tr>\n<td class=\"attribute\">Sistema Operativo:<\/td>\n<td>Windows 10 Pro<a id=\"ctl00_PlaceHolderMain_pdBottomControl_pdExtSpecControl_ctl11_dataRepeater_ctl00_attrValueLink\" tabindex=\"0\" target=\"_blank\" rel=\"noopener\"><\/a><\/td>\n<\/tr>\n<tr>\n<td class=\"attribute\">Plataforma del sistema operativo:<\/td>\n<td>Windows<a id=\"ctl00_PlaceHolderMain_pdBottomControl_pdExtSpecControl_ctl11_dataRepeater_ctl01_attrValueLink\" tabindex=\"0\" target=\"_blank\" rel=\"noopener\"><\/a><\/td>\n<\/tr>\n<\/tbody>\n<\/table>\n<table>\n<tbody>\n<tr>\n<th colspan=\"2\"><span id=\"ctl00_PlaceHolderMain_pdBottomControl_pdExtSpecControl_ctl12_subHeadingLabel\">Varios<\/span><\/th>\n<\/tr>\n<tr>\n<td class=\"attribute\">Caracter\u00edsticas:<\/td>\n<td>Ranura de Seguridad<a id=\"ctl00_PlaceHolderMain_pdBottomControl_pdExtSpecControl_ctl12_dataRepeater_ctl00_attrValueLink\" tabindex=\"0\" target=\"_blank\" rel=\"noopener\"><\/a><\/td>\n<\/tr>\n<tr>\n<td class=\"attribute\">Respetuoso del medio ambiente:<\/td>\n<td>S\u00ed<a id=\"ctl00_PlaceHolderMain_pdBottomControl_pdExtSpecControl_ctl12_dataRepeater_ctl01_attrValueLink\" tabindex=\"0\" target=\"_blank\" rel=\"noopener\"><\/a><\/td>\n<\/tr>\n<tr>\n<td class=\"attribute\">Certificaci\u00f3n medioambiental:<\/td>\n<td>REACH<a id=\"ctl00_PlaceHolderMain_pdBottomControl_pdExtSpecControl_ctl12_dataRepeater_ctl02_attrValueLink\" tabindex=\"0\" target=\"_blank\" rel=\"noopener\"><\/a><\/td>\n<\/tr>\n<tr>\n<td class=\"attribute\"><\/td>\n<td>ENERGY STAR 8.0<a id=\"ctl00_PlaceHolderMain_pdBottomControl_pdExtSpecControl_ctl12_dataRepeater_ctl03_attrValueLink\" tabindex=\"0\" target=\"_blank\" rel=\"noopener\"><\/a><\/td>\n<\/tr>\n<tr>\n<td class=\"attribute\"><\/td>\n<td>RoHS<a id=\"ctl00_PlaceHolderMain_pdBottomControl_pdExtSpecControl_ctl12_dataRepeater_ctl04_attrValueLink\" tabindex=\"0\" target=\"_blank\" rel=\"noopener\"><\/a><\/td>\n<\/tr>\n<tr>\n<td class=\"attribute\">Energy Star:<\/td>\n<td>S\u00ed<\/td>\n<\/tr>\n<\/tbody>\n<\/table>\n","protected":false},"excerpt":{"rendered":"<p>Almacenamiento Interfaz de Unidad de Estado S\u00f3lido: PCI Express NVMe 3.0 Capacidad Total de la Unidad de Estado S\u00f3lido (SSD): 256GB Factor de forma de SSD: M.2 Basic Tipo de Producto: Computadora de escritorio Memoria Est\u00e1ndar: 8GB Sistema Operativo: Windows 10 Pro Chipset: Intel B560 Formato: Formato PequeDo Velocidad de Procesador: 3.60GHz Tipo de Procesador:&#8230;<\/p>\n","protected":false},"featured_media":9616,"template":"","meta":{"_acf_changed":false},"product_brand":[],"product_cat":[76,75,81],"product_tag":[],"class_list":{"0":"post-9615","1":"product","2":"type-product","3":"status-publish","4":"has-post-thumbnail","6":"product_cat-computadores-de-escritorio","7":"product_cat-computadores-servidores-y-notebooks","8":"product_cat-notebooks","10":"first","11":"instock","12":"purchasable","13":"product-type-simple"},"acf":[],"_links":{"self":[{"href":"https:\/\/soindus.com\/index.php\/wp-json\/wp\/v2\/product\/9615","targetHints":{"allow":["GET"]}}],"collection":[{"href":"https:\/\/soindus.com\/index.php\/wp-json\/wp\/v2\/product"}],"about":[{"href":"https:\/\/soindus.com\/index.php\/wp-json\/wp\/v2\/types\/product"}],"wp:featuredmedia":[{"embeddable":true,"href":"https:\/\/soindus.com\/index.php\/wp-json\/wp\/v2\/media\/9616"}],"wp:attachment":[{"href":"https:\/\/soindus.com\/index.php\/wp-json\/wp\/v2\/media?parent=9615"}],"wp:term":[{"taxonomy":"product_brand","embeddable":true,"href":"https:\/\/soindus.com\/index.php\/wp-json\/wp\/v2\/product_brand?post=9615"},{"taxonomy":"product_cat","embeddable":true,"href":"https:\/\/soindus.com\/index.php\/wp-json\/wp\/v2\/product_cat?post=9615"},{"taxonomy":"product_tag","embeddable":true,"href":"https:\/\/soindus.com\/index.php\/wp-json\/wp\/v2\/product_tag?post=9615"}],"curies":[{"name":"wp","href":"https:\/\/api.w.org\/{rel}","templated":true}]}}