{"id":9587,"date":"2023-09-06T20:32:21","date_gmt":"2023-09-06T20:32:21","guid":{"rendered":"https:\/\/soindus.com\/?post_type=product&#038;p=9587"},"modified":"2023-11-06T21:43:57","modified_gmt":"2023-11-06T21:43:57","slug":"expertbook-p1-p1412cea-ek0024x-procesador-intel-core-i5-1135g7-disco-solido-256gb-ram-8gb-14-pulgadas-w11pro","status":"publish","type":"product","link":"https:\/\/soindus.com\/index.php\/producto\/expertbook-p1-p1412cea-ek0024x-procesador-intel-core-i5-1135g7-disco-solido-256gb-ram-8gb-14-pulgadas-w11pro\/","title":{"rendered":"EXPERTBOOK P1 P1412CEA-EK0024X PROCESADOR INTEL CORE I5-1135G7 DISCO SOLIDO 256GB RAM 8GB 14 PULGADAS W11PRO"},"content":{"rendered":"<table>\n<tbody>\n<tr>\n<th colspan=\"2\"><span id=\"ctl00_PlaceHolderMain_pdBottomControl_pdExtSpecControl_ctl00_subHeadingLabel\">Almacenamiento<\/span><\/th>\n<\/tr>\n<tr>\n<td class=\"attribute\">Tipo de Controlador:<\/td>\n<td>SSD<a id=\"ctl00_PlaceHolderMain_pdBottomControl_pdExtSpecControl_ctl00_dataRepeater_ctl00_attrValueLink\" target=\"_blank\" rel=\"noopener\"><\/a><\/td>\n<\/tr>\n<tr>\n<td class=\"attribute\">Tipo de Unidad \u00d3ptica:<\/td>\n<td>No<a id=\"ctl00_PlaceHolderMain_pdBottomControl_pdExtSpecControl_ctl00_dataRepeater_ctl01_attrValueLink\" target=\"_blank\" rel=\"noopener\"><\/a><\/td>\n<\/tr>\n<tr>\n<td class=\"attribute\">Capacidad Total de la Unidad de Estado S\u00f3lido (SSD):<\/td>\n<td>256GB<a id=\"ctl00_PlaceHolderMain_pdBottomControl_pdExtSpecControl_ctl00_dataRepeater_ctl02_attrValueLink\" target=\"_blank\" rel=\"noopener\"><\/a><\/td>\n<\/tr>\n<tr>\n<td class=\"attribute\">Factor de forma de SSD:<\/td>\n<td>NVMe M.2 PCI Express<a id=\"ctl00_PlaceHolderMain_pdBottomControl_pdExtSpecControl_ctl00_dataRepeater_ctl03_attrValueLink\" target=\"_blank\" rel=\"noopener\"><\/a><\/td>\n<\/tr>\n<\/tbody>\n<\/table>\n<table>\n<tbody>\n<tr>\n<th colspan=\"2\"><span id=\"ctl00_PlaceHolderMain_pdBottomControl_pdExtSpecControl_ctl01_subHeadingLabel\">Basic<\/span><\/th>\n<\/tr>\n<tr>\n<td class=\"attribute\">Tipo de Producto:<\/td>\n<td>Port\u00e1til<a id=\"ctl00_PlaceHolderMain_pdBottomControl_pdExtSpecControl_ctl01_dataRepeater_ctl00_attrValueLink\" target=\"_blank\" rel=\"noopener\"><\/a><\/td>\n<\/tr>\n<tr>\n<td class=\"attribute\">N\u00famero de Celdas:<\/td>\n<td>2-Celdas<a id=\"ctl00_PlaceHolderMain_pdBottomControl_pdExtSpecControl_ctl01_dataRepeater_ctl01_attrValueLink\" target=\"_blank\" rel=\"noopener\"><\/a><\/td>\n<\/tr>\n<tr>\n<td class=\"attribute\">Resoluci\u00f3n de la Pantalla:<\/td>\n<td>1920 x 1080<a id=\"ctl00_PlaceHolderMain_pdBottomControl_pdExtSpecControl_ctl01_dataRepeater_ctl02_attrValueLink\" target=\"_blank\" rel=\"noopener\"><\/a><\/td>\n<\/tr>\n<tr>\n<td class=\"attribute\">Peso (Aproximado):<\/td>\n<td>1.50kg<a id=\"ctl00_PlaceHolderMain_pdBottomControl_pdExtSpecControl_ctl01_dataRepeater_ctl03_attrValueLink\" target=\"_blank\" rel=\"noopener\"><\/a><\/td>\n<\/tr>\n<tr>\n<td class=\"attribute\">Sistema Operativo:<\/td>\n<td>Windows 10 Pro<a id=\"ctl00_PlaceHolderMain_pdBottomControl_pdExtSpecControl_ctl01_dataRepeater_ctl04_attrValueLink\" target=\"_blank\" rel=\"noopener\"><\/a><\/td>\n<\/tr>\n<tr>\n<td class=\"attribute\">Chipset:<\/td>\n<td>Intel<a id=\"ctl00_PlaceHolderMain_pdBottomControl_pdExtSpecControl_ctl01_dataRepeater_ctl05_attrValueLink\" target=\"_blank\" rel=\"noopener\"><\/a><\/td>\n<\/tr>\n<tr>\n<td class=\"attribute\">Tipo de Controlador:<\/td>\n<td>SSD<a id=\"ctl00_PlaceHolderMain_pdBottomControl_pdExtSpecControl_ctl01_dataRepeater_ctl06_attrValueLink\" target=\"_blank\" rel=\"noopener\"><\/a><\/td>\n<\/tr>\n<tr>\n<td class=\"attribute\">Velocidad de Procesador:<\/td>\n<td>2.40GHz<a id=\"ctl00_PlaceHolderMain_pdBottomControl_pdExtSpecControl_ctl01_dataRepeater_ctl07_attrValueLink\" target=\"_blank\" rel=\"noopener\"><\/a><\/td>\n<\/tr>\n<tr>\n<td class=\"attribute\">Tipo de Procesador:<\/td>\n<td>Core i5<a id=\"ctl00_PlaceHolderMain_pdBottomControl_pdExtSpecControl_ctl01_dataRepeater_ctl08_attrValueLink\" target=\"_blank\" rel=\"noopener\"><\/a><\/td>\n<\/tr>\n<tr>\n<td class=\"attribute\">Tama\u00f1o de Pantalla:<\/td>\n<td>35.6cm (14&#8243;)<a id=\"ctl00_PlaceHolderMain_pdBottomControl_pdExtSpecControl_ctl01_dataRepeater_ctl09_attrValueLink\" target=\"_blank\" rel=\"noopener\"><\/a><\/td>\n<\/tr>\n<tr>\n<td class=\"attribute\">Nombre de Marca:<\/td>\n<td>Asus<a id=\"ctl00_PlaceHolderMain_pdBottomControl_pdExtSpecControl_ctl01_dataRepeater_ctl10_attrValueLink\" target=\"_blank\" rel=\"noopener\"><\/a><\/td>\n<\/tr>\n<tr>\n<td class=\"attribute\">Modo de Pantalla:<\/td>\n<td>Full HD<a id=\"ctl00_PlaceHolderMain_pdBottomControl_pdExtSpecControl_ctl01_dataRepeater_ctl11_attrValueLink\" target=\"_blank\" rel=\"noopener\"><\/a><\/td>\n<\/tr>\n<tr>\n<td class=\"attribute\">Modelo de Procesador:<\/td>\n<td>i5-1135G7<a id=\"ctl00_PlaceHolderMain_pdBottomControl_pdExtSpecControl_ctl01_dataRepeater_ctl12_attrValueLink\" target=\"_blank\" rel=\"noopener\"><\/a><\/td>\n<\/tr>\n<tr>\n<td class=\"attribute\">N\u00facleo del Procesador:<\/td>\n<td>Quad-core (4 Core)<a id=\"ctl00_PlaceHolderMain_pdBottomControl_pdExtSpecControl_ctl01_dataRepeater_ctl13_attrValueLink\" target=\"_blank\" rel=\"noopener\"><\/a><\/td>\n<\/tr>\n<tr>\n<td class=\"attribute\">Pantalla T\u00e1ctil:<\/td>\n<td>No<a id=\"ctl00_PlaceHolderMain_pdBottomControl_pdExtSpecControl_ctl01_dataRepeater_ctl14_attrValueLink\" target=\"_blank\" rel=\"noopener\"><\/a><\/td>\n<\/tr>\n<tr>\n<td class=\"attribute\">Fabricante de Procesador:<\/td>\n<td>Intel<a id=\"ctl00_PlaceHolderMain_pdBottomControl_pdExtSpecControl_ctl01_dataRepeater_ctl15_attrValueLink\" target=\"_blank\" rel=\"noopener\"><\/a><\/td>\n<\/tr>\n<tr>\n<td class=\"attribute\">Fabricante de Controlador Gr\u00e1fico:<\/td>\n<td>Intel<a id=\"ctl00_PlaceHolderMain_pdBottomControl_pdExtSpecControl_ctl01_dataRepeater_ctl16_attrValueLink\" target=\"_blank\" rel=\"noopener\"><\/a><\/td>\n<\/tr>\n<tr>\n<td class=\"attribute\">Modelo de Controlador de Gr\u00e1ficos:<\/td>\n<td>Iris Xe Graphics<a id=\"ctl00_PlaceHolderMain_pdBottomControl_pdExtSpecControl_ctl01_dataRepeater_ctl17_attrValueLink\" target=\"_blank\" rel=\"noopener\"><\/a><\/td>\n<\/tr>\n<tr>\n<td class=\"attribute\">Bluetooth:<\/td>\n<td>S\u00ed<a id=\"ctl00_PlaceHolderMain_pdBottomControl_pdExtSpecControl_ctl01_dataRepeater_ctl18_attrValueLink\" target=\"_blank\" rel=\"noopener\"><\/a><\/td>\n<\/tr>\n<tr>\n<td class=\"attribute\">Tipo de Unidad \u00d3ptica:<\/td>\n<td>No<a id=\"ctl00_PlaceHolderMain_pdBottomControl_pdExtSpecControl_ctl01_dataRepeater_ctl19_attrValueLink\" target=\"_blank\" rel=\"noopener\"><\/a><\/td>\n<\/tr>\n<tr>\n<td class=\"attribute\">Accesibilidad de Memoria Gr\u00e1fica:<\/td>\n<td>Compartido<a id=\"ctl00_PlaceHolderMain_pdBottomControl_pdExtSpecControl_ctl01_dataRepeater_ctl20_attrValueLink\" target=\"_blank\" rel=\"noopener\"><\/a><\/td>\n<\/tr>\n<tr>\n<td class=\"attribute\">Lector de huellas digitales:<\/td>\n<td>S\u00ed<a id=\"ctl00_PlaceHolderMain_pdBottomControl_pdExtSpecControl_ctl01_dataRepeater_ctl21_attrValueLink\" target=\"_blank\" rel=\"noopener\"><\/a><\/td>\n<\/tr>\n<tr>\n<td class=\"attribute\">Est\u00e1dar LAN sin Cable:<\/td>\n<td>IEEE 802.11ac<a id=\"ctl00_PlaceHolderMain_pdBottomControl_pdExtSpecControl_ctl01_dataRepeater_ctl22_attrValueLink\" target=\"_blank\" rel=\"noopener\"><\/a><\/td>\n<\/tr>\n<tr>\n<td class=\"attribute\">HDMI:<\/td>\n<td>S\u00ed<a id=\"ctl00_PlaceHolderMain_pdBottomControl_pdExtSpecControl_ctl01_dataRepeater_ctl23_attrValueLink\" target=\"_blank\" rel=\"noopener\"><\/a><\/td>\n<\/tr>\n<tr>\n<td class=\"attribute\">Potencia m\u00e1xima de alimentaci\u00f3n:<\/td>\n<td>45W<a id=\"ctl00_PlaceHolderMain_pdBottomControl_pdExtSpecControl_ctl01_dataRepeater_ctl24_attrValueLink\" target=\"_blank\" rel=\"noopener\"><\/a><\/td>\n<\/tr>\n<tr>\n<td class=\"attribute\">Familia de producto:<\/td>\n<td>ExpertBook P1412<a id=\"ctl00_PlaceHolderMain_pdBottomControl_pdExtSpecControl_ctl01_dataRepeater_ctl25_attrValueLink\" target=\"_blank\" rel=\"noopener\"><\/a><\/td>\n<\/tr>\n<tr>\n<td class=\"attribute\">N\u00famero total de puertos USB:<\/td>\n<td>4<a id=\"ctl00_PlaceHolderMain_pdBottomControl_pdExtSpecControl_ctl01_dataRepeater_ctl26_attrValueLink\" target=\"_blank\" rel=\"noopener\"><\/a><\/td>\n<\/tr>\n<tr>\n<td class=\"attribute\">Capacidad Total de la Unidad de Estado S\u00f3lido (SSD):<\/td>\n<td>256GB<a id=\"ctl00_PlaceHolderMain_pdBottomControl_pdExtSpecControl_ctl01_dataRepeater_ctl27_attrValueLink\" target=\"_blank\" rel=\"noopener\"><\/a><\/td>\n<\/tr>\n<tr>\n<td class=\"attribute\">Plataforma del sistema operativo:<\/td>\n<td>Windows<a id=\"ctl00_PlaceHolderMain_pdBottomControl_pdExtSpecControl_ctl01_dataRepeater_ctl28_attrValueLink\" target=\"_blank\" rel=\"noopener\"><\/a><\/td>\n<\/tr>\n<tr>\n<td class=\"attribute\">Generaci\u00f3n del procesor:<\/td>\n<td>11a generaci\u00f3n<a id=\"ctl00_PlaceHolderMain_pdBottomControl_pdExtSpecControl_ctl01_dataRepeater_ctl29_attrValueLink\" target=\"_blank\" rel=\"noopener\"><\/a><\/td>\n<\/tr>\n<tr>\n<td class=\"attribute\">Energy Star:<\/td>\n<td>S\u00ed<a id=\"ctl00_PlaceHolderMain_pdBottomControl_pdExtSpecControl_ctl01_dataRepeater_ctl30_attrValueLink\" target=\"_blank\" rel=\"noopener\"><\/a><\/td>\n<\/tr>\n<tr>\n<td class=\"attribute\">Color del producto:<\/td>\n<td>Gris pizarra<a id=\"ctl00_PlaceHolderMain_pdBottomControl_pdExtSpecControl_ctl01_dataRepeater_ctl31_attrValueLink\" target=\"_blank\" rel=\"noopener\"><\/a><\/td>\n<\/tr>\n<tr>\n<td class=\"attribute\">Memoria Total del Sistema Instalada:<\/td>\n<td>8GB<a id=\"ctl00_PlaceHolderMain_pdBottomControl_pdExtSpecControl_ctl01_dataRepeater_ctl32_attrValueLink\" target=\"_blank\" rel=\"noopener\"><\/a><\/td>\n<\/tr>\n<\/tbody>\n<\/table>\n<table>\n<tbody>\n<tr>\n<th colspan=\"2\"><span id=\"ctl00_PlaceHolderMain_pdBottomControl_pdExtSpecControl_ctl02_subHeadingLabel\">Caracter\u00edsticas F\u00edsicas<\/span><\/th>\n<\/tr>\n<tr>\n<td class=\"attribute\">Peso (Aproximado):<\/td>\n<td>1.50kg<a id=\"ctl00_PlaceHolderMain_pdBottomControl_pdExtSpecControl_ctl02_dataRepeater_ctl00_attrValueLink\" target=\"_blank\" rel=\"noopener\"><\/a><\/td>\n<\/tr>\n<tr>\n<td class=\"attribute\">Altura:<\/td>\n<td>20.40mm<a id=\"ctl00_PlaceHolderMain_pdBottomControl_pdExtSpecControl_ctl02_dataRepeater_ctl01_attrValueLink\" target=\"_blank\" rel=\"noopener\"><\/a><\/td>\n<\/tr>\n<tr>\n<td class=\"attribute\">Anchura:<\/td>\n<td>325.4mm<a id=\"ctl00_PlaceHolderMain_pdBottomControl_pdExtSpecControl_ctl02_dataRepeater_ctl02_attrValueLink\" target=\"_blank\" rel=\"noopener\"><\/a><\/td>\n<\/tr>\n<tr>\n<td class=\"attribute\">Profundidad:<\/td>\n<td>216mm<a id=\"ctl00_PlaceHolderMain_pdBottomControl_pdExtSpecControl_ctl02_dataRepeater_ctl03_attrValueLink\" target=\"_blank\" rel=\"noopener\"><\/a><\/td>\n<\/tr>\n<tr>\n<td class=\"attribute\">Color del producto:<\/td>\n<td>Gris pizarra<a id=\"ctl00_PlaceHolderMain_pdBottomControl_pdExtSpecControl_ctl02_dataRepeater_ctl04_attrValueLink\" target=\"_blank\" rel=\"noopener\"><\/a><\/td>\n<\/tr>\n<\/tbody>\n<\/table>\n<table>\n<tbody>\n<tr>\n<th colspan=\"2\"><span id=\"ctl00_PlaceHolderMain_pdBottomControl_pdExtSpecControl_ctl03_subHeadingLabel\">Chipset<\/span><\/th>\n<\/tr>\n<tr>\n<td class=\"attribute\">Fabricante de Chipset:<\/td>\n<td>Intel<a id=\"ctl00_PlaceHolderMain_pdBottomControl_pdExtSpecControl_ctl03_dataRepeater_ctl00_attrValueLink\" target=\"_blank\" rel=\"noopener\"><\/a><\/td>\n<\/tr>\n<\/tbody>\n<\/table>\n<table>\n<tbody>\n<tr>\n<th colspan=\"2\"><span id=\"ctl00_PlaceHolderMain_pdBottomControl_pdExtSpecControl_ctl04_subHeadingLabel\">Descripci\u00f3n de la Alimentaci\u00f3n<\/span><\/th>\n<\/tr>\n<tr>\n<td class=\"attribute\">Potencia m\u00e1xima de alimentaci\u00f3n:<\/td>\n<td>45W<a id=\"ctl00_PlaceHolderMain_pdBottomControl_pdExtSpecControl_ctl04_dataRepeater_ctl00_attrValueLink\" target=\"_blank\" rel=\"noopener\"><\/a><\/td>\n<\/tr>\n<\/tbody>\n<\/table>\n<table>\n<tbody>\n<tr>\n<th colspan=\"2\"><span id=\"ctl00_PlaceHolderMain_pdBottomControl_pdExtSpecControl_ctl05_subHeadingLabel\">Dispositivos Incorporados<\/span><\/th>\n<\/tr>\n<tr>\n<td class=\"attribute\">Lector de huellas digitales:<\/td>\n<td>S\u00ed<a id=\"ctl00_PlaceHolderMain_pdBottomControl_pdExtSpecControl_ctl05_dataRepeater_ctl00_attrValueLink\" target=\"_blank\" rel=\"noopener\"><\/a><\/td>\n<\/tr>\n<tr>\n<td class=\"attribute\">C\u00e1mara Frontal\/C\u00e1mara Web:<\/td>\n<td>S\u00ed<a id=\"ctl00_PlaceHolderMain_pdBottomControl_pdExtSpecControl_ctl05_dataRepeater_ctl01_attrValueLink\" target=\"_blank\" rel=\"noopener\"><\/a><\/td>\n<\/tr>\n<\/tbody>\n<\/table>\n<table>\n<tbody>\n<tr>\n<th colspan=\"2\"><span id=\"ctl00_PlaceHolderMain_pdBottomControl_pdExtSpecControl_ctl06_subHeadingLabel\">Informaci\u00f3n General<\/span><\/th>\n<\/tr>\n<tr>\n<td class=\"attribute\">Tipo de Producto:<\/td>\n<td>Port\u00e1til<a id=\"ctl00_PlaceHolderMain_pdBottomControl_pdExtSpecControl_ctl06_dataRepeater_ctl00_attrValueLink\" target=\"_blank\" rel=\"noopener\"><\/a><\/td>\n<\/tr>\n<tr>\n<td class=\"attribute\">C\u00f3digo de Fabricante:<\/td>\n<td>90NX05D1-M000T0<a id=\"ctl00_PlaceHolderMain_pdBottomControl_pdExtSpecControl_ctl06_dataRepeater_ctl01_attrValueLink\" target=\"_blank\" rel=\"noopener\"><\/a><\/td>\n<\/tr>\n<tr>\n<td class=\"attribute\">Direcci\u00f3n Web de Fabricante:<\/td>\n<td><a id=\"ctl00_PlaceHolderMain_pdBottomControl_pdExtSpecControl_ctl06_dataRepeater_ctl02_attrValueLink\" href=\"http:\/\/www.asus.com\/\" target=\"_blank\" rel=\"noopener\">http:\/\/www.asus.com<\/a><\/td>\n<\/tr>\n<tr>\n<td class=\"attribute\">Fabricante:<\/td>\n<td>ASUS Computer International<a id=\"ctl00_PlaceHolderMain_pdBottomControl_pdExtSpecControl_ctl06_dataRepeater_ctl03_attrValueLink\" target=\"_blank\" rel=\"noopener\"><\/a><\/td>\n<\/tr>\n<tr>\n<td class=\"attribute\">Modelo de Producto:<\/td>\n<td>P1412CEA-EK0024X<a id=\"ctl00_PlaceHolderMain_pdBottomControl_pdExtSpecControl_ctl06_dataRepeater_ctl04_attrValueLink\" target=\"_blank\" rel=\"noopener\"><\/a><\/td>\n<\/tr>\n<tr>\n<td class=\"attribute\">Nombre de Producto:<\/td>\n<td>Port\u00e1til ExpertBook P1412CEA-EK0024X<a id=\"ctl00_PlaceHolderMain_pdBottomControl_pdExtSpecControl_ctl06_dataRepeater_ctl05_attrValueLink\" target=\"_blank\" rel=\"noopener\"><\/a><\/td>\n<\/tr>\n<tr>\n<td class=\"attribute\">L\u00ednea de Producto:<\/td>\n<td>ExpertBook<a id=\"ctl00_PlaceHolderMain_pdBottomControl_pdExtSpecControl_ctl06_dataRepeater_ctl06_attrValueLink\" target=\"_blank\" rel=\"noopener\"><\/a><\/td>\n<\/tr>\n<tr>\n<td class=\"attribute\">Gama de Producto:<\/td>\n<td>P1412<a id=\"ctl00_PlaceHolderMain_pdBottomControl_pdExtSpecControl_ctl06_dataRepeater_ctl07_attrValueLink\" target=\"_blank\" rel=\"noopener\"><\/a><\/td>\n<\/tr>\n<tr>\n<td class=\"attribute\">Nombre de Marca:<\/td>\n<td>Asus<a id=\"ctl00_PlaceHolderMain_pdBottomControl_pdExtSpecControl_ctl06_dataRepeater_ctl08_attrValueLink\" target=\"_blank\" rel=\"noopener\"><\/a><\/td>\n<\/tr>\n<\/tbody>\n<\/table>\n<table>\n<tbody>\n<tr>\n<th colspan=\"2\"><span id=\"ctl00_PlaceHolderMain_pdBottomControl_pdExtSpecControl_ctl07_subHeadingLabel\">Informaci\u00f3n de Bater\u00edas<\/span><\/th>\n<\/tr>\n<tr>\n<td class=\"attribute\">N\u00famero de Celdas:<\/td>\n<td>2-Celdas<a id=\"ctl00_PlaceHolderMain_pdBottomControl_pdExtSpecControl_ctl07_dataRepeater_ctl00_attrValueLink\" target=\"_blank\" rel=\"noopener\"><\/a><\/td>\n<\/tr>\n<\/tbody>\n<\/table>\n<table>\n<tbody>\n<tr>\n<th colspan=\"2\"><span id=\"ctl00_PlaceHolderMain_pdBottomControl_pdExtSpecControl_ctl08_subHeadingLabel\">Interfaces\/Puertos<\/span><\/th>\n<\/tr>\n<tr>\n<td class=\"attribute\">HDMI:<\/td>\n<td>S\u00ed<a id=\"ctl00_PlaceHolderMain_pdBottomControl_pdExtSpecControl_ctl08_dataRepeater_ctl00_attrValueLink\" target=\"_blank\" rel=\"noopener\"><\/a><\/td>\n<\/tr>\n<tr>\n<td class=\"attribute\">N\u00famero total de puertos USB:<\/td>\n<td>4<a id=\"ctl00_PlaceHolderMain_pdBottomControl_pdExtSpecControl_ctl08_dataRepeater_ctl01_attrValueLink\" target=\"_blank\" rel=\"noopener\"><\/a><\/td>\n<\/tr>\n<\/tbody>\n<\/table>\n<table>\n<tbody>\n<tr>\n<th colspan=\"2\"><span id=\"ctl00_PlaceHolderMain_pdBottomControl_pdExtSpecControl_ctl09_subHeadingLabel\">Memoria<\/span><\/th>\n<\/tr>\n<tr>\n<td class=\"attribute\">N\u00famero de Ranuras de Memoria Libres:<\/td>\n<td>1<a id=\"ctl00_PlaceHolderMain_pdBottomControl_pdExtSpecControl_ctl09_dataRepeater_ctl00_attrValueLink\" target=\"_blank\" rel=\"noopener\"><\/a><\/td>\n<\/tr>\n<tr>\n<td class=\"attribute\">N\u00famero de ranuras de memoria ocupadas:<\/td>\n<td>0<a id=\"ctl00_PlaceHolderMain_pdBottomControl_pdExtSpecControl_ctl09_dataRepeater_ctl01_attrValueLink\" target=\"_blank\" rel=\"noopener\"><\/a><\/td>\n<\/tr>\n<tr>\n<td class=\"attribute\">Tecnolog\u00eda de memoria integrada:<\/td>\n<td>DDR4 SDRAM<a id=\"ctl00_PlaceHolderMain_pdBottomControl_pdExtSpecControl_ctl09_dataRepeater_ctl02_attrValueLink\" target=\"_blank\" rel=\"noopener\"><\/a><\/td>\n<\/tr>\n<tr>\n<td class=\"attribute\">Memoria Total del Sistema Instalada:<\/td>\n<td>8GB<a id=\"ctl00_PlaceHolderMain_pdBottomControl_pdExtSpecControl_ctl09_dataRepeater_ctl03_attrValueLink\" target=\"_blank\" rel=\"noopener\"><\/a><\/td>\n<\/tr>\n<tr>\n<td class=\"attribute\">Velocidad de memoria del sistema:<\/td>\n<td>En Placa<a id=\"ctl00_PlaceHolderMain_pdBottomControl_pdExtSpecControl_ctl09_dataRepeater_ctl04_attrValueLink\" target=\"_blank\" rel=\"noopener\"><\/a><\/td>\n<\/tr>\n<\/tbody>\n<\/table>\n<table>\n<tbody>\n<tr>\n<th colspan=\"2\"><span id=\"ctl00_PlaceHolderMain_pdBottomControl_pdExtSpecControl_ctl10_subHeadingLabel\">Pantalla y gr\u00e1ficos<\/span><\/th>\n<\/tr>\n<tr>\n<td class=\"attribute\">Resoluci\u00f3n de la Pantalla:<\/td>\n<td>1920 x 1080<a id=\"ctl00_PlaceHolderMain_pdBottomControl_pdExtSpecControl_ctl10_dataRepeater_ctl00_attrValueLink\" target=\"_blank\" rel=\"noopener\"><\/a><\/td>\n<\/tr>\n<tr>\n<td class=\"attribute\">Tama\u00f1o de Pantalla:<\/td>\n<td>35.6cm (14&#8243;)<a id=\"ctl00_PlaceHolderMain_pdBottomControl_pdExtSpecControl_ctl10_dataRepeater_ctl01_attrValueLink\" target=\"_blank\" rel=\"noopener\"><\/a><\/td>\n<\/tr>\n<tr>\n<td class=\"attribute\">Modo de Pantalla:<\/td>\n<td>Full HD<a id=\"ctl00_PlaceHolderMain_pdBottomControl_pdExtSpecControl_ctl10_dataRepeater_ctl02_attrValueLink\" target=\"_blank\" rel=\"noopener\"><\/a><\/td>\n<\/tr>\n<tr>\n<td class=\"attribute\">Pantalla T\u00e1ctil:<\/td>\n<td>No<a id=\"ctl00_PlaceHolderMain_pdBottomControl_pdExtSpecControl_ctl10_dataRepeater_ctl03_attrValueLink\" target=\"_blank\" rel=\"noopener\"><\/a><\/td>\n<\/tr>\n<tr>\n<td class=\"attribute\">\u00cdndice de refresco est\u00e1ndar:<\/td>\n<td>60Hz<a id=\"ctl00_PlaceHolderMain_pdBottomControl_pdExtSpecControl_ctl10_dataRepeater_ctl04_attrValueLink\" target=\"_blank\" rel=\"noopener\"><\/a><\/td>\n<\/tr>\n<tr>\n<td class=\"attribute\">Fabricante de Controlador Gr\u00e1fico:<\/td>\n<td>Intel<a id=\"ctl00_PlaceHolderMain_pdBottomControl_pdExtSpecControl_ctl10_dataRepeater_ctl05_attrValueLink\" target=\"_blank\" rel=\"noopener\"><\/a><\/td>\n<\/tr>\n<tr>\n<td class=\"attribute\">Modelo de Controlador de Gr\u00e1ficos:<\/td>\n<td>Iris Xe Graphics<a id=\"ctl00_PlaceHolderMain_pdBottomControl_pdExtSpecControl_ctl10_dataRepeater_ctl06_attrValueLink\" target=\"_blank\" rel=\"noopener\"><\/a><\/td>\n<\/tr>\n<tr>\n<td class=\"attribute\">Tecnolog\u00eda de Memoria de Gr\u00e1ficos:<\/td>\n<td>DDR4 SDRAM<a id=\"ctl00_PlaceHolderMain_pdBottomControl_pdExtSpecControl_ctl10_dataRepeater_ctl07_attrValueLink\" target=\"_blank\" rel=\"noopener\"><\/a><\/td>\n<\/tr>\n<tr>\n<td class=\"attribute\">Accesibilidad de Memoria Gr\u00e1fica:<\/td>\n<td>Compartido<a id=\"ctl00_PlaceHolderMain_pdBottomControl_pdExtSpecControl_ctl10_dataRepeater_ctl08_attrValueLink\" target=\"_blank\" rel=\"noopener\"><\/a><\/td>\n<\/tr>\n<tr>\n<td class=\"attribute\">Tecnolog\u00eda de Pantalla:<\/td>\n<td>Tru2Life<a id=\"ctl00_PlaceHolderMain_pdBottomControl_pdExtSpecControl_ctl10_dataRepeater_ctl09_attrValueLink\" target=\"_blank\" rel=\"noopener\"><\/a><\/td>\n<\/tr>\n<tr>\n<td class=\"attribute\"><\/td>\n<td>Torsi\u00f3n Nem\u00e1tica (TN)<a id=\"ctl00_PlaceHolderMain_pdBottomControl_pdExtSpecControl_ctl10_dataRepeater_ctl10_attrValueLink\" target=\"_blank\" rel=\"noopener\"><\/a><\/td>\n<\/tr>\n<tr>\n<td class=\"attribute\"><\/td>\n<td>NanoEdge<a id=\"ctl00_PlaceHolderMain_pdBottomControl_pdExtSpecControl_ctl10_dataRepeater_ctl11_attrValueLink\" target=\"_blank\" rel=\"noopener\"><\/a><\/td>\n<\/tr>\n<\/tbody>\n<\/table>\n<table>\n<tbody>\n<tr>\n<th colspan=\"2\"><span id=\"ctl00_PlaceHolderMain_pdBottomControl_pdExtSpecControl_ctl11_subHeadingLabel\">Procesador<\/span><\/th>\n<\/tr>\n<tr>\n<td class=\"attribute\">Velocidad de Procesador:<\/td>\n<td>2.40GHz<a id=\"ctl00_PlaceHolderMain_pdBottomControl_pdExtSpecControl_ctl11_dataRepeater_ctl00_attrValueLink\" target=\"_blank\" rel=\"noopener\"><\/a><\/td>\n<\/tr>\n<tr>\n<td class=\"attribute\">Tipo de Procesador:<\/td>\n<td>Core i5<a id=\"ctl00_PlaceHolderMain_pdBottomControl_pdExtSpecControl_ctl11_dataRepeater_ctl01_attrValueLink\" target=\"_blank\" rel=\"noopener\"><\/a><\/td>\n<\/tr>\n<tr>\n<td class=\"attribute\">Modelo de Procesador:<\/td>\n<td>i5-1135G7<a id=\"ctl00_PlaceHolderMain_pdBottomControl_pdExtSpecControl_ctl11_dataRepeater_ctl02_attrValueLink\" target=\"_blank\" rel=\"noopener\"><\/a><\/td>\n<\/tr>\n<tr>\n<td class=\"attribute\">N\u00facleo del Procesador:<\/td>\n<td>Quad-core (4 Core)<a id=\"ctl00_PlaceHolderMain_pdBottomControl_pdExtSpecControl_ctl11_dataRepeater_ctl03_attrValueLink\" target=\"_blank\" rel=\"noopener\"><\/a><\/td>\n<\/tr>\n<tr>\n<td class=\"attribute\">Fabricante de Procesador:<\/td>\n<td>Intel<a id=\"ctl00_PlaceHolderMain_pdBottomControl_pdExtSpecControl_ctl11_dataRepeater_ctl04_attrValueLink\" target=\"_blank\" rel=\"noopener\"><\/a><\/td>\n<\/tr>\n<tr>\n<td class=\"attribute\">Velocidad Turbo M\u00e1xima:<\/td>\n<td>4.20GHz<a id=\"ctl00_PlaceHolderMain_pdBottomControl_pdExtSpecControl_ctl11_dataRepeater_ctl05_attrValueLink\" target=\"_blank\" rel=\"noopener\"><\/a><\/td>\n<\/tr>\n<tr>\n<td class=\"attribute\">Generaci\u00f3n del procesor:<\/td>\n<td>11a generaci\u00f3n<a id=\"ctl00_PlaceHolderMain_pdBottomControl_pdExtSpecControl_ctl11_dataRepeater_ctl06_attrValueLink\" target=\"_blank\" rel=\"noopener\"><\/a><\/td>\n<\/tr>\n<\/tbody>\n<\/table>\n<table>\n<tbody>\n<tr>\n<th colspan=\"2\"><span id=\"ctl00_PlaceHolderMain_pdBottomControl_pdExtSpecControl_ctl12_subHeadingLabel\">Redes y Comunicaciones<\/span><\/th>\n<\/tr>\n<tr>\n<td class=\"attribute\">Bluetooth:<\/td>\n<td>S\u00ed<a id=\"ctl00_PlaceHolderMain_pdBottomControl_pdExtSpecControl_ctl12_dataRepeater_ctl00_attrValueLink\" target=\"_blank\" rel=\"noopener\"><\/a><\/td>\n<\/tr>\n<tr>\n<td class=\"attribute\">LAN inal\u00e1mbrica:<\/td>\n<td>S\u00ed<a id=\"ctl00_PlaceHolderMain_pdBottomControl_pdExtSpecControl_ctl12_dataRepeater_ctl01_attrValueLink\" target=\"_blank\" rel=\"noopener\"><\/a><\/td>\n<\/tr>\n<tr>\n<td class=\"attribute\">Est\u00e1dar LAN sin Cable:<\/td>\n<td>IEEE 802.11ac<a id=\"ctl00_PlaceHolderMain_pdBottomControl_pdExtSpecControl_ctl12_dataRepeater_ctl02_attrValueLink\" target=\"_blank\" rel=\"noopener\"><\/a><\/td>\n<\/tr>\n<\/tbody>\n<\/table>\n<table>\n<tbody>\n<tr>\n<th colspan=\"2\"><span id=\"ctl00_PlaceHolderMain_pdBottomControl_pdExtSpecControl_ctl13_subHeadingLabel\">Sistema Operativo<\/span><\/th>\n<\/tr>\n<tr>\n<td class=\"attribute\">Sistema Operativo:<\/td>\n<td>Windows 10 Pro<a id=\"ctl00_PlaceHolderMain_pdBottomControl_pdExtSpecControl_ctl13_dataRepeater_ctl00_attrValueLink\" target=\"_blank\" rel=\"noopener\"><\/a><\/td>\n<\/tr>\n<tr>\n<td class=\"attribute\">Plataforma del sistema operativo:<\/td>\n<td>Windows<a id=\"ctl00_PlaceHolderMain_pdBottomControl_pdExtSpecControl_ctl13_dataRepeater_ctl01_attrValueLink\" target=\"_blank\" rel=\"noopener\"><\/a><\/td>\n<\/tr>\n<\/tbody>\n<\/table>\n<table>\n<tbody>\n<tr>\n<th colspan=\"2\"><span id=\"ctl00_PlaceHolderMain_pdBottomControl_pdExtSpecControl_ctl14_subHeadingLabel\">Varios<\/span><\/th>\n<\/tr>\n<tr>\n<td class=\"attribute\">Contenido de la Caja:<\/td>\n<td>\n<ul>\n<li>Port\u00e1til ExpertBook P1412CEA-EK0024X<\/li>\n<li>Bater\u00eda de i\u00f3n-litio<\/li>\n<li>Adaptador CA<\/li>\n<\/ul>\n<p>&nbsp;<\/td>\n<\/tr>\n<tr>\n<td class=\"attribute\">Caracter\u00edsticas:<\/td>\n<td>Pantalla antireflejos<a id=\"ctl00_PlaceHolderMain_pdBottomControl_pdExtSpecControl_ctl14_dataRepeater_ctl01_attrValueLink\" target=\"_blank\" rel=\"noopener\"><\/a><\/td>\n<\/tr>\n<tr>\n<td class=\"attribute\"><\/td>\n<td>Cortana<a id=\"ctl00_PlaceHolderMain_pdBottomControl_pdExtSpecControl_ctl14_dataRepeater_ctl02_attrValueLink\" target=\"_blank\" rel=\"noopener\"><\/a><\/td>\n<\/tr>\n<tr>\n<td class=\"attribute\">Respetuoso del medio ambiente:<\/td>\n<td>S\u00ed<a id=\"ctl00_PlaceHolderMain_pdBottomControl_pdExtSpecControl_ctl14_dataRepeater_ctl03_attrValueLink\" target=\"_blank\" rel=\"noopener\"><\/a><\/td>\n<\/tr>\n<tr>\n<td class=\"attribute\">Certificaci\u00f3n medioambiental:<\/td>\n<td>RoHS<a id=\"ctl00_PlaceHolderMain_pdBottomControl_pdExtSpecControl_ctl14_dataRepeater_ctl04_attrValueLink\" target=\"_blank\" rel=\"noopener\"><\/a><\/td>\n<\/tr>\n<tr>\n<td class=\"attribute\"><\/td>\n<td>ENERGY STAR 8.0<a id=\"ctl00_PlaceHolderMain_pdBottomControl_pdExtSpecControl_ctl14_dataRepeater_ctl05_attrValueLink\" target=\"_blank\" rel=\"noopener\"><\/a><\/td>\n<\/tr>\n<tr>\n<td class=\"attribute\">Energy Star:<\/td>\n<td>S\u00ed<\/td>\n<\/tr>\n<\/tbody>\n<\/table>\n","protected":false},"excerpt":{"rendered":"<p>Almacenamiento Tipo de Controlador: SSD Tipo de Unidad \u00d3ptica: No Capacidad Total de la Unidad de Estado S\u00f3lido (SSD): 256GB Factor de forma de SSD: NVMe M.2 PCI Express Basic Tipo de Producto: Port\u00e1til N\u00famero de Celdas: 2-Celdas Resoluci\u00f3n de la Pantalla: 1920 x 1080 Peso (Aproximado): 1.50kg Sistema Operativo: Windows 10 Pro Chipset: Intel&#8230;<\/p>\n","protected":false},"featured_media":9589,"template":"","meta":{"_acf_changed":false},"product_brand":[],"product_cat":[75,81],"product_tag":[],"class_list":{"0":"post-9587","1":"product","2":"type-product","3":"status-publish","4":"has-post-thumbnail","6":"product_cat-computadores-servidores-y-notebooks","7":"product_cat-notebooks","9":"first","10":"instock","11":"purchasable","12":"product-type-simple"},"acf":[],"_links":{"self":[{"href":"https:\/\/soindus.com\/index.php\/wp-json\/wp\/v2\/product\/9587","targetHints":{"allow":["GET"]}}],"collection":[{"href":"https:\/\/soindus.com\/index.php\/wp-json\/wp\/v2\/product"}],"about":[{"href":"https:\/\/soindus.com\/index.php\/wp-json\/wp\/v2\/types\/product"}],"wp:featuredmedia":[{"embeddable":true,"href":"https:\/\/soindus.com\/index.php\/wp-json\/wp\/v2\/media\/9589"}],"wp:attachment":[{"href":"https:\/\/soindus.com\/index.php\/wp-json\/wp\/v2\/media?parent=9587"}],"wp:term":[{"taxonomy":"product_brand","embeddable":true,"href":"https:\/\/soindus.com\/index.php\/wp-json\/wp\/v2\/product_brand?post=9587"},{"taxonomy":"product_cat","embeddable":true,"href":"https:\/\/soindus.com\/index.php\/wp-json\/wp\/v2\/product_cat?post=9587"},{"taxonomy":"product_tag","embeddable":true,"href":"https:\/\/soindus.com\/index.php\/wp-json\/wp\/v2\/product_tag?post=9587"}],"curies":[{"name":"wp","href":"https:\/\/api.w.org\/{rel}","templated":true}]}}