{"id":9570,"date":"2023-07-21T13:03:30","date_gmt":"2023-07-21T13:03:30","guid":{"rendered":"https:\/\/soindus.com\/?post_type=product&#038;p=9570"},"modified":"2023-11-02T15:40:06","modified_gmt":"2023-11-02T15:40:06","slug":"pahtlock","status":"publish","type":"product","link":"https:\/\/soindus.com\/index.php\/producto\/pahtlock\/","title":{"rendered":"Pathlock"},"content":{"rendered":"<section class=\"l-section wpb_row us_custom_4af741be height_custom\"><div class=\"l-section-h i-cf\"><div class=\"g-cols vc_row via_grid cols_1 laptops-cols_inherit tablets-cols_inherit mobiles-cols_1 valign_top type_default stacking_default\"><div class=\"wpb_column vc_column_container\"><div class=\"vc_column-inner\"><div class=\"wpb_text_column us_custom_ecfc9e08 has_text_color\"><div class=\"wpb_wrapper\"><h4><strong>Nuestro enfoque modular de producto le brinda al cliente un beneficio inmediato<\/strong><\/h4>\n<table class=\"mi-tabla\">\n<tbody>\n<tr>\n<td>\n<h4 class=\"mi-verde\"><strong>C\u00f3mo lo conseguimos<\/strong><\/h4>\n<\/td>\n<td>\n<h4 class=\"mi-verde\"><strong>La ventaja resultante<\/strong><\/h4>\n<\/td>\n<\/tr>\n<tr>\n<td>\n<ul>\n<li>Nuestras fusiones y adquisiciones reunieron una combinaci\u00f3n inigualable de tecnolog\u00edas que cubren una amplia gama de actividades de los clientes para la gesti\u00f3n de accesos y pruebas y automatizaci\u00f3n de controles.<\/li>\n<li>Espec\u00edficamente, dentro de ambiente SAP, ahora tenemos una amplia gama de capacidades \u00fanicas.<\/li>\n<\/ul>\n<\/td>\n<td>\n<ul>\n<li>El enfoque modular de nuestra estrategia de producto le aporta al Cliente claros beneficios y un ROI que puede comprobar f\u00e1cilmente.<\/li>\n<li>Los m\u00f3dulos en que ofrecemos nuestros portafolios nos permiten adaptar nuestras soluciones a la medida de las necesidades de cada Cliente.<\/li>\n<\/ul>\n<\/td>\n<\/tr>\n<\/tbody>\n<\/table>\n<p><a ref=\"magnificPopup\" href=\"https:\/\/soindus.com\/wp-content\/uploads\/2023\/07\/3-1.png\"><img decoding=\"async\" class=\"alignnone wp-image-9580 size-full lazyload\" data-src=\"https:\/\/soindus.com\/wp-content\/uploads\/2023\/07\/fsdfsd.jpg\" alt=\"\" width=\"1602\" height=\"715\" data-srcset=\"https:\/\/soindus.com\/wp-content\/uploads\/2023\/07\/fsdfsd.jpg 1602w, https:\/\/soindus.com\/wp-content\/uploads\/2023\/07\/fsdfsd-300x134.jpg 300w, https:\/\/soindus.com\/wp-content\/uploads\/2023\/07\/fsdfsd-1024x457.jpg 1024w, https:\/\/soindus.com\/wp-content\/uploads\/2023\/07\/fsdfsd-500x223.jpg 500w, https:\/\/soindus.com\/wp-content\/uploads\/2023\/07\/fsdfsd-600x268.jpg 600w\" data-sizes=\"(max-width: 1602px) 100vw, 1602px\" src=\"data:image\/svg+xml;base64,PHN2ZyB3aWR0aD0iMSIgaGVpZ2h0PSIxIiB4bWxucz0iaHR0cDovL3d3dy53My5vcmcvMjAwMC9zdmciPjwvc3ZnPg==\" style=\"--smush-placeholder-width: 1602px; --smush-placeholder-aspect-ratio: 1602\/715;\" \/><\/a><a class=\"modal\" ref=\"magnificPopup\" href=\"https:\/\/soindus.com\/wp-content\/uploads\/2023\/07\/3-1.png\"><img decoding=\"async\" style=\"--smush-placeholder-width: 1267px; --smush-placeholder-aspect-ratio: 1267\/723;width: 100%;\" data-src=\"https:\/\/soindus.com\/wp-content\/uploads\/2023\/07\/3-1.png\" alt=\"\" src=\"data:image\/svg+xml;base64,PHN2ZyB3aWR0aD0iMSIgaGVpZ2h0PSIxIiB4bWxucz0iaHR0cDovL3d3dy53My5vcmcvMjAwMC9zdmciPjwvc3ZnPg==\" class=\"lazyload\" \/><\/a><\/p>\n<\/div><\/div><div class=\"wpb_text_column\"><div class=\"wpb_wrapper\"><table class=\"mi-tabla\">\n<tbody>\n<tr>\n<td><\/td>\n<td><\/td>\n<td><\/td>\n<\/tr>\n<\/tbody>\n<\/table>\n<\/div><\/div><\/div><\/div><\/div><\/div><\/section>\n","protected":false},"excerpt":{"rendered":"Nuestro enfoque modular de producto le brinda al cliente un beneficio inmediato C\u00f3mo lo conseguimos La ventaja resultante Nuestras fusiones y adquisiciones reunieron una combinaci\u00f3n inigualable de tecnolog\u00edas que cubren una amplia gama de actividades de los clientes para la gesti\u00f3n de accesos y pruebas y automatizaci\u00f3n de controles. Espec\u00edficamente, dentro de ambiente SAP, ahora...","protected":false},"featured_media":9573,"template":"","meta":{"_acf_changed":false},"product_brand":[],"product_cat":[15],"product_tag":[],"class_list":{"0":"post-9570","1":"product","2":"type-product","3":"status-publish","4":"has-post-thumbnail","6":"product_cat-productos","8":"first","9":"instock","10":"taxable","11":"shipping-taxable","12":"product-type-simple"},"acf":[],"_links":{"self":[{"href":"https:\/\/soindus.com\/index.php\/wp-json\/wp\/v2\/product\/9570","targetHints":{"allow":["GET"]}}],"collection":[{"href":"https:\/\/soindus.com\/index.php\/wp-json\/wp\/v2\/product"}],"about":[{"href":"https:\/\/soindus.com\/index.php\/wp-json\/wp\/v2\/types\/product"}],"wp:featuredmedia":[{"embeddable":true,"href":"https:\/\/soindus.com\/index.php\/wp-json\/wp\/v2\/media\/9573"}],"wp:attachment":[{"href":"https:\/\/soindus.com\/index.php\/wp-json\/wp\/v2\/media?parent=9570"}],"wp:term":[{"taxonomy":"product_brand","embeddable":true,"href":"https:\/\/soindus.com\/index.php\/wp-json\/wp\/v2\/product_brand?post=9570"},{"taxonomy":"product_cat","embeddable":true,"href":"https:\/\/soindus.com\/index.php\/wp-json\/wp\/v2\/product_cat?post=9570"},{"taxonomy":"product_tag","embeddable":true,"href":"https:\/\/soindus.com\/index.php\/wp-json\/wp\/v2\/product_tag?post=9570"}],"curies":[{"name":"wp","href":"https:\/\/api.w.org\/{rel}","templated":true}]}}