{"id":9268,"date":"2023-05-31T18:24:41","date_gmt":"2023-05-31T18:24:41","guid":{"rendered":"https:\/\/soindus.com\/?post_type=product&#038;p=9268"},"modified":"2023-11-15T19:14:34","modified_gmt":"2023-11-15T19:14:34","slug":"flujo-efectivo","status":"publish","type":"product","link":"https:\/\/soindus.com\/index.php\/producto\/flujo-efectivo\/","title":{"rendered":"Flujo Efectivo"},"content":{"rendered":"<section class=\"l-section wpb_row height_custom\"><div class=\"l-section-h i-cf\"><div class=\"g-cols vc_row via_grid cols_1 laptops-cols_inherit tablets-cols_inherit mobiles-cols_1 valign_top type_default stacking_default\"><div class=\"wpb_column vc_column_container\"><div class=\"vc_column-inner\"><div class=\"wpb_text_column\"><div class=\"wpb_wrapper\"><div class=\"ItemText\"><!-- Item introtext --><\/p>\n<div class=\"itemIntroText\">\n<table id=\"tablamonitor1\">\n<tbody>\n<tr>\n<td>\n<p style=\"text-align: center;\"><b>\u00bfQu\u00e9 es Flujo Efectivo?<\/b><\/p>\n<p style=\"text-align: justify;\">El sistema de Flujo Efectivo es una herramienta administrativa que est\u00e1 concebida para solucionar integralmente la preparaci\u00f3n del Estado de Flujo de Efectivo, en concordancia con las normas contables vigentes.<\/p>\n<p style=\"text-align: justify;\">Con base en estas normas, el dise\u00f1o del sistema contempl\u00f3 todos aquellos aspectos espec\u00edficos, de orden contable y computacional, que caracterizan la clasificaci\u00f3n de los flujos de efectivo, principalmente la naturaleza de ciertas operaciones y la forma habitual de registro de las mismas.<\/p>\n<\/td>\n<td><\/td>\n<\/tr>\n<\/tbody>\n<\/table>\n<table id=\"tablamonitor2\" style=\"height: 236px;\" width=\"1064\">\n<tbody>\n<tr>\n<td>\n<ul>\n<li style=\"text-align: justify;\"><b>Es un sistema amigable: <\/b>De uso simple, que permite la utilizaci\u00f3n expedita de las opciones del men\u00fa.<\/li>\n<li style=\"text-align: justify;\"><b>Es esencialmente flexible: <\/b>Permiti\u00e9ndole a cada empresa utilizar su propia estructura contable.<\/li>\n<li style=\"text-align: justify;\"><b>El ingreso de los datos: <\/b>Requiere s\u00f3lo la utilizaci\u00f3n adecuada del traspaso directo de los comprobantes desde la contabilidad.<\/li>\n<li style=\"text-align: justify;\"><b>El proceso de codificaci\u00f3n: <\/b>De los movimientos de efectivo se realiza una sola vez, a trav\u00e9s de una asociaci\u00f3n de c\u00f3digos.<\/li>\n<li style=\"text-align: justify;\"><b>Trazabilidad suficiente: <\/b>Para realizar auditorias y an\u00e1lisis de los movimientos.<\/li>\n<\/ul>\n<\/td>\n<\/tr>\n<\/tbody>\n<\/table>\n<div>\n<p>&nbsp;<\/p>\n<\/div>\n<\/div>\n<div class=\"clr\"><\/div>\n<p><!-- Plugins: AfterDisplayContent --><br \/>\n<!-- K2 Plugins: K2AfterDisplayContent --><\/p>\n<div class=\"clr\"><\/div>\n<\/div>\n<\/div><\/div><\/div><\/div><\/div><\/div><\/section><section class=\"l-section wpb_row height_custom\"><div class=\"l-section-h i-cf\"><div class=\"g-cols vc_row via_grid cols_1 laptops-cols_inherit tablets-cols_inherit mobiles-cols_1 valign_top type_default stacking_default\"><div class=\"wpb_column vc_column_container\"><div class=\"vc_column-inner\"><div class=\"w-image align_center\"><a ref=\"magnificPopup\" href=\"https:\/\/soindus.com\/wp-content\/uploads\/2023\/05\/Imagen1.png\" aria-label=\"Imagen1\" class=\"w-image-h\"><img decoding=\"async\" width=\"1692\" height=\"573\" data-src=\"https:\/\/soindus.com\/wp-content\/uploads\/2023\/05\/Imagen1.png\" class=\"attachment-full size-full lazyload\" alt=\"\" data-srcset=\"https:\/\/soindus.com\/wp-content\/uploads\/2023\/05\/Imagen1.png 1692w, https:\/\/soindus.com\/wp-content\/uploads\/2023\/05\/Imagen1-300x102.png 300w, https:\/\/soindus.com\/wp-content\/uploads\/2023\/05\/Imagen1-1024x347.png 1024w, https:\/\/soindus.com\/wp-content\/uploads\/2023\/05\/Imagen1-500x169.png 500w, https:\/\/soindus.com\/wp-content\/uploads\/2023\/05\/Imagen1-600x203.png 600w\" data-sizes=\"auto, (max-width: 1692px) 100vw, 1692px\" src=\"data:image\/svg+xml;base64,PHN2ZyB3aWR0aD0iMSIgaGVpZ2h0PSIxIiB4bWxucz0iaHR0cDovL3d3dy53My5vcmcvMjAwMC9zdmciPjwvc3ZnPg==\" style=\"--smush-placeholder-width: 1692px; --smush-placeholder-aspect-ratio: 1692\/573;\" \/><\/a><\/div><\/div><\/div><\/div><\/div><\/section><section class=\"l-section wpb_row height_custom\"><div class=\"l-section-h i-cf\"><div class=\"g-cols vc_row via_grid cols_1 laptops-cols_inherit tablets-cols_inherit mobiles-cols_1 valign_top type_default stacking_default\"><div class=\"wpb_column vc_column_container\"><div class=\"vc_column-inner\"><div class=\"w-separator size_huge\"><\/div><div class=\"w-image align_center\"><a ref=\"magnificPopup\" href=\"https:\/\/soindus.com\/wp-content\/uploads\/2023\/05\/Imagen2.png\" aria-label=\"Imagen2\" class=\"w-image-h\"><img decoding=\"async\" width=\"1582\" height=\"743\" data-src=\"https:\/\/soindus.com\/wp-content\/uploads\/2023\/05\/Imagen2.png\" class=\"attachment-full size-full lazyload\" alt=\"\" data-srcset=\"https:\/\/soindus.com\/wp-content\/uploads\/2023\/05\/Imagen2.png 1582w, https:\/\/soindus.com\/wp-content\/uploads\/2023\/05\/Imagen2-300x141.png 300w, https:\/\/soindus.com\/wp-content\/uploads\/2023\/05\/Imagen2-1024x481.png 1024w, https:\/\/soindus.com\/wp-content\/uploads\/2023\/05\/Imagen2-500x235.png 500w, https:\/\/soindus.com\/wp-content\/uploads\/2023\/05\/Imagen2-600x282.png 600w\" data-sizes=\"auto, (max-width: 1582px) 100vw, 1582px\" src=\"data:image\/svg+xml;base64,PHN2ZyB3aWR0aD0iMSIgaGVpZ2h0PSIxIiB4bWxucz0iaHR0cDovL3d3dy53My5vcmcvMjAwMC9zdmciPjwvc3ZnPg==\" style=\"--smush-placeholder-width: 1582px; --smush-placeholder-aspect-ratio: 1582\/743;\" \/><\/a><\/div><\/div><\/div><\/div><\/div><\/section>\n","protected":false},"excerpt":{"rendered":"\u00bfQu\u00e9 es Flujo Efectivo? El sistema de Flujo Efectivo es una herramienta administrativa que est\u00e1 concebida para solucionar integralmente la preparaci\u00f3n del Estado de Flujo de Efectivo, en concordancia con las normas contables vigentes. Con base en estas normas, el dise\u00f1o del sistema contempl\u00f3 todos aquellos aspectos espec\u00edficos, de orden contable y computacional, que caracterizan...","protected":false},"featured_media":9273,"template":"","meta":{"_acf_changed":false},"product_brand":[],"product_cat":[15],"product_tag":[],"class_list":{"0":"post-9268","1":"product","2":"type-product","3":"status-publish","4":"has-post-thumbnail","6":"product_cat-productos","8":"first","9":"instock","10":"taxable","11":"shipping-taxable","12":"product-type-simple"},"acf":[],"_links":{"self":[{"href":"https:\/\/soindus.com\/index.php\/wp-json\/wp\/v2\/product\/9268","targetHints":{"allow":["GET"]}}],"collection":[{"href":"https:\/\/soindus.com\/index.php\/wp-json\/wp\/v2\/product"}],"about":[{"href":"https:\/\/soindus.com\/index.php\/wp-json\/wp\/v2\/types\/product"}],"wp:featuredmedia":[{"embeddable":true,"href":"https:\/\/soindus.com\/index.php\/wp-json\/wp\/v2\/media\/9273"}],"wp:attachment":[{"href":"https:\/\/soindus.com\/index.php\/wp-json\/wp\/v2\/media?parent=9268"}],"wp:term":[{"taxonomy":"product_brand","embeddable":true,"href":"https:\/\/soindus.com\/index.php\/wp-json\/wp\/v2\/product_brand?post=9268"},{"taxonomy":"product_cat","embeddable":true,"href":"https:\/\/soindus.com\/index.php\/wp-json\/wp\/v2\/product_cat?post=9268"},{"taxonomy":"product_tag","embeddable":true,"href":"https:\/\/soindus.com\/index.php\/wp-json\/wp\/v2\/product_tag?post=9268"}],"curies":[{"name":"wp","href":"https:\/\/api.w.org\/{rel}","templated":true}]}}