{"id":8576,"date":"2022-12-15T14:36:25","date_gmt":"2022-12-15T14:36:25","guid":{"rendered":"https:\/\/soindus.com\/?post_type=product&#038;p=8576"},"modified":"2022-12-15T14:38:40","modified_gmt":"2022-12-15T14:38:40","slug":"simpliroute","status":"publish","type":"product","link":"https:\/\/soindus.com\/index.php\/producto\/simpliroute\/","title":{"rendered":"Simpliroute"},"content":{"rendered":"<table id=\"tablamonitor1\">\n<tbody>\n<tr>\n<td><b>\u00bfQu\u00e9 es el env\u00edo de Plan de Ruta \u2013 Visitas a SimpliRoute? <\/b><\/p>\n<p>SimpliRoute otorga a tu empresa la r\u00e1pida implementaci\u00f3n de una beneficiosa herramienta que integra ERP SAP con esta innovadora APP-Web.<\/p>\n<p>El env\u00edo de Plan de Ruta \u2013 Visita a SimpliRoute es una r\u00e1pida y simple manera para tener una integraci\u00f3n inmediata en el momento de crear, modificar y dar seguimiento a tus Planes de Ruta- Visitas desde SAP hacia SimpliRoute.<\/td>\n<\/tr>\n<\/tbody>\n<\/table>\n","protected":false},"excerpt":{"rendered":"<p>\u00bfQu\u00e9 es el env\u00edo de Plan de Ruta \u2013 Visitas a SimpliRoute? SimpliRoute otorga a tu empresa la r\u00e1pida implementaci\u00f3n de una beneficiosa herramienta que integra ERP SAP con esta innovadora APP-Web. El env\u00edo de Plan de Ruta \u2013 Visita a SimpliRoute es una r\u00e1pida y simple manera para tener una integraci\u00f3n inmediata en el&#8230;<\/p>\n","protected":false},"featured_media":8577,"template":"","meta":{"_acf_changed":false},"product_brand":[],"product_cat":[15],"product_tag":[],"class_list":{"0":"post-8576","1":"product","2":"type-product","3":"status-publish","4":"has-post-thumbnail","6":"product_cat-productos","8":"first","9":"instock","10":"taxable","11":"shipping-taxable","12":"product-type-simple"},"acf":[],"_links":{"self":[{"href":"https:\/\/soindus.com\/index.php\/wp-json\/wp\/v2\/product\/8576","targetHints":{"allow":["GET"]}}],"collection":[{"href":"https:\/\/soindus.com\/index.php\/wp-json\/wp\/v2\/product"}],"about":[{"href":"https:\/\/soindus.com\/index.php\/wp-json\/wp\/v2\/types\/product"}],"wp:featuredmedia":[{"embeddable":true,"href":"https:\/\/soindus.com\/index.php\/wp-json\/wp\/v2\/media\/8577"}],"wp:attachment":[{"href":"https:\/\/soindus.com\/index.php\/wp-json\/wp\/v2\/media?parent=8576"}],"wp:term":[{"taxonomy":"product_brand","embeddable":true,"href":"https:\/\/soindus.com\/index.php\/wp-json\/wp\/v2\/product_brand?post=8576"},{"taxonomy":"product_cat","embeddable":true,"href":"https:\/\/soindus.com\/index.php\/wp-json\/wp\/v2\/product_cat?post=8576"},{"taxonomy":"product_tag","embeddable":true,"href":"https:\/\/soindus.com\/index.php\/wp-json\/wp\/v2\/product_tag?post=8576"}],"curies":[{"name":"wp","href":"https:\/\/api.w.org\/{rel}","templated":true}]}}