{"id":8508,"date":"2022-11-23T20:27:39","date_gmt":"2022-11-23T20:27:39","guid":{"rendered":"http:\/\/soindus.srtv.cl\/?post_type=product&#038;p=8508"},"modified":"2022-11-24T15:11:34","modified_gmt":"2022-11-24T15:11:34","slug":"solucion-para-estado-flujo-efectivo-sap","status":"publish","type":"product","link":"https:\/\/soindus.com\/index.php\/producto\/solucion-para-estado-flujo-efectivo-sap\/","title":{"rendered":"Soluci\u00f3n para Estado Flujo Efectivo SAP"},"content":{"rendered":"<table id=\"tablamonitor2\">\n<tbody>\n<tr>\n<td><b>VENTAJAS<\/b><\/p>\n<ul>\n<li>Automatiza en un 100% la obtenci\u00f3n del Estado de Flujo Efectivo a diferencia de otros sistemas.<\/li>\n<li>Producto 100 % en SAP y r\u00e1pida Implementaci\u00f3n.<\/li>\n<li>Multiempresa y Multipais.<\/li>\n<li>Totalmente configurable.<\/li>\n<li>Permite agregar nuevos formatos de reporte adem\u00e1s del IFRS.<\/li>\n<li>No necesita bajada ni subida de datos a otros sistemas.<\/li>\n<li>Un reporte que toma una semana, se obtiene en s\u00f3lo minutos y en cualquier momento.<\/li>\n<li>Informaci\u00f3n trazable hasta el ultimo nivel dentro de SAP (Ejemplo: Pago factura &#8211; contabilizaci\u00f3n &#8211; recepci\u00f3n mercader\u00eda, pedido &#8211; cotizaci\u00f3n)<\/li>\n<li>Completa asesor\u00eda en la puesta en marcha.<\/li>\n<li>Capacitaci\u00f3n a los usuarios directos.<\/li>\n<li>Se actualiza frente a cambios de normativa.<\/li>\n<\/ul>\n<\/td>\n<td><b>ALGUNOS CLIENTES QUE LO HAN IMPLEMENTADO<\/b><\/p>\n<ul>\n<li>Bancos: (Scotiabank, Security y Chile)<\/li>\n<li>Coca Cola<\/li>\n<\/ul>\n<\/td>\n<\/tr>\n<\/tbody>\n<\/table>\n","protected":false},"excerpt":{"rendered":"<p>VENTAJAS Automatiza en un 100% la obtenci\u00f3n del Estado de Flujo Efectivo a diferencia de otros sistemas. Producto 100 % en SAP y r\u00e1pida Implementaci\u00f3n. Multiempresa y Multipais. Totalmente configurable. Permite agregar nuevos formatos de reporte adem\u00e1s del IFRS. No necesita bajada ni subida de datos a otros sistemas. Un reporte que toma una semana,&#8230;<\/p>\n","protected":false},"featured_media":8505,"template":"","meta":{"_acf_changed":false},"product_brand":[],"product_cat":[73],"product_tag":[],"class_list":{"0":"post-8508","1":"product","2":"type-product","3":"status-publish","4":"has-post-thumbnail","6":"product_cat-solucion-para-estado-flujo-efectivo-sap","8":"first","9":"instock","10":"taxable","11":"shipping-taxable","12":"product-type-simple"},"acf":[],"_links":{"self":[{"href":"https:\/\/soindus.com\/index.php\/wp-json\/wp\/v2\/product\/8508","targetHints":{"allow":["GET"]}}],"collection":[{"href":"https:\/\/soindus.com\/index.php\/wp-json\/wp\/v2\/product"}],"about":[{"href":"https:\/\/soindus.com\/index.php\/wp-json\/wp\/v2\/types\/product"}],"wp:featuredmedia":[{"embeddable":true,"href":"https:\/\/soindus.com\/index.php\/wp-json\/wp\/v2\/media\/8505"}],"wp:attachment":[{"href":"https:\/\/soindus.com\/index.php\/wp-json\/wp\/v2\/media?parent=8508"}],"wp:term":[{"taxonomy":"product_brand","embeddable":true,"href":"https:\/\/soindus.com\/index.php\/wp-json\/wp\/v2\/product_brand?post=8508"},{"taxonomy":"product_cat","embeddable":true,"href":"https:\/\/soindus.com\/index.php\/wp-json\/wp\/v2\/product_cat?post=8508"},{"taxonomy":"product_tag","embeddable":true,"href":"https:\/\/soindus.com\/index.php\/wp-json\/wp\/v2\/product_tag?post=8508"}],"curies":[{"name":"wp","href":"https:\/\/api.w.org\/{rel}","templated":true}]}}