{"id":8498,"date":"2022-11-23T20:00:34","date_gmt":"2022-11-23T20:00:34","guid":{"rendered":"http:\/\/soindus.srtv.cl\/?post_type=product&#038;p=8498"},"modified":"2022-11-23T20:12:54","modified_gmt":"2022-11-23T20:12:54","slug":"portal-de-proveedores","status":"publish","type":"product","link":"https:\/\/soindus.com\/index.php\/producto\/portal-de-proveedores\/","title":{"rendered":"Portal de proveedores"},"content":{"rendered":"<p>El portal de proveedores es un producto creado para otorgarle al usuario el acceso a distintas funcionalidades tales como visualizaci\u00f3n y pago de facturas, visualizaci\u00f3n de horario de atenci\u00f3n, visualizaci\u00f3n de noticias y avisos y secci\u00f3n de preguntas entre otros.<\/p>\n<p>Una vez se ejecute la b\u00fasqueda, en el pool podr\u00e1 visualizar el n\u00famero de factura, estado, fecha de emisi\u00f3n, emisor, tipo de documento, monto el documento y la informaci\u00f3n del DTE en detalle.<\/p>\n<p><img decoding=\"async\" style=\"--smush-placeholder-width: 1268px; --smush-placeholder-aspect-ratio: 1268\/485;width: 100%;\" data-src=\"\/wp-content\/uploads\/2022\/11\/Imagen3.png\" alt=\"\" src=\"data:image\/svg+xml;base64,PHN2ZyB3aWR0aD0iMSIgaGVpZ2h0PSIxIiB4bWxucz0iaHR0cDovL3d3dy53My5vcmcvMjAwMC9zdmciPjwvc3ZnPg==\" class=\"lazyload\" \/><\/p>\n<p><img decoding=\"async\" style=\"--smush-placeholder-width: 1045px; --smush-placeholder-aspect-ratio: 1045\/561;width: 100%;\" data-src=\"\/wp-content\/uploads\/2022\/11\/Imagen4.png\" alt=\"\" src=\"data:image\/svg+xml;base64,PHN2ZyB3aWR0aD0iMSIgaGVpZ2h0PSIxIiB4bWxucz0iaHR0cDovL3d3dy53My5vcmcvMjAwMC9zdmciPjwvc3ZnPg==\" class=\"lazyload\" \/><\/p>\n","protected":false},"excerpt":{"rendered":"<p>El portal de proveedores es un producto creado para otorgarle al usuario el acceso a distintas funcionalidades tales como visualizaci\u00f3n y pago de facturas, visualizaci\u00f3n de horario de atenci\u00f3n, visualizaci\u00f3n de noticias y avisos y secci\u00f3n de preguntas entre otros. Una vez se ejecute la b\u00fasqueda, en el pool podr\u00e1 visualizar el n\u00famero de factura,&#8230;<\/p>\n","protected":false},"featured_media":8501,"template":"","meta":{"_acf_changed":false},"product_brand":[],"product_cat":[15],"product_tag":[],"class_list":{"0":"post-8498","1":"product","2":"type-product","3":"status-publish","4":"has-post-thumbnail","6":"product_cat-productos","8":"first","9":"instock","10":"taxable","11":"shipping-taxable","12":"product-type-simple"},"acf":[],"_links":{"self":[{"href":"https:\/\/soindus.com\/index.php\/wp-json\/wp\/v2\/product\/8498","targetHints":{"allow":["GET"]}}],"collection":[{"href":"https:\/\/soindus.com\/index.php\/wp-json\/wp\/v2\/product"}],"about":[{"href":"https:\/\/soindus.com\/index.php\/wp-json\/wp\/v2\/types\/product"}],"wp:featuredmedia":[{"embeddable":true,"href":"https:\/\/soindus.com\/index.php\/wp-json\/wp\/v2\/media\/8501"}],"wp:attachment":[{"href":"https:\/\/soindus.com\/index.php\/wp-json\/wp\/v2\/media?parent=8498"}],"wp:term":[{"taxonomy":"product_brand","embeddable":true,"href":"https:\/\/soindus.com\/index.php\/wp-json\/wp\/v2\/product_brand?post=8498"},{"taxonomy":"product_cat","embeddable":true,"href":"https:\/\/soindus.com\/index.php\/wp-json\/wp\/v2\/product_cat?post=8498"},{"taxonomy":"product_tag","embeddable":true,"href":"https:\/\/soindus.com\/index.php\/wp-json\/wp\/v2\/product_tag?post=8498"}],"curies":[{"name":"wp","href":"https:\/\/api.w.org\/{rel}","templated":true}]}}