{"id":8157,"date":"2022-11-04T16:48:41","date_gmt":"2022-11-04T16:48:41","guid":{"rendered":"http:\/\/soindus.srtv.cl\/?post_type=product&#038;p=8157"},"modified":"2022-11-04T16:48:46","modified_gmt":"2022-11-04T16:48:46","slug":"distribucion-de-gastos","status":"publish","type":"product","link":"https:\/\/soindus.com\/index.php\/producto\/distribucion-de-gastos\/","title":{"rendered":"Distribuci\u00f3n de gastos"},"content":{"rendered":"<div id=\"tmMainBody\" class=\"mainbody-wrapper\">\n<div class=\"uk-container uk-container-center\">\n<div class=\"tm-middle uk-grid\" data-uk-grid-match=\"\" data-uk-grid-margin=\"\">\n<div class=\"tm-main uk-width-medium-1-1 uk-row-first\"><main class=\"tm-content\"><\/p>\n<div id=\"k2Container\" class=\"itemView ItemBlog\">\n<div class=\"blog-content-block\">\n<div class=\"ItemText\">\n<div class=\"itemIntroText\">\n<p>Cubra la necesidad de distribuir gastos por centros de costo, distribuci\u00f3n, departamentos, servicios u otros de acuerdo a las necesidades de su empresa. Una soluci\u00f3n c\u00f3moda y sencilla de operar.<\/p>\n<\/div>\n<div class=\"itemFullText\"><\/div>\n<div class=\"clr\"><\/div>\n<div class=\"clr\"><\/div>\n<\/div>\n<div class=\"uk-grid item-Author-Latest-Related\">\n<div class=\"clr\"><\/div>\n<\/div>\n<\/div>\n<div class=\"clr\"><\/div>\n<\/div>\n<p><\/main><\/div>\n<\/div>\n<\/div>\n<\/div>\n<div class=\"footer-wrapper\">\n<div class=\"uk-container uk-container-center\"><\/div>\n<\/div>\n","protected":false},"excerpt":{"rendered":"<p>Cubra la necesidad de distribuir gastos por centros de costo, distribuci\u00f3n, departamentos, servicios u otros de acuerdo a las necesidades de su empresa. Una soluci\u00f3n c\u00f3moda y sencilla de operar.<\/p>\n","protected":false},"featured_media":8158,"template":"","meta":{"_acf_changed":false},"product_brand":[],"product_cat":[71],"product_tag":[],"class_list":{"0":"post-8157","1":"product","2":"type-product","3":"status-publish","4":"has-post-thumbnail","6":"product_cat-productos-sap-business-one","8":"first","9":"instock","10":"taxable","11":"shipping-taxable","12":"product-type-simple"},"acf":[],"_links":{"self":[{"href":"https:\/\/soindus.com\/index.php\/wp-json\/wp\/v2\/product\/8157","targetHints":{"allow":["GET"]}}],"collection":[{"href":"https:\/\/soindus.com\/index.php\/wp-json\/wp\/v2\/product"}],"about":[{"href":"https:\/\/soindus.com\/index.php\/wp-json\/wp\/v2\/types\/product"}],"wp:featuredmedia":[{"embeddable":true,"href":"https:\/\/soindus.com\/index.php\/wp-json\/wp\/v2\/media\/8158"}],"wp:attachment":[{"href":"https:\/\/soindus.com\/index.php\/wp-json\/wp\/v2\/media?parent=8157"}],"wp:term":[{"taxonomy":"product_brand","embeddable":true,"href":"https:\/\/soindus.com\/index.php\/wp-json\/wp\/v2\/product_brand?post=8157"},{"taxonomy":"product_cat","embeddable":true,"href":"https:\/\/soindus.com\/index.php\/wp-json\/wp\/v2\/product_cat?post=8157"},{"taxonomy":"product_tag","embeddable":true,"href":"https:\/\/soindus.com\/index.php\/wp-json\/wp\/v2\/product_tag?post=8157"}],"curies":[{"name":"wp","href":"https:\/\/api.w.org\/{rel}","templated":true}]}}