{"id":8095,"date":"2022-11-04T16:19:07","date_gmt":"2022-11-04T16:19:07","guid":{"rendered":"http:\/\/soindus.srtv.cl\/?post_type=product&#038;p=8095"},"modified":"2022-11-04T16:19:11","modified_gmt":"2022-11-04T16:19:11","slug":"proyectos-de-implementacion-funcional-y-tecnica-consultoria-sap-business-one","status":"publish","type":"product","link":"https:\/\/soindus.com\/index.php\/producto\/proyectos-de-implementacion-funcional-y-tecnica-consultoria-sap-business-one\/","title":{"rendered":"Proyectos de Implementaci\u00f3n Funcional y T\u00e9cnica consultor\u00eda SAP Business One"},"content":{"rendered":"","protected":false},"excerpt":{"rendered":"","protected":false},"featured_media":8096,"template":"","meta":{"_acf_changed":false},"product_brand":[],"product_cat":[67],"product_tag":[],"class_list":{"0":"post-8095","1":"product","2":"type-product","3":"status-publish","4":"has-post-thumbnail","6":"product_cat-servicios-de-consultoria-sap-business-one","8":"first","9":"instock","10":"taxable","11":"shipping-taxable","12":"product-type-simple"},"acf":[],"_links":{"self":[{"href":"https:\/\/soindus.com\/index.php\/wp-json\/wp\/v2\/product\/8095","targetHints":{"allow":["GET"]}}],"collection":[{"href":"https:\/\/soindus.com\/index.php\/wp-json\/wp\/v2\/product"}],"about":[{"href":"https:\/\/soindus.com\/index.php\/wp-json\/wp\/v2\/types\/product"}],"wp:featuredmedia":[{"embeddable":true,"href":"https:\/\/soindus.com\/index.php\/wp-json\/wp\/v2\/media\/8096"}],"wp:attachment":[{"href":"https:\/\/soindus.com\/index.php\/wp-json\/wp\/v2\/media?parent=8095"}],"wp:term":[{"taxonomy":"product_brand","embeddable":true,"href":"https:\/\/soindus.com\/index.php\/wp-json\/wp\/v2\/product_brand?post=8095"},{"taxonomy":"product_cat","embeddable":true,"href":"https:\/\/soindus.com\/index.php\/wp-json\/wp\/v2\/product_cat?post=8095"},{"taxonomy":"product_tag","embeddable":true,"href":"https:\/\/soindus.com\/index.php\/wp-json\/wp\/v2\/product_tag?post=8095"}],"curies":[{"name":"wp","href":"https:\/\/api.w.org\/{rel}","templated":true}]}}