{"id":8071,"date":"2022-11-04T16:00:21","date_gmt":"2022-11-04T16:00:21","guid":{"rendered":"http:\/\/soindus.srtv.cl\/?post_type=product&#038;p=8071"},"modified":"2022-11-09T18:41:08","modified_gmt":"2022-11-09T18:41:08","slug":"solucion-ley-30-dias","status":"publish","type":"product","link":"https:\/\/soindus.com\/index.php\/producto\/solucion-ley-30-dias\/","title":{"rendered":"Soluci\u00f3n Ley 30 d\u00edas"},"content":{"rendered":"<div class=\"itemIntroText\">\n<div style=\"text-align: justify;\">\n<p><b>Objetivo<\/b><\/p>\n<p>A prop\u00f3sito de la promulgaci\u00f3n de la ley 21.131 de fecha 16-01-2019, que viene a establecer el pago de facturas a 30 d\u00edas, se requiere implementar en SAP ECC la funcionalidad que permita:<\/p>\n<ul style=\"list-style: decimal;\">\n<li>Calcular intereses para clientes y acreedores nacionales.<\/li>\n<li>Contabilizar el inter\u00e9s devengado al cierre de cada periodo contable, tanto para clientes como para acreedores nacionales.<\/li>\n<li>Registrar en el dato maestro de clientes los acuerdos de excepci\u00f3n que se suscriban.<\/li>\n<li>Emitir avisos de cobro.<\/li>\n<li>Emitir factura exenta por cobro de intereses y nota de cobro por comisi\u00f3n moratoria.<\/li>\n<li>Posibilitar castigo de intereses, comisi\u00f3n y su contabilizaci\u00f3n en cuentas de ingreso en caso de pago.<\/li>\n<\/ul>\n<p>En un contexto legal debemos tener presente las siguientes consideraciones:<\/p>\n<ul>\n<li>Ley 21.131 de fecha 16-01-2019 y vigencia 16-05-2019.<\/li>\n<li>Que se establece que todas las facturas emitidas a contar de esta fecha, es decir 16-05-2019, deben ser pagadas en un plazo de 30 d\u00edas corridos.<\/li>\n<li>Que durante los primeros 24 meses de entrada en vigor de la ley, se estableci\u00f3 un plazo excepcional de 60 d\u00edas corridos.<\/li>\n<li>Que la ley es de aplicaci\u00f3n general, por tanto, no distingue tama\u00f1o, tipo de empresa o sector, es decir que aplica a todos los emisores de factura del territorio nacional.<\/li>\n<li>Que transcurridos los (60 o 30 d\u00edas) se devengar\u00e1:\n<ul style=\"margin: 20px 0;\">\n<li>Inter\u00e9s corriente, a partir del primer d\u00eda de atraso y hasta la fecha efectiva de pago.<\/li>\n<li>Una comisi\u00f3n fija por recuperaci\u00f3n de gastos correspondiente al 1% del saldo insoluto.<\/li>\n<\/ul>\n<\/li>\n<li>Que por los intereses corrientes se debe emitir una factura no gravada o exenta de IVA y por la comisi\u00f3n se debe emitir un documento interno (ejemplo: Nota de Cobro).<\/li>\n<li>Que de forma excepcional las partes pueden extender los plazos (60 o 30 d\u00edas) mediante un contrato de acuerdo suscrito por las partes (comprador-vendedor), el que debe ser ingresado en la p\u00e1gina web del Ministerio de Econom\u00eda.<\/li>\n<li>Que quien debe inscribir el acuerdo es el comprador o beneficiario del producto o servicio facturado.<\/li>\n<\/ul>\n<\/div>\n<p><center><br \/>\n<img decoding=\"async\" data-src=\"\/wp-content\/uploads\/2022\/11\/ley.jpg\" src=\"data:image\/svg+xml;base64,PHN2ZyB3aWR0aD0iMSIgaGVpZ2h0PSIxIiB4bWxucz0iaHR0cDovL3d3dy53My5vcmcvMjAwMC9zdmciPjwvc3ZnPg==\" class=\"lazyload\" style=\"--smush-placeholder-width: 590px; --smush-placeholder-aspect-ratio: 590\/174;\" \/><\/center><\/div>\n","protected":false},"excerpt":{"rendered":"<p>Objetivo A prop\u00f3sito de la promulgaci\u00f3n de la ley 21.131 de fecha 16-01-2019, que viene a establecer el pago de facturas a 30 d\u00edas, se requiere implementar en SAP ECC la funcionalidad que permita: Calcular intereses para clientes y acreedores nacionales. Contabilizar el inter\u00e9s devengado al cierre de cada periodo contable, tanto para clientes como&#8230;<\/p>\n","protected":false},"featured_media":8352,"template":"","meta":{"_acf_changed":false},"product_brand":[],"product_cat":[15],"product_tag":[],"class_list":{"0":"post-8071","1":"product","2":"type-product","3":"status-publish","4":"has-post-thumbnail","6":"product_cat-productos","8":"first","9":"instock","10":"taxable","11":"shipping-taxable","12":"product-type-simple"},"acf":[],"_links":{"self":[{"href":"https:\/\/soindus.com\/index.php\/wp-json\/wp\/v2\/product\/8071","targetHints":{"allow":["GET"]}}],"collection":[{"href":"https:\/\/soindus.com\/index.php\/wp-json\/wp\/v2\/product"}],"about":[{"href":"https:\/\/soindus.com\/index.php\/wp-json\/wp\/v2\/types\/product"}],"wp:featuredmedia":[{"embeddable":true,"href":"https:\/\/soindus.com\/index.php\/wp-json\/wp\/v2\/media\/8352"}],"wp:attachment":[{"href":"https:\/\/soindus.com\/index.php\/wp-json\/wp\/v2\/media?parent=8071"}],"wp:term":[{"taxonomy":"product_brand","embeddable":true,"href":"https:\/\/soindus.com\/index.php\/wp-json\/wp\/v2\/product_brand?post=8071"},{"taxonomy":"product_cat","embeddable":true,"href":"https:\/\/soindus.com\/index.php\/wp-json\/wp\/v2\/product_cat?post=8071"},{"taxonomy":"product_tag","embeddable":true,"href":"https:\/\/soindus.com\/index.php\/wp-json\/wp\/v2\/product_tag?post=8071"}],"curies":[{"name":"wp","href":"https:\/\/api.w.org\/{rel}","templated":true}]}}