{"id":8061,"date":"2022-11-04T15:13:12","date_gmt":"2022-11-04T15:13:12","guid":{"rendered":"http:\/\/soindus.srtv.cl\/?post_type=product&#038;p=8061"},"modified":"2022-12-15T18:57:56","modified_gmt":"2022-12-15T18:57:56","slug":"soluciones-prorrogas-y-renegociaciones","status":"publish","type":"product","link":"https:\/\/soindus.com\/index.php\/producto\/soluciones-prorrogas-y-renegociaciones\/","title":{"rendered":"Pr\u00f3rrogas y Renegociaciones"},"content":{"rendered":"<div class=\"itemIntroText\">\n<table id=\"tablamonitor1\" style=\"border: none;\">\n<tbody>\n<tr>\n<td style=\"border: none;\">Hemos creado un desarrollo en SAP que permite la f\u00e1cil y r\u00e1pida creaci\u00f3n de solicitudes de pr\u00f3rrogas y renegociaciones, ingresa el c\u00f3digo de cliente y ten acceso directo a su cuenta en la cual se seleccionar\u00e1 los documentos a renegociar o prorrogar.<\/p>\n<p>A trav\u00e9s de transacciones, se podr\u00e1 realizar las liberaciones de solicitud, cambio de fechas, abonos, creaci\u00f3n de cuotas seg\u00fan corresponda, generaci\u00f3n autom\u00e1tica de notas de d\u00e9bito por inter\u00e9s y gastos operacionales, contabilizaciones y seguimiento de solicitudes aprobadas, rechazadas y anuladas.<\/p>\n<p>El desarrollo cuenta con sus configuraciones propias y adaptables, tales como:<\/p>\n<p><b>&#8211;<\/b> Liberadores, tasa de inter\u00e9s, CME, clases de documentos para solicitudes, formulario de rescate, limites monto, limites plazo, entre otras.<\/td>\n<\/tr>\n<\/tbody>\n<\/table>\n<table id=\"tablamonitor2\">\n<tbody>\n<tr>\n<td style=\"border: none;\"><b>&#8211; Configuraciones<\/b><\/p>\n<p>Solo con una transacci\u00f3n desde SAP EASY Access se podr\u00e1 ingresar la completa botonera de configuraciones, adaptable seg\u00fan modelo de liberaciones, clases de documentos utilizados en prorrogas y renegociaciones, limites, intereses, entre otras caracter\u00edsticas que se definir\u00e1n en conjunto con el cliente.<\/td>\n<td style=\"border: none;\" rowspan=\"2\"><a class=\"modal\" ref=\"magnificPopup\" href=\"\/wp-content\/uploads\/2022\/11\/rene-002.png\"><img decoding=\"async\" data-src=\"\/wp-content\/uploads\/2022\/11\/rene-002.png\" src=\"data:image\/svg+xml;base64,PHN2ZyB3aWR0aD0iMSIgaGVpZ2h0PSIxIiB4bWxucz0iaHR0cDovL3d3dy53My5vcmcvMjAwMC9zdmciPjwvc3ZnPg==\" class=\"lazyload\" style=\"--smush-placeholder-width: 546px; --smush-placeholder-aspect-ratio: 546\/462;\" \/><\/a><\/td>\n<\/tr>\n<tr>\n<td style=\"border: none;\"><a class=\"modal\" ref=\"magnificPopup\" href=\"\/wp-content\/uploads\/2022\/11\/rene-001.png\"><br \/>\n<img decoding=\"async\" data-src=\"\/wp-content\/uploads\/2022\/11\/rene-001.png\" src=\"data:image\/svg+xml;base64,PHN2ZyB3aWR0aD0iMSIgaGVpZ2h0PSIxIiB4bWxucz0iaHR0cDovL3d3dy53My5vcmcvMjAwMC9zdmciPjwvc3ZnPg==\" class=\"lazyload\" style=\"--smush-placeholder-width: 658px; --smush-placeholder-aspect-ratio: 658\/255;\" \/><\/a><\/td>\n<\/tr>\n<\/tbody>\n<\/table>\n<table id=\"tablamonitor2\">\n<tbody>\n<tr>\n<td style=\"border: none;\"><b>Pr\u00f3rrogas<\/b><\/p>\n<p>Luego de realizar las configuraciones necesarias, se seleccionar\u00e1 sociedad, cliente y pr\u00f3rroga, aparecer\u00e1 la cuenta del cliente y todos los campos editables, en la misma pantalla se podr\u00e1 editar el vencimiento de los documentos a prorrogar (Vencimiento solicitado), y se crear\u00e1 la nueva pr\u00f3rroga que pasar\u00e1 a liberaci\u00f3n.<\/td>\n<td style=\"border: none;\"><a class=\"modal\" ref=\"magnificPopup\" href=\"\/wp-content\/uploads\/2022\/12\/pro01.png\"><br \/>\n<img decoding=\"async\" data-src=\"\/wp-content\/uploads\/2022\/12\/pro01.png\" alt=\"\" src=\"data:image\/svg+xml;base64,PHN2ZyB3aWR0aD0iMSIgaGVpZ2h0PSIxIiB4bWxucz0iaHR0cDovL3d3dy53My5vcmcvMjAwMC9zdmciPjwvc3ZnPg==\" class=\"lazyload\" style=\"--smush-placeholder-width: 563px; --smush-placeholder-aspect-ratio: 563\/289;\" \/><\/a><\/td>\n<\/tr>\n<\/tbody>\n<\/table>\n<table id=\"tablamonitor1\" style=\"border: none;\">\n<tbody>\n<tr>\n<td style=\"border: none;\"><b>Renegociaciones<\/b><\/p>\n<p>Luego de realizar las configuraciones necesarias, se seleccionar\u00e1 sociedad, cliente y renegociaci\u00f3n, aparecer\u00e1 la cuenta del cliente y todos los campos editables. En la misma pantalla se podr\u00e1 agregar el numero de cuotas de la renegociaci\u00f3n y el detalle de cada cuota, se crear\u00e1 la nueva renegociaci\u00f3n que pasar\u00e1 a liberaci\u00f3n.<\/td>\n<\/tr>\n<tr>\n<td style=\"border: none;\"><a class=\"modal\" ref=\"magnificPopup\" href=\"\/wp-content\/uploads\/2022\/12\/pro02.png\"><br \/>\n<img decoding=\"async\" data-src=\"\/wp-content\/uploads\/2022\/12\/pro02.png\" alt=\"\" src=\"data:image\/svg+xml;base64,PHN2ZyB3aWR0aD0iMSIgaGVpZ2h0PSIxIiB4bWxucz0iaHR0cDovL3d3dy53My5vcmcvMjAwMC9zdmciPjwvc3ZnPg==\" class=\"lazyload\" style=\"--smush-placeholder-width: 759px; --smush-placeholder-aspect-ratio: 759\/254;\" \/><br \/>\n<\/a><\/td>\n<\/tr>\n<\/tbody>\n<\/table>\n<table id=\"tablamonitor2\">\n<tbody>\n<tr>\n<td style=\"border: none;\"><b>Liberaciones<\/b><\/p>\n<p>Luego de la creaci\u00f3n de prorrogas y renegociaciones, la solicitud pasara por las liberaciones que han sido configuradas y que son necesarias para la aprobaci\u00f3n y\/o rechazo del usuario correspondiente.<\/td>\n<td style=\"border: none;\"><a class=\"modal\" ref=\"magnificPopup\" href=\"\/wp-content\/uploads\/2022\/12\/pro03.png\"><img decoding=\"async\" data-src=\"\/wp-content\/uploads\/2022\/12\/pro03.png\" alt=\"\" src=\"data:image\/svg+xml;base64,PHN2ZyB3aWR0aD0iMSIgaGVpZ2h0PSIxIiB4bWxucz0iaHR0cDovL3d3dy53My5vcmcvMjAwMC9zdmciPjwvc3ZnPg==\" class=\"lazyload\" style=\"--smush-placeholder-width: 559px; --smush-placeholder-aspect-ratio: 559\/291;\" \/><\/a><\/td>\n<\/tr>\n<\/tbody>\n<\/table>\n<table id=\"tablamonitor2\">\n<tbody>\n<tr>\n<td><b>VENTAJAS<\/b><\/p>\n<ul>\n<li>Creaci\u00f3n de Notas de D\u00e9bitos por Inter\u00e9s Autom\u00e1ticas<\/li>\n<li>Creaci\u00f3n de Notas de D\u00e9bitos por Gastos Operacionales Autom\u00e1ticas<\/li>\n<li>C\u00e1lculos de intereses configurables (Sociedad, cliente, d\u00edas libres)<\/li>\n<li>\u00danica transacci\u00f3n para el proceso de prorrogas en SAP.<\/li>\n<li>Generaci\u00f3n y contabilizaci\u00f3n de los comprobantes y m\u00e9todos de pago autom\u00e1tica.<\/li>\n<li>Soporta prorrogas con abonos por parte del cliente.<\/li>\n<li>Opci\u00f3n de generar prorrogas con cuotas o sin cuotas.<\/li>\n<li>Procesos de aprobaciones por liberadores (\u00c1reas por niveles)<\/li>\n<li>Reporte con la trazabilidad completa de cada prorroga.<\/li>\n<li>Formulario de respaldo para el cliente.<\/li>\n<li>Reversa autom\u00e1tica de la prorroga si se emiti\u00f3 err\u00f3nea<\/li>\n<\/ul>\n<\/td>\n<td><b>BENEFICIOS<\/b><\/p>\n<ul>\n<li>Elimina los errores de digitaci\u00f3n.<\/li>\n<li>Optimiza los tiempos de contabilizaci\u00f3n.<\/li>\n<li>Trazabilidad total por documento (auditable).<\/li>\n<li>Aprobar o Rechazar de forma autom\u00e1tica documentos de prorrogas.<\/li>\n<li>Cliente tiene respaldo en forma inmediata desde el sistema de lo prorrogado (Formulario)<\/li>\n<li>Correos entre responsables del flujo de aprobaci\u00f3n y gestores de la prorroga<\/li>\n<\/ul>\n<\/td>\n<\/tr>\n<\/tbody>\n<\/table>\n<\/div>\n","protected":false},"excerpt":{"rendered":"<p>Hemos creado un desarrollo en SAP que permite la f\u00e1cil y r\u00e1pida creaci\u00f3n de solicitudes de pr\u00f3rrogas y renegociaciones, ingresa el c\u00f3digo de cliente y ten acceso directo a su cuenta en la cual se seleccionar\u00e1 los documentos a renegociar o prorrogar. A trav\u00e9s de transacciones, se podr\u00e1 realizar las liberaciones de solicitud, cambio de&#8230;<\/p>\n","protected":false},"featured_media":8575,"template":"","meta":{"_acf_changed":false},"product_brand":[],"product_cat":[15],"product_tag":[],"class_list":{"0":"post-8061","1":"product","2":"type-product","3":"status-publish","4":"has-post-thumbnail","6":"product_cat-productos","8":"first","9":"instock","10":"taxable","11":"shipping-taxable","12":"product-type-simple"},"acf":[],"_links":{"self":[{"href":"https:\/\/soindus.com\/index.php\/wp-json\/wp\/v2\/product\/8061","targetHints":{"allow":["GET"]}}],"collection":[{"href":"https:\/\/soindus.com\/index.php\/wp-json\/wp\/v2\/product"}],"about":[{"href":"https:\/\/soindus.com\/index.php\/wp-json\/wp\/v2\/types\/product"}],"wp:featuredmedia":[{"embeddable":true,"href":"https:\/\/soindus.com\/index.php\/wp-json\/wp\/v2\/media\/8575"}],"wp:attachment":[{"href":"https:\/\/soindus.com\/index.php\/wp-json\/wp\/v2\/media?parent=8061"}],"wp:term":[{"taxonomy":"product_brand","embeddable":true,"href":"https:\/\/soindus.com\/index.php\/wp-json\/wp\/v2\/product_brand?post=8061"},{"taxonomy":"product_cat","embeddable":true,"href":"https:\/\/soindus.com\/index.php\/wp-json\/wp\/v2\/product_cat?post=8061"},{"taxonomy":"product_tag","embeddable":true,"href":"https:\/\/soindus.com\/index.php\/wp-json\/wp\/v2\/product_tag?post=8061"}],"curies":[{"name":"wp","href":"https:\/\/api.w.org\/{rel}","templated":true}]}}