{"id":8027,"date":"2022-11-04T14:36:20","date_gmt":"2022-11-04T14:36:20","guid":{"rendered":"http:\/\/soindus.srtv.cl\/?post_type=product&#038;p=8027"},"modified":"2022-12-01T20:18:49","modified_gmt":"2022-12-01T20:18:49","slug":"monitor-de-procesos","status":"publish","type":"product","link":"https:\/\/soindus.com\/index.php\/producto\/monitor-de-procesos\/","title":{"rendered":"Monitor de Procesos"},"content":{"rendered":"<div class=\"ItemText\">\n<p><!-- Item introtext --><\/p>\n<div class=\"itemIntroText\">\n<table id=\"tablamonitor1\">\n<tbody>\n<tr>\n<td><b>\u00bfQu\u00e9 son los Monitores de Procesos?<\/b><\/p>\n<p>Nuestro innovador producto otorga a su empresa la r\u00e1pida implementaci\u00f3n de una beneficiosa herramienta 100% SAP. Los monitores de procesos son una soluci\u00f3n inmediata a la visualizaci\u00f3n en tiempo real de los procesos de tu empresa, la cual simplifica los tiempos de monitoreo de aquellos procesos mediante una o varias pantallas f\u00edsicas (No incluidas en el producto) , las cuales se actualizan permanentemente de acuerdo al sistema y al temporizador del <b>producto.<\/b><\/td>\n<td>\/td&gt;<\/td>\n<\/tr>\n<\/tbody>\n<\/table>\n<table id=\"tablamonitor2\">\n<tbody>\n<tr>\n<td><b>VENTAJAS<\/b><\/p>\n<ul>\n<li>Reducci\u00f3n de costos y riesgos.<\/li>\n<li>R\u00e1pida Implementaci\u00f3n.<\/li>\n<li>Visualizaci\u00f3n de los procesos SAP, requeridos, en tiempo real.<\/li>\n<li>Control de los procesos SAP requeridos, en tiempo real.<\/li>\n<li>Soluci\u00f3n escalable por parte del cliente.<\/li>\n<li>Alertas propias del monitor de procesos, de manera visual, seg\u00fan textos y colores.<\/li>\n<li>Equipo de trabajo m\u00e1s focalizado y eficiente.<\/li>\n<\/ul>\n<\/td>\n<td><b>BENEFICIOS<\/b><\/p>\n<ul>\n<li>Optimizaci\u00f3n de tiempos en los procesos de la empresa.<\/li>\n<li>Disminuci\u00f3n de tiempos para la ejecuci\u00f3n de los procesos que son monitoreados.<\/li>\n<li>Mayor an\u00e1lisis de los procesos SAP requeridos en tiempo real.<\/li>\n<\/ul>\n<\/td>\n<\/tr>\n<\/tbody>\n<\/table>\n<div>\n<p><a class=\"modal\" ref=\"magnificPopup\" href=\"\/wp-content\/uploads\/2022\/11\/MonitordeProcesos2211.png\"><img decoding=\"async\" data-src=\"\/wp-content\/uploads\/2022\/11\/MonitordeProcesos2211.png\" alt=\"\" src=\"data:image\/svg+xml;base64,PHN2ZyB3aWR0aD0iMSIgaGVpZ2h0PSIxIiB4bWxucz0iaHR0cDovL3d3dy53My5vcmcvMjAwMC9zdmciPjwvc3ZnPg==\" class=\"lazyload\" style=\"--smush-placeholder-width: 912px; --smush-placeholder-aspect-ratio: 912\/801;\" \/><\/a><\/p>\n<p>Los Monitores de Procesos (SAP) se utilizan como medio de comunicaci\u00f3n, ya que act\u00faan como canal para mostrar el mensaje que env\u00eda el emisor, en este caso es la informaci\u00f3n procesada en SAP. El mensaje con la informaci\u00f3n procesada en SAP la visualiza el Receptor.<\/p>\n<p>Se instala una o varias pantallas que act\u00faan como Monitores de Procesos, los cuales muestran la informaci\u00f3n que se requiere visualizar, controlar, monitorear y analizar de manera constante por parte del Receptor.<\/p>\n<p>A modo de ejemplo, seleccionamos una de las pantallas que se utiliza actualmente en las instalaciones de uno de nuestros clientes para monitorear un proceso importante del \u00e1rea comercial, se trata del Monitor de Documentos Bloqueados. El Monitor de Documentos Bloqueados se utiliza para monitorear constantemente todas las Ofertas y Pedidos de Ventas que se encuentran bloqueados a nivel comercial y crediticio, con sus respectivos liberadores y estados de liberaci\u00f3n.<\/p>\n<p style=\"text-align: center;\"><img decoding=\"async\" data-src=\"\/wp-content\/uploads\/2022\/11\/monitordeproceso2.png\" alt=\"\" src=\"data:image\/svg+xml;base64,PHN2ZyB3aWR0aD0iMSIgaGVpZ2h0PSIxIiB4bWxucz0iaHR0cDovL3d3dy53My5vcmcvMjAwMC9zdmciPjwvc3ZnPg==\" class=\"lazyload\" style=\"--smush-placeholder-width: 744px; --smush-placeholder-aspect-ratio: 744\/355;\" \/><\/p>\n<p><b>Algunas de las funciones importantes del Monitor de Documentos Bloqueados, son las siguientes: <\/b><\/p>\n<p>El campo estatus que genera una alerta visual en color rojo. Las Columnas reciben la informaci\u00f3n actualizada, en este caso, las fechas de la creaci\u00f3n del pedido, cliente y vendedor, entre otras.<\/p>\n<p>A modo ejemplo, tambi\u00e9n seleccionamos otra de las pantallas que utiliza uno de nuestros clientes para monitorear simult\u00e1neamente dos de sus procesos importantes en el \u00e1rea comercial de la empresa, se trata del Monitor Disponible Factura\/Bloqueo Asignaci\u00f3n.<\/p>\n<p style=\"text-align: center;\"><img decoding=\"async\" data-src=\"\/wp-content\/uploads\/2022\/11\/monitordeproceso3.png\" alt=\"\" src=\"data:image\/svg+xml;base64,PHN2ZyB3aWR0aD0iMSIgaGVpZ2h0PSIxIiB4bWxucz0iaHR0cDovL3d3dy53My5vcmcvMjAwMC9zdmciPjwvc3ZnPg==\" class=\"lazyload\" style=\"--smush-placeholder-width: 498px; --smush-placeholder-aspect-ratio: 498\/303;\" \/><\/p>\n<p><b>Algunas de las funciones importantes del Monitor Disponible Factura\/Bloqueo Asignaci\u00f3n, son las siguientes: <\/b><\/p>\n<ul>\n<li>Visualizaci\u00f3n de los pedidos que est\u00e1n disponibles para facturar y los pedidos que se han bloqueado por falta de stock.<\/li>\n<li>Las Columnas reciben la informaci\u00f3n actualizada, en este caso, las fechas de bloqueo por stock del pedido, Usuario y Vendedor, entre otras.<\/li>\n<\/ul>\n<\/div>\n<table id=\"tablamonitor3\">\n<tbody>\n<tr>\n<td><b>REQUERIMIENTOS T\u00c9CNICOS<\/b><br \/>\n<img decoding=\"async\" data-src=\"\/wp-content\/uploads\/2022\/11\/icono1.png\" src=\"data:image\/svg+xml;base64,PHN2ZyB3aWR0aD0iMSIgaGVpZ2h0PSIxIiB4bWxucz0iaHR0cDovL3d3dy53My5vcmcvMjAwMC9zdmciPjwvc3ZnPg==\" class=\"lazyload\" style=\"--smush-placeholder-width: 158px; --smush-placeholder-aspect-ratio: 158\/171;\" \/><\/p>\n<ul>\n<li>Disponer de ERP SAP ECC 6.0 y sus versiones superiores.<\/li>\n<\/ul>\n<\/td>\n<td><b>GARANT\u00cdA<\/b><br \/>\n<img decoding=\"async\" data-src=\"\/wp-content\/uploads\/2022\/11\/icono2.png\" src=\"data:image\/svg+xml;base64,PHN2ZyB3aWR0aD0iMSIgaGVpZ2h0PSIxIiB4bWxucz0iaHR0cDovL3d3dy53My5vcmcvMjAwMC9zdmciPjwvc3ZnPg==\" class=\"lazyload\" style=\"--smush-placeholder-width: 120px; --smush-placeholder-aspect-ratio: 120\/116;\" \/><\/p>\n<ul>\n<li>Nuestra Garant\u00eda es de 1 a\u00f1o a partir del primer d\u00eda en que el producto se entrega en su totalidad al cliente.<\/li>\n<li>Se Contempla el soporte t\u00e9cnico y funcional del producto en garant\u00eda.<\/li>\n<li>No incluye Pantallas f\u00edsicas (Monitores)<\/li>\n<\/ul>\n<\/td>\n<td><b>ALCANCES<\/b><br \/>\n<img decoding=\"async\" data-src=\"\/wp-content\/uploads\/2022\/11\/icono3.png\" src=\"data:image\/svg+xml;base64,PHN2ZyB3aWR0aD0iMSIgaGVpZ2h0PSIxIiB4bWxucz0iaHR0cDovL3d3dy53My5vcmcvMjAwMC9zdmciPjwvc3ZnPg==\" class=\"lazyload\" style=\"--smush-placeholder-width: 122px; --smush-placeholder-aspect-ratio: 122\/116;\" \/><\/p>\n<ul>\n<li>Visualizaci\u00f3n, tracking y control de los procesos SAP que se han seleccionado para ser monitoreados. .<\/li>\n<\/ul>\n<\/td>\n<\/tr>\n<\/tbody>\n<\/table>\n<\/div>\n<p><!-- Item fulltext --><\/p>\n<div class=\"itemFullText\"><\/div>\n<div class=\"clr\"><\/div>\n<p><!-- Plugins: AfterDisplayContent --><\/p>\n<p><!-- K2 Plugins: K2AfterDisplayContent --><\/p>\n<div class=\"clr\"><\/div>\n<\/div>\n","protected":false},"excerpt":{"rendered":"<p>\u00bfQu\u00e9 son los Monitores de Procesos? Nuestro innovador producto otorga a su empresa la r\u00e1pida implementaci\u00f3n de una beneficiosa herramienta 100% SAP. Los monitores de procesos son una soluci\u00f3n inmediata a la visualizaci\u00f3n en tiempo real de los procesos de tu empresa, la cual simplifica los tiempos de monitoreo de aquellos procesos mediante una o&#8230;<\/p>\n","protected":false},"featured_media":8351,"template":"","meta":{"_acf_changed":false},"product_brand":[],"product_cat":[15],"product_tag":[],"class_list":{"0":"post-8027","1":"product","2":"type-product","3":"status-publish","4":"has-post-thumbnail","6":"product_cat-productos","8":"first","9":"instock","10":"taxable","11":"shipping-taxable","12":"product-type-simple"},"acf":[],"_links":{"self":[{"href":"https:\/\/soindus.com\/index.php\/wp-json\/wp\/v2\/product\/8027","targetHints":{"allow":["GET"]}}],"collection":[{"href":"https:\/\/soindus.com\/index.php\/wp-json\/wp\/v2\/product"}],"about":[{"href":"https:\/\/soindus.com\/index.php\/wp-json\/wp\/v2\/types\/product"}],"wp:featuredmedia":[{"embeddable":true,"href":"https:\/\/soindus.com\/index.php\/wp-json\/wp\/v2\/media\/8351"}],"wp:attachment":[{"href":"https:\/\/soindus.com\/index.php\/wp-json\/wp\/v2\/media?parent=8027"}],"wp:term":[{"taxonomy":"product_brand","embeddable":true,"href":"https:\/\/soindus.com\/index.php\/wp-json\/wp\/v2\/product_brand?post=8027"},{"taxonomy":"product_cat","embeddable":true,"href":"https:\/\/soindus.com\/index.php\/wp-json\/wp\/v2\/product_cat?post=8027"},{"taxonomy":"product_tag","embeddable":true,"href":"https:\/\/soindus.com\/index.php\/wp-json\/wp\/v2\/product_tag?post=8027"}],"curies":[{"name":"wp","href":"https:\/\/api.w.org\/{rel}","templated":true}]}}