{"id":8560,"date":"2022-12-05T20:55:52","date_gmt":"2022-12-05T20:55:52","guid":{"rendered":"https:\/\/soindus.com\/?page_id=8560"},"modified":"2022-12-05T20:55:52","modified_gmt":"2022-12-05T20:55:52","slug":"politicas-de-privacidad","status":"publish","type":"page","link":"https:\/\/soindus.com\/index.php\/politicas-de-privacidad\/","title":{"rendered":"Pol\u00edticas de privacidad"},"content":{"rendered":"<section class=\"l-section wpb_row height_custom\"><div class=\"l-section-h i-cf\"><div class=\"g-cols vc_row via_grid cols_1 laptops-cols_inherit tablets-cols_inherit mobiles-cols_1 valign_top type_default stacking_default\"><div class=\"wpb_column vc_column_container\"><div class=\"vc_column-inner\"><div class=\"w-tabs style_default switch_click accordion has_scrolling\" style=\"--sections-title-size:inherit\"><div class=\"w-tabs-sections titles-align_none icon_chevron cpos_right\"><div class=\"w-tabs-section active\" id=\"j978\"><button class=\"w-tabs-section-header active\" aria-controls=\"content-j978\" aria-expanded=\"true\"><div class=\"w-tabs-section-title\">Pol\u00edtica de Privacidad y Protecci\u00f3n de Datos Personales<\/div><div class=\"w-tabs-section-control\"><\/div><\/button><div  class=\"w-tabs-section-content\" id=\"content-j978\"><div class=\"w-tabs-section-content-h i-cf\"><div class=\"wpb_text_column\"><div class=\"wpb_wrapper\"><p>La presente Pol\u00edtica de Privacidad tiene por finalidad informar a los usuarios del tratamiento de los datos personales que se recogen a trav\u00e9s de <a href=\"http:\/\/www.SOINDUS.com\">www.SOINDUS.com<\/a> , en cumplimiento con la Ley de protecci\u00f3n de datos personales.<\/p>\n<p>RESPONSABILIDAD DE SOINDUS CONSULTING POR USO DE DATOS<\/p>\n<p>SOINDUS CONSULTING adoptar\u00e1 las medidas de seguridad necesarias para garantizar la confidencialidad de los datos por medio de formularios, encuestas o mecanismos de registro de navegaci\u00f3n web. SOINDUS CONSULTING y sus funcionarios que en cualquier momento pudiesen interactuar con datos de car\u00e1cter personal est\u00e1n obligados a guardar secreto de los mismos, cuando provengan o hayan sido recolectados de fuentes no accesibles al p\u00fablico; obligaciones que subsistir\u00e1n indefinidamente, a\u00fan despu\u00e9s de finalizar sus relaciones con SOINDUS CONSULTING.<\/p>\n<p>Los datos entregados por los usuarios de www.SOINDUS.com ser\u00e1n administrados exclusivamente por personal de SOINDUS CONSULTING, evitando usos indebidos, alteraci\u00f3n o entrega a terceros. Sin perjuicio de lo anterior, SOINDUS CONSULTING no se har\u00e1 responsable del uso que puedan dar terceras personas a los datos personales entregados por sus titulares en espacios abiertos al p\u00fablico, como redes sociales o foros.<\/p>\n<p>En el caso que, mediante contrato de servicio, sea una entidad externa o empresa quien administre las bases de datos que se recogen a trav\u00e9s de www.SOINDUS.com, SOINDUS CONSULTING suscribir\u00e1 un acuerdo de confidencialidad, de manera que bajo ninguna circunstancia la empresa o entidad pueda comercializar, utilizar ni entregar datos personales de los usuarios a terceros.<\/p>\n<p><strong>FORMAS DE RECOPILACI\u00d3N DE DATOS<\/strong><\/p>\n<p>Autom\u00e1ticos: Procesos electr\u00f3nicos que permiten registrar actividades y comportamientos generales de los usuarios dentro de un sitio web, pero no permiten su identificaci\u00f3n personal. Ejemplos de esto son: cantidad de visitantes al web, horarios de ingreso, p\u00e1ginas m\u00e1s vistas, cantidad de p\u00e1ginas vistas.<\/p>\n<p>Datos demogr\u00e1ficos y de intereses: Datos estimativos como edad, sexo e intereses, obtenidos a trav\u00e9s de los an\u00e1lisis de navegaci\u00f3n, remarketing y de funciones de informes publicitarios realizados por Google Analytics sobre aquellas cuentas de usuarios que lo autorizan en sus respectivos navegadores.<\/p>\n<p>De ingreso directo: Solicitudes directas de informaci\u00f3n a los visitantes o usuarios del sitio web a trav\u00e9s de formularios, botones de selecci\u00f3n o afines, que permitan recolectar datos tales como nombre, rut, correo electr\u00f3nico, ocupaci\u00f3n u otros datos personales.<\/p>\n<p><strong>USO DE LA INFORMACI\u00d3N<\/strong><\/p>\n<p>Los datos personales de los usuarios ser\u00e1n utilizados \u00fanicamente para el cumplimiento de los fines indicados en el (los) formulario (s) correspondiente (s) y siempre dentro de las competencias y atribuciones de SOINDUS CONSULTING. En ellos se informar\u00e1 sobre las espec\u00edficas finalidades para las que se recogen los datos. Si en alg\u00fan caso llegara a requerirse un tratamiento distinto de lo indicado deber\u00e1 quedar registro del consentimiento del titular.<\/p>\n<p>Los datos personales que los titulares revelen en sistemas abiertos al p\u00fablico, como redes sociales o foros, asociados al sitio www.SOINDUS.com, ser\u00e1n almacenados junto al resto de contenidos, con el fin de permitir el funcionamiento, mantenimiento y transparencia de dichos sistemas y las contribuciones en \u00e9l realizadas. En ning\u00fan caso estos datos ser\u00e1n tratados por la SOINDUS CONSULTING con fines diferentes, sin solicitar el previo consentimiento de su titular.<\/p>\n<p>Los datos personales recogidos a trav\u00e9s de www.SOINDUS.com ser\u00e1n almacenados \u00fanicamente durante el tiempo necesario para garantizar la prestaci\u00f3n del servicio o el cumplimiento de la finalidad para la que fueron recabados.<\/p>\n<p>Utilizaci\u00f3n con fines estad\u00edsticos: Los datos recogidos a trav\u00e9s de la p\u00e1gina web podr\u00e1n ser conservados y tratados con fines estad\u00edsticos, siempre y cuando sea imposible la identificaci\u00f3n de sus titulares.<\/p>\n<p><strong>COMUNICACIONES DE A TERCEROS<\/strong><\/p>\n<p>Los datos recabados por la SOINDUS CONSULTING a trav\u00e9s del medio web no se comunicar\u00e1n a terceros, salvo que:<\/p>\n<p>Dicha comunicaci\u00f3n sea necesaria para la prestaci\u00f3n del servicio solicitado, y siempre que ese tercero cumpla con las garant\u00edas necesarias sobre protecci\u00f3n de datos.<\/p>\n<p>Se trate de datos estad\u00edsticos, agregados y an\u00f3nimos donde no sea posible la identificaci\u00f3n directa o indirecta de los titulares de dichos datos.<\/p>\n<p>Se realice en cumplimiento de un mandato legal o un requerimiento judicial o en los casos en que sea necesario para garantizar la seguridad nacional o el inter\u00e9s p\u00fablico.<\/p>\n<p><strong>DERECHOS USUARIOS<\/strong><\/p>\n<p>El usuario podr\u00e1 en todo momento ejercer los derechos otorgados por la ley N\u00ba 19.628 sobre protecci\u00f3n de la vida privada y sus modificaciones posteriores. En espec\u00edfico, podr\u00e1:<\/p>\n<p>Tener acceso a los datos relativos a su persona, su procedencia y destinatario, el prop\u00f3sito del almacenamiento y la individualizaci\u00f3n de las personas u organismos a los cuales sus datos se hayan transmitido.<\/p>\n<p>Solicitar se modifiquen sus datos personales cuando ellos no sean correctos o no est\u00e9n actualizados.<\/p>\n<p>Solicitar la eliminaci\u00f3n o cancelaci\u00f3n de los datos entregados cuando as\u00ed lo desee, en tanto hayan dejado de ser necesarios o pertinentes para la finalidad para la cual hubieran sido recabados o registrados.<\/p>\n<p>Para ejercer sus derechos el Usuario podr\u00e1 dirigirse a <a href=\"mailto:CONTACTO@SOINDUS.CL\">CONTACTO@SOINDUS.CL<\/a> \u00a0indicando claramente su solicitud.<\/p>\n<p><strong>TITULARIDAD DE DERECHOS<\/strong><\/p>\n<p>Pertenecen a la SOINDUS CONSULTING todos los derechos, incluidos los de propiedad intelectual, respecto de los contenidos, formularios o publicaciones de cualquier \u00edndole que aparezcan en www.SOINDUS.com, que hayan sido realizadas por funcionarios de esta Instituci\u00f3n o por terceros contratados por ella.<\/p>\n<p>Los contenidos de acceso p\u00fablico presentes en www.SOINDUS.com pueden ser utilizados por el usuario para fines no comerciales. Para su utilizaci\u00f3n comercial ser\u00e1 necesaria la autorizaci\u00f3n por escrito de la SOINDUS CONSULTING, conforme lo que se\u00f1ale el reglamento de licenciamiento de dichos contenidos.<\/p>\n<p>Nota: La presente Pol\u00edtica de Privacidad de Datos Personales no suscribe un compromiso contractual entre los usuarios y la SOINDUS CONSULTING, sino que cumple un fin netamente informativo.<\/p>\n<p>&nbsp;<\/p>\n<p>&nbsp;<\/p>\n<p>&nbsp;<\/p>\n<\/div><\/div><\/div><\/div><\/div><div class=\"w-tabs-section\" id=\"rc98\"><button class=\"w-tabs-section-header\" aria-controls=\"content-rc98\" aria-expanded=\"false\"><div class=\"w-tabs-section-title\">Privacy Policy and Protection of Personal Data<\/div><div class=\"w-tabs-section-control\"><\/div><\/button><div  class=\"w-tabs-section-content\" id=\"content-rc98\"><div class=\"w-tabs-section-content-h i-cf\"><div class=\"wpb_text_column\"><div class=\"wpb_wrapper\"><p>The purpose of this Privacy Policy is to inform users of the processing of personal data collected through www.SOINDUS.com, in compliance with the Personal Data Protection Law.<\/p>\n<p><strong>RESPONSIBILITY OF SOINDUS CONSULTING FOR THE USE OF DATA<\/strong><\/p>\n<p>SOINDUS CONSULTING will adopt the necessary security measures to guarantee the confidentiality of the data through forms, surveys or web browsing registration mechanisms. SOINDUS CONSULTING and its officials who at any time could interact with personal data are obliged to keep the same secret, when they come from or have been collected from sources not accessible to the public; Obligations that will subsist indefinitely, even after ending their relations with SOINDUS CONSULTING.<\/p>\n<p>The data provided by users of www.SOINDUS.com will be managed exclusively by SOINDUS CONSULTING personnel, avoiding improper use, alteration or delivery to third parties. Notwithstanding the foregoing, SOINDUS CONSULTING will not be responsible for the use that third parties may make of the personal data provided by their owners in spaces open to the public, such as social networks or forums.<\/p>\n<p>In the event that, through a service contract, it is an external entity or company that manages the databases that are collected through www.SOINDUS.com, SOINDUS CONSULTING will sign a confidentiality agreement, so that under no circumstances will the company or entity can market, use or deliver personal data of users to third parties.<\/p>\n<p><strong>FORMS OF DATA COLLECTION<\/strong><\/p>\n<p>Automatic: Electronic processes that allow the recording of activities and general behavior of users within a website, but do not allow their personal identification. Examples of this are: number of visitors to the web, entry times, most viewed pages, number of page views.<\/p>\n<p>Demographic and interest data: Estimated data such as age, gender and interests, obtained through the analysis of navigation, remarketing and advertising reporting functions carried out by Google Analytics on those user accounts that authorize it in their respective browsers.<\/p>\n<p>Direct entry: Direct requests for information to visitors or users of the website through forms, radio buttons or similar, which allow the collection of data such as name, route, email, occupation or other personal data.<\/p>\n<p><strong>USE OF INFORMATION<\/strong><\/p>\n<p>The personal data of the users will be used only for the fulfillment of the purposes indicated in the corresponding form (s) and always within the powers and attributions of SOINDUS CONSULTING. They will provide information on the specific purposes for which the data is collected. If in any case a treatment other than that indicated should be required, the owner&#8217;s consent must be recorded.<\/p>\n<p>The personal data that the owners reveal in systems open to the public, such as social networks or forums, associated with the site www.SOINDUS.com, will be stored together with the rest of the content, in order to allow the operation, maintenance and transparency of said systems. and the contributions made to it. In no case will these data be processed by SOINDUS CONSULTING for different purposes, without requesting the prior consent of the owner.<\/p>\n<p>The personal data collected through www.SOINDUS.com will be stored only for the time necessary to guarantee the provision of the service or the fulfillment of the purpose for which they were collected.<\/p>\n<p>Use for statistical purposes: The data collected through the website may be stored and processed for statistical purposes, as long as it is impossible to identify their owners.<\/p>\n<p><strong>THIRD PARTY COMMUNICATIONS<\/strong><\/p>\n<p>The data collected by SOINDUS CONSULTING through the web will not be communicated to third parties, unless:<\/p>\n<p>Said communication is necessary for the provision of the requested service, and provided that the third party complies with the necessary guarantees on data protection.<\/p>\n<p>In the case of statistical, aggregated and anonymous data where the direct or indirect identification of the owners of said data is not possible.<\/p>\n<p>It is carried out in compliance with a legal mandate or a judicial requirement or in cases where it is necessary to guarantee national security or the public interest.<\/p>\n<p><strong>USER RIGHTS<\/strong><\/p>\n<p>The user may at any time exercise the rights granted by Law No. 19,628 on the protection of private life and its subsequent amendments. Specifically, you will:<\/p>\n<p>Have access to the data relating to your person, its origin and recipient, the purpose of storage and the identification of the persons or organizations to which your data has been transmitted.<\/p>\n<p>Request modification of your personal data when they are not correct or not updated.<\/p>\n<p>Request the deletion or cancellation of the data provided whenever you wish, as long as they are no longer necessary or relevant for the purpose for which they were collected or registered.<\/p>\n<p>To exercise their rights, the User may contact CONTACTO@SOINDUS.CL clearly indicating their request.<\/p>\n<p><strong>OWNERSHIP OF RIGHTS<\/strong><\/p>\n<p>SOINDUS CONSULTING belongs to all rights, including those of intellectual property, regarding the contents, forms or publications of any kind that appear on www.SOINDUS.com, which have been made by officials of this Institution or by third parties hired by it. .<\/p>\n<p>The publicly accessible content present on www.SOINDUS.com may be used by the user for non-commercial purposes. For its commercial use, the written authorization of SOINDUS CONSULTING will be necessary, in accordance with what is indicated in the licensing regulations for said contents.<\/p>\n<p>Note: This Personal Data Privacy Policy does not sign a contractual commitment between users and SOINDUS CONSULTING, but rather fulfills a purely informative purpose.<\/p>\n<\/div><\/div><\/div><\/div><\/div><\/div><\/div><\/div><\/div><\/div><\/div><\/section>\n","protected":false},"excerpt":{"rendered":"Pol\u00edtica de Privacidad y Protecci\u00f3n de Datos PersonalesLa presente Pol\u00edtica de Privacidad tiene por finalidad informar a los usuarios del tratamiento de los datos personales que se recogen a trav\u00e9s de www.SOINDUS.com , en cumplimiento con la Ley de protecci\u00f3n de datos personales. RESPONSABILIDAD DE SOINDUS CONSULTING POR USO DE DATOS SOINDUS CONSULTING adoptar\u00e1 las...","protected":false},"author":1,"featured_media":0,"parent":0,"menu_order":0,"comment_status":"closed","ping_status":"closed","template":"","meta":{"_acf_changed":false,"footnotes":""},"class_list":["post-8560","page","type-page","status-publish","hentry"],"acf":[],"_links":{"self":[{"href":"https:\/\/soindus.com\/index.php\/wp-json\/wp\/v2\/pages\/8560","targetHints":{"allow":["GET"]}}],"collection":[{"href":"https:\/\/soindus.com\/index.php\/wp-json\/wp\/v2\/pages"}],"about":[{"href":"https:\/\/soindus.com\/index.php\/wp-json\/wp\/v2\/types\/page"}],"author":[{"embeddable":true,"href":"https:\/\/soindus.com\/index.php\/wp-json\/wp\/v2\/users\/1"}],"replies":[{"embeddable":true,"href":"https:\/\/soindus.com\/index.php\/wp-json\/wp\/v2\/comments?post=8560"}],"version-history":[{"count":1,"href":"https:\/\/soindus.com\/index.php\/wp-json\/wp\/v2\/pages\/8560\/revisions"}],"predecessor-version":[{"id":8561,"href":"https:\/\/soindus.com\/index.php\/wp-json\/wp\/v2\/pages\/8560\/revisions\/8561"}],"wp:attachment":[{"href":"https:\/\/soindus.com\/index.php\/wp-json\/wp\/v2\/media?parent=8560"}],"curies":[{"name":"wp","href":"https:\/\/api.w.org\/{rel}","templated":true}]}}