{"id":8202,"date":"2022-11-04T17:43:59","date_gmt":"2022-11-04T17:43:59","guid":{"rendered":"http:\/\/soindus.srtv.cl\/?page_id=8202"},"modified":"2023-12-01T17:29:45","modified_gmt":"2023-12-01T17:29:45","slug":"empresa","status":"publish","type":"page","link":"https:\/\/soindus.com\/index.php\/empresa\/","title":{"rendered":"Quienes Somos"},"content":{"rendered":"<section class=\"l-section wpb_row height_custom\"><div class=\"l-section-h i-cf\"><div class=\"g-cols vc_row via_grid cols_2 laptops-cols_inherit tablets-cols_inherit mobiles-cols_1 valign_top type_default stacking_default\"><div class=\"wpb_column vc_column_container\"><div class=\"vc_column-inner\"><div class=\"w-tabs style_default switch_click accordion has_scrolling\" style=\"--sections-title-size:inherit\"><div class=\"w-tabs-sections titles-align_none icon_chevron cpos_right\"><div class=\"w-tabs-section active\" id=\"g594\"><button class=\"w-tabs-section-header active\" aria-controls=\"content-g594\" aria-expanded=\"true\"><div class=\"w-tabs-section-title\">Quienes somos<\/div><div class=\"w-tabs-section-control\"><\/div><\/button><div  class=\"w-tabs-section-content\" id=\"content-g594\"><div class=\"w-tabs-section-content-h i-cf\"><div class=\"wpb_text_column us_custom_432d3f53\"><div class=\"wpb_wrapper\"><p>Somos una empresa con la misi\u00f3n de innovar e integrar tecnolog\u00edas en funci\u00f3n de ofrecer productos que agreguen valor a cada uno de nuestros clientes, nos enfocamos adem\u00e1s en poder construir sus ideas en un producto o servicio funcional.<\/p>\n<p><b>\u00bfQu\u00e9<\/b><strong>\u00a0nos diferencia?<\/strong><\/p>\n<p>Apuntamos a la diferenciaci\u00f3n a trav\u00e9s del personal de consultor\u00eda, no encontraras consultores sin experiencia. No solo seremos consultor\u00eda, sino que agregaremos a tu negocio toda la asesor\u00eda necesaria para que tus procesos se encuentren siempre optimizados y bajo las herramientas de apoyo.<\/p>\n<\/div><\/div><div class=\"w-separator size_medium\"><\/div><\/div><\/div><\/div><div class=\"w-tabs-section\" id=\"z932\"><button class=\"w-tabs-section-header\" aria-controls=\"content-z932\" aria-expanded=\"false\"><div class=\"w-tabs-section-title\">About Us<\/div><div class=\"w-tabs-section-control\"><\/div><\/button><div  class=\"w-tabs-section-content\" id=\"content-z932\"><div class=\"w-tabs-section-content-h i-cf\"><div class=\"wpb_text_column\"><div class=\"wpb_wrapper\"><p style=\"text-align: justify;\">We are a company with the mission of innovating and integrating technologies in order to offer products that add value to each of our clients. We also focus on being able to build their ideas into a functional product or service.<\/p>\n<p style=\"text-align: justify;\"><strong>What makes us different?<\/strong><\/p>\n<p style=\"text-align: justify;\">We aim for differentiation through consulting staff, you will not find consultants without experience. We will not only be consulting, but we will add to your business all the necessary advice so that your processes are always optimized and under the support tools.<\/p>\n<\/div><\/div><\/div><\/div><\/div><div class=\"w-tabs-section\" id=\"xb89\"><button class=\"w-tabs-section-header\" aria-controls=\"content-xb89\" aria-expanded=\"false\"><div class=\"w-tabs-section-title\">Misi\u00f3n<\/div><div class=\"w-tabs-section-control\"><\/div><\/button><div  class=\"w-tabs-section-content\" id=\"content-xb89\"><div class=\"w-tabs-section-content-h i-cf\"><div class=\"wpb_text_column\"><div class=\"wpb_wrapper\"><p style=\"text-align: justify;\">Ofrecer un servicio de calidad, generando productos adaptables en diversas industrias con el fin de optimizar recursos financieros y humanos<\/p>\n<\/div><\/div><\/div><\/div><\/div><div class=\"w-tabs-section\" id=\"tdd6\"><button class=\"w-tabs-section-header\" aria-controls=\"content-tdd6\" aria-expanded=\"false\"><div class=\"w-tabs-section-title\">Visi\u00f3n<\/div><div class=\"w-tabs-section-control\"><\/div><\/button><div  class=\"w-tabs-section-content\" id=\"content-tdd6\"><div class=\"w-tabs-section-content-h i-cf\"><div class=\"wpb_text_column\"><div class=\"wpb_wrapper\"><p style=\"text-align: justify;\">Innovaci\u00f3n constante y capacitaciones en las industrias TI \/ SAP para seguir entregando toda nuestra experiencia y conocimientos a nuestros clientes.<\/p>\n<\/div><\/div><\/div><\/div><\/div><div class=\"w-tabs-section valores-corporativos\" id=\"wba9\"><button class=\"w-tabs-section-header\" aria-controls=\"content-wba9\" aria-expanded=\"false\"><div class=\"w-tabs-section-title\">Valores corporativos<\/div><div class=\"w-tabs-section-control\"><\/div><\/button><div  class=\"w-tabs-section-content\" id=\"content-wba9\"><div class=\"w-tabs-section-content-h i-cf\"><div class=\"w-iconbox iconpos_top style_outlined color_primary align_center no_text\"><div class=\"w-iconbox-icon\" style=\"font-size:4rem;\"><i class=\"fas fa-trophy\"><\/i><\/div><div class=\"w-iconbox-meta\"><h4 class=\"w-iconbox-title\">Nos mueve la excelencia<\/h4><\/div><\/div><div class=\"w-iconbox iconpos_top style_outlined color_primary align_center no_text\"><div class=\"w-iconbox-icon\" style=\"font-size:4rem;\"><i class=\"fas fa-handshake\"><\/i><\/div><div class=\"w-iconbox-meta\"><h4 class=\"w-iconbox-title\">100% Comprometidos<\/h4><\/div><\/div><div class=\"w-iconbox iconpos_top style_outlined color_primary align_center no_text\"><div class=\"w-iconbox-icon\" style=\"font-size:4rem;\"><i class=\"fas fa-brain\"><\/i><\/div><div class=\"w-iconbox-meta\"><h4 class=\"w-iconbox-title\">Conocimiento<\/h4><\/div><\/div><div class=\"w-iconbox iconpos_top style_outlined color_primary align_center no_text\"><div class=\"w-iconbox-icon\" style=\"font-size:4rem;\"><i class=\"fas fa-search\"><\/i><\/div><div class=\"w-iconbox-meta\"><h4 class=\"w-iconbox-title\">Transparencia<\/h4><\/div><\/div><div class=\"w-iconbox iconpos_top style_outlined color_primary align_center no_text\"><div class=\"w-iconbox-icon\" style=\"font-size:4rem;\"><i class=\"fas fa-heart\"><\/i><\/div><div class=\"w-iconbox-meta\"><h4 class=\"w-iconbox-title\">El cliente es nuestro centro<\/h4><\/div><\/div><div class=\"w-iconbox iconpos_top style_outlined color_primary align_center no_text\"><div class=\"w-iconbox-icon\" style=\"font-size:4rem;\"><i class=\"fas fa-lightbulb\"><\/i><\/div><div class=\"w-iconbox-meta\"><h4 class=\"w-iconbox-title\">Lo pensamos, lo hacemos<\/h4><\/div><\/div><\/div><\/div><\/div><\/div><\/div><\/div><\/div><div class=\"wpb_column vc_column_container\"><div class=\"vc_column-inner\"><div class=\"w-image align_center\"><div class=\"w-image-h\"><img decoding=\"async\" width=\"334\" height=\"334\" data-src=\"https:\/\/soindus.com\/wp-content\/uploads\/2022\/11\/logo-2022-1.png\" class=\"attachment-full size-full lazyload\" alt=\"\" data-srcset=\"https:\/\/soindus.com\/wp-content\/uploads\/2022\/11\/logo-2022-1.png 334w, https:\/\/soindus.com\/wp-content\/uploads\/2022\/11\/logo-2022-1-300x300.png 300w, https:\/\/soindus.com\/wp-content\/uploads\/2022\/11\/logo-2022-1-150x150.png 150w\" data-sizes=\"auto, (max-width: 334px) 100vw, 334px\" src=\"data:image\/svg+xml;base64,PHN2ZyB3aWR0aD0iMSIgaGVpZ2h0PSIxIiB4bWxucz0iaHR0cDovL3d3dy53My5vcmcvMjAwMC9zdmciPjwvc3ZnPg==\" style=\"--smush-placeholder-width: 334px; --smush-placeholder-aspect-ratio: 334\/334;\" \/><\/div><\/div><\/div><\/div><\/div><\/div><\/section>\n","protected":false},"excerpt":{"rendered":"Quienes somosSomos una empresa con la misi\u00f3n de innovar e integrar tecnolog\u00edas en funci\u00f3n de ofrecer productos que agreguen valor a cada uno de nuestros clientes, nos enfocamos adem\u00e1s en poder construir sus ideas en un producto o servicio funcional. \u00bfQu\u00e9\u00a0nos diferencia? Apuntamos a la diferenciaci\u00f3n a trav\u00e9s del personal de consultor\u00eda, no encontraras consultores...","protected":false},"author":1,"featured_media":0,"parent":0,"menu_order":0,"comment_status":"closed","ping_status":"closed","template":"","meta":{"_acf_changed":false,"footnotes":""},"class_list":["post-8202","page","type-page","status-publish","hentry"],"acf":[],"_links":{"self":[{"href":"https:\/\/soindus.com\/index.php\/wp-json\/wp\/v2\/pages\/8202","targetHints":{"allow":["GET"]}}],"collection":[{"href":"https:\/\/soindus.com\/index.php\/wp-json\/wp\/v2\/pages"}],"about":[{"href":"https:\/\/soindus.com\/index.php\/wp-json\/wp\/v2\/types\/page"}],"author":[{"embeddable":true,"href":"https:\/\/soindus.com\/index.php\/wp-json\/wp\/v2\/users\/1"}],"replies":[{"embeddable":true,"href":"https:\/\/soindus.com\/index.php\/wp-json\/wp\/v2\/comments?post=8202"}],"version-history":[{"count":25,"href":"https:\/\/soindus.com\/index.php\/wp-json\/wp\/v2\/pages\/8202\/revisions"}],"predecessor-version":[{"id":9700,"href":"https:\/\/soindus.com\/index.php\/wp-json\/wp\/v2\/pages\/8202\/revisions\/9700"}],"wp:attachment":[{"href":"https:\/\/soindus.com\/index.php\/wp-json\/wp\/v2\/media?parent=8202"}],"curies":[{"name":"wp","href":"https:\/\/api.w.org\/{rel}","templated":true}]}}